{"id":125,"date":"2025-02-12T12:39:21","date_gmt":"2025-02-12T11:39:21","guid":{"rendered":"https:\/\/centre-sante-lagarrigue.fr\/?page_id=125"},"modified":"2025-03-20T09:12:46","modified_gmt":"2025-03-20T08:12:46","slug":"centre-de-sante-de-lagarrigue","status":"publish","type":"page","link":"https:\/\/centre-sante-lagarrigue.fr\/","title":{"rendered":"Centre de Sant\u00e9 de Lagarrigue"},"content":{"rendered":"\t\t<div data-elementor-type=\"wp-post\" data-elementor-id=\"125\" class=\"elementor elementor-125\">\n\t\t\t\t<div class=\"elementor-element elementor-element-470708c e-flex e-con-boxed e-con e-parent\" data-id=\"470708c\" data-element_type=\"container\">\n\t\t\t\t\t<div class=\"e-con-inner\">\n\t\t\t\t<div class=\"elementor-element elementor-element-1a51c6f elementor-widget elementor-widget-heading\" data-id=\"1a51c6f\" data-element_type=\"widget\" data-widget_type=\"heading.default\">\n\t\t\t\t<div class=\"elementor-widget-container\">\n\t\t\t\t\t<h2 class=\"elementor-heading-title elementor-size-default\">Une \u00e9quipe pluridisciplinaire \u00e0 votre service<\/h2>\t\t\t\t<\/div>\n\t\t\t\t<\/div>\n\t\t\t\t\t<\/div>\n\t\t\t\t<\/div>\n\t\t<div class=\"elementor-element elementor-element-fdb4eef e-flex e-con-boxed e-con e-parent\" data-id=\"fdb4eef\" data-element_type=\"container\">\n\t\t\t\t\t<div class=\"e-con-inner\">\n\t\t\t\t<div class=\"elementor-element elementor-element-2b75fe8 elementor-widget elementor-widget-text-editor\" data-id=\"2b75fe8\" data-element_type=\"widget\" data-widget_type=\"text-editor.default\">\n\t\t\t\t<div class=\"elementor-widget-container\">\n\t\t\t\t\t\t\t\t\t<p class=\"p1\" style=\"text-align: justify;\"><span class=\"s1\">Le <\/span><span class=\"s2\">Centre de Sant\u00e9 de <a href=\"https:\/\/www.facebook.com\/lagarrigue81\/?locale=fr_FR\" target=\"_blank\" rel=\"noopener\">Lagarrigue<\/a><\/span><span class=\"s1\">, fond\u00e9 en 2022, est un \u00e9tablissement de soins regroupant une <\/span><span class=\"s2\">\u00e9quipe de professionnels de sant\u00e9 qualifi\u00e9s<\/span><span class=\"s1\"> et engag\u00e9s dans une prise en charge compl\u00e8te et personnalis\u00e9e des patients. Situ\u00e9 au c\u0153ur de Lagarrigue, notre centre propose une <\/span><span class=\"s2\">offre de soins diversifi\u00e9e<\/span><span class=\"s1\">, accessible \u00e0 tous, dans un environnement accueillant et bienveillant.<\/span><\/p>\t\t\t\t\t\t\t\t<\/div>\n\t\t\t\t<\/div>\n\t\t\t\t\t<\/div>\n\t\t\t\t<\/div>\n\t\t<div class=\"elementor-element elementor-element-e901ba7 e-flex e-con-boxed e-con e-parent\" data-id=\"e901ba7\" data-element_type=\"container\">\n\t\t\t\t\t<div class=\"e-con-inner\">\n\t\t\t\t<div class=\"elementor-element elementor-element-091cd70 elementor-widget elementor-widget-image\" data-id=\"091cd70\" data-element_type=\"widget\" data-widget_type=\"image.default\">\n\t\t\t\t<div class=\"elementor-widget-container\">\n\t\t\t\t\t\t\t\t\t\t\t\t\t\t\t<img fetchpriority=\"high\" decoding=\"async\" width=\"768\" height=\"575\" src=\"https:\/\/centre-sante-lagarrigue.fr\/wp-content\/uploads\/2025\/02\/Capture-decran_3-2-2025_171644_media.doctolib.com_-1-768x575.jpeg\" class=\"attachment-medium_large size-medium_large wp-image-41\" alt=\"Centre de sant\u00e9 de Lagarrigue\" srcset=\"https:\/\/centre-sante-lagarrigue.fr\/wp-content\/uploads\/2025\/02\/Capture-decran_3-2-2025_171644_media.doctolib.com_-1-768x575.jpeg 768w, https:\/\/centre-sante-lagarrigue.fr\/wp-content\/uploads\/2025\/02\/Capture-decran_3-2-2025_171644_media.doctolib.com_-1-300x225.jpeg 300w, https:\/\/centre-sante-lagarrigue.fr\/wp-content\/uploads\/2025\/02\/Capture-decran_3-2-2025_171644_media.doctolib.com_-1.jpeg 934w\" sizes=\"(max-width: 768px) 100vw, 768px\" \/>\t\t\t\t\t\t\t\t\t\t\t\t\t\t\t<\/div>\n\t\t\t\t<\/div>\n\t\t\t\t\t<\/div>\n\t\t\t\t<\/div>\n\t\t<div class=\"elementor-element elementor-element-5e4075e e-flex e-con-boxed e-con e-parent\" data-id=\"5e4075e\" data-element_type=\"container\">\n\t\t\t\t\t<div class=\"e-con-inner\">\n\t\t\t\t<div class=\"elementor-element elementor-element-f99f889 elementor-widget elementor-widget-heading\" data-id=\"f99f889\" data-element_type=\"widget\" data-widget_type=\"heading.default\">\n\t\t\t\t<div class=\"elementor-widget-container\">\n\t\t\t\t\t<h2 class=\"elementor-heading-title elementor-size-default\">Des soins adapt\u00e9s \u00e0 tous vos besoins au centre de sant\u00e9 de Lagarrigue<\/h2>\t\t\t\t<\/div>\n\t\t\t\t<\/div>\n\t\t\t\t\t<\/div>\n\t\t\t\t<\/div>\n\t\t<div class=\"elementor-element elementor-element-a234fae e-flex e-con-boxed e-con e-parent\" data-id=\"a234fae\" data-element_type=\"container\">\n\t\t\t\t\t<div class=\"e-con-inner\">\n\t\t\t\t<div class=\"elementor-element elementor-element-3982785 elementor-widget elementor-widget-text-editor\" data-id=\"3982785\" data-element_type=\"widget\" data-widget_type=\"text-editor.default\">\n\t\t\t\t<div class=\"elementor-widget-container\">\n\t\t\t\t\t\t\t\t\t<p class=\"p1\" style=\"text-align: justify;\"><span class=\"s1\">Notre \u00e9quipe pluridisciplinaire est compos\u00e9e de plusieurs sp\u00e9cialistes de la sant\u00e9, permettant une prise en charge globale et coordonn\u00e9e. Parmi nos professionnels, vous trouverez :<\/span><\/p><p class=\"p2\" style=\"text-align: justify;\"><strong><span class=\"s1\"> \u2022 <\/span><a href=\"https:\/\/centre-sante-lagarrigue.fr\/index.php\/medecin-generaliste\/\"><span class=\"s2\">M\u00e9decins g\u00e9n\u00e9ralistes <\/span><\/a><\/strong><span class=\"s1\"><strong>:<\/strong>\u00a0consultations de suivi, soins courants, vaccinations et d\u00e9pistages.<\/span><\/p><p class=\"p2\" style=\"text-align: justify;\"><strong><span class=\"s1\"> \u2022 <\/span><a href=\"https:\/\/centre-sante-lagarrigue.fr\/index.php\/sage-femme\/\"><span class=\"s2\">Sages-femmes <\/span><\/a><\/strong><span class=\"s1\"><strong>:<\/strong>\u00a0accompagnement tout au long de la grossesse, du suivi postnatal et du bien-\u00eatre f\u00e9minin.<\/span><\/p><p class=\"p2\" style=\"text-align: justify;\"><strong><span class=\"s1\"> \u2022 <\/span><a href=\"https:\/\/centre-sante-lagarrigue.fr\/index.php\/orthophoniste\/\"><span class=\"s2\">Orthophonistes <\/span><\/a><\/strong><span class=\"s1\"><strong>:<\/strong> sp\u00e9cialis\u00e9s dans la r\u00e9\u00e9ducation du langage, des troubles de la parole et de la communication.<\/span><\/p><p class=\"p2\" style=\"text-align: justify;\"><strong><span class=\"s1\"> \u2022 <\/span><a href=\"https:\/\/centre-sante-lagarrigue.fr\/index.php\/osteopathe\/\"><span class=\"s2\">Ost\u00e9opathe <\/span><\/a><\/strong><span class=\"s1\"><a href=\"https:\/\/centre-sante-lagarrigue.fr\/index.php\/osteopathe\/\"><strong>:<\/strong><\/a> afin de soulager les douleurs musculaires, articulaires et am\u00e9liorer votre mobilit\u00e9.<\/span><\/p><p class=\"p2\" style=\"text-align: justify;\"><strong><span class=\"s1\"> \u2022 <\/span><a href=\"https:\/\/centre-sante-lagarrigue.fr\/index.php\/psychologue\/\"><span class=\"s2\">Psychologues <\/span><\/a><\/strong><span class=\"s1\"><strong>:<\/strong> pour un accompagnement en sant\u00e9 mentale et une prise en charge des troubles \u00e9motionnels.<\/span><\/p><p class=\"p2\" style=\"text-align: justify;\"><strong><span class=\"s1\"> \u2022 <\/span><a href=\"https:\/\/centre-sante-lagarrigue.fr\/index.php\/pedicure-podologue\/\"><span class=\"s2\">P\u00e9dicure-Podologue <\/span><\/a><\/strong><span class=\"s1\"><strong>:<\/strong>\u00a0soins des pieds, corrections posturales et traitements des affections podologiques.<\/span><\/p><p style=\"text-align: justify;\"><strong><span class=\"s1\">\u2022 <\/span><a href=\"https:\/\/centre-sante-lagarrigue.fr\/index.php\/masseur-kinesitherapeute\/\"><span class=\"s2\">Masseur-Kin\u00e9sith\u00e9rapeute <\/span><\/a><\/strong><span class=\"s1\"><strong>:<\/strong> soulage la douleur, restaure la mobilit\u00e9 et r\u00e9\u00e9duque apr\u00e8s blessures, op\u00e9rations ou pathologies gr\u00e2ce \u00e0 massages et exercices.<\/span><\/p><p style=\"text-align: justify;\"><strong><span class=\"s1\">\u2022 <\/span><a href=\"https:\/\/centre-sante-lagarrigue.fr\/index.php\/dieteticienne-nutritionniste\/\"><span class=\"s2\">Di\u00e9t\u00e9ticienne-nutritionniste <\/span><\/a><\/strong><span class=\"s1\"><strong>:<\/strong> Bilan nutritionnel, r\u00e9\u00e9quilibrage alimentaire, perte de poids, bien-\u00eatre et accompagnement personnalis\u00e9.<\/span><\/p><p><span class=\"s1\"><strong>\u2022 <a href=\"https:\/\/centre-sante-lagarrigue.fr\/index.php\/infirmiere-a-lagarrigue\/\"><span class=\"s2\">Infirmi\u00e8re <\/span><\/a>: <\/strong>soins \u00e0 domicile et en cabinet : pansements, injections, prise de sang. Rendez-vous rapide et prise en charge s\u00e9curis\u00e9e.<\/span><\/p><p class=\"p2\" style=\"text-align: justify;\"><span class=\"s1\">Gr\u00e2ce \u00e0 cette diversit\u00e9 de comp\u00e9tences, nous assurons une <\/span><span class=\"s2\">prise en charge compl\u00e8te<\/span><span class=\"s1\">, permettant d\u2019accompagner chaque patient selon ses besoins sp\u00e9cifiques.<\/span><\/p>\t\t\t\t\t\t\t\t<\/div>\n\t\t\t\t<\/div>\n\t\t\t\t\t<\/div>\n\t\t\t\t<\/div>\n\t\t<div class=\"elementor-element elementor-element-27fac27 e-flex e-con-boxed e-con e-parent\" data-id=\"27fac27\" data-element_type=\"container\">\n\t\t\t\t\t<div class=\"e-con-inner\">\n\t\t\t\t<div class=\"elementor-element elementor-element-a2047e5 elementor-widget elementor-widget-heading\" data-id=\"a2047e5\" data-element_type=\"widget\" data-widget_type=\"heading.default\">\n\t\t\t\t<div class=\"elementor-widget-container\">\n\t\t\t\t\t<h2 class=\"elementor-heading-title elementor-size-default\">Le centre de sant\u00e9 de Lagarrigue : moderne et accessible<\/h2>\t\t\t\t<\/div>\n\t\t\t\t<\/div>\n\t\t\t\t\t<\/div>\n\t\t\t\t<\/div>\n\t\t<div class=\"elementor-element elementor-element-b03176c e-flex e-con-boxed e-con e-parent\" data-id=\"b03176c\" data-element_type=\"container\">\n\t\t\t\t\t<div class=\"e-con-inner\">\n\t\t\t\t<div class=\"elementor-element elementor-element-5a78baf elementor-widget elementor-widget-text-editor\" data-id=\"5a78baf\" data-element_type=\"widget\" data-widget_type=\"text-editor.default\">\n\t\t\t\t<div class=\"elementor-widget-container\">\n\t\t\t\t\t\t\t\t\t<p class=\"p1\" style=\"text-align: justify;\"><span class=\"s1\">Le <\/span><strong><span class=\"s2\">Centre de Sant\u00e9 de Lagarrigue<\/span><\/strong><span class=\"s1\"> met un point d\u2019honneur \u00e0 proposer un <\/span><strong><span class=\"s2\">accueil de qualit\u00e9<\/span><\/strong><span class=\"s1\"> et des soins adapt\u00e9s \u00e0 chaque patient. Nous favorisons une <\/span><strong><span class=\"s2\">approche de proximit\u00e9<\/span><\/strong><span class=\"s1\">, o\u00f9 le suivi personnalis\u00e9 et l\u2019\u00e9coute sont au c\u0153ur de notre d\u00e9marche.<\/span><\/p><p class=\"p1\" style=\"text-align: justify;\"><span class=\"s1\">Nos locaux sont con\u00e7us pour offrir un <\/span><strong><span class=\"s2\">cadre agr\u00e9able et fonctionnel<\/span><\/strong><span class=\"s1\">, avec des \u00e9quipements modernes facilitant la prise en charge. Notre \u00e9quipe travaille en synergie afin d\u2019assurer un <\/span><strong><span class=\"s2\">suivi m\u00e9dical optimal<\/span><\/strong><span class=\"s1\">, en coordination avec d\u2019autres professionnels de sant\u00e9 si n\u00e9cessaire.<\/span><\/p><p class=\"p1\" style=\"text-align: justify;\"><strong><span class=\"s2\">Pourquoi choisir le Centre de Sant\u00e9 de Lagarrigue ?<\/span><\/strong><\/p><p class=\"p3\" style=\"text-align: justify;\"><span class=\"s1\"> \u2022 <\/span><strong><span class=\"s2\">Une \u00e9quipe pluridisciplinaire <\/span><\/strong><span class=\"s2\">pour<\/span><span class=\"s1\">\u00a0une prise en charge compl\u00e8te.<\/span><\/p><p class=\"p3\" style=\"text-align: justify;\"><span class=\"s1\"> \u2022 <\/span><span class=\"s2\">Un <strong>acc\u00e8s facilit\u00e9 <\/strong><\/span><span class=\"s1\"><strong>aux soins de sant\u00e9<\/strong>, avec des professionnels \u00e0 l\u2019\u00e9coute.<\/span><\/p><p class=\"p3\" style=\"text-align: justify;\"><span class=\"s1\"> \u2022 <\/span><span class=\"s2\">Un <strong>cadre bienveillant et rassurant<\/strong><\/span><span class=\"s1\">, favorisant la confiance patient-praticien.<\/span><\/p><p class=\"p3\" style=\"text-align: justify;\"><span class=\"s1\"> \u2022 <\/span><span class=\"s2\">Une<strong> approche pr\u00e9ventive et curative<\/strong><\/span><span class=\"s1\">, adapt\u00e9e \u00e0 tous les \u00e2ges.<\/span><\/p><p class=\"p3\" style=\"text-align: justify;\"><span class=\"s1\"> \u2022 <\/span><span class=\"s2\">Une <strong>proximit\u00e9 g\u00e9ographique<\/strong><\/span><span class=\"s1\">, id\u00e9ale pour les habitants de Lagarrigue et des environs.<\/span><\/p>\t\t\t\t\t\t\t\t<\/div>\n\t\t\t\t<\/div>\n\t\t\t\t\t<\/div>\n\t\t\t\t<\/div>\n\t\t<div class=\"elementor-element elementor-element-bcf05e5 e-flex e-con-boxed e-con e-parent\" data-id=\"bcf05e5\" data-element_type=\"container\">\n\t\t\t\t\t<div class=\"e-con-inner\">\n\t\t\t\t<div class=\"elementor-element elementor-element-d8701f1 elementor-widget elementor-widget-heading\" data-id=\"d8701f1\" data-element_type=\"widget\" data-widget_type=\"heading.default\">\n\t\t\t\t<div class=\"elementor-widget-container\">\n\t\t\t\t\t<h2 class=\"elementor-heading-title elementor-size-default\">Prendre rendez-vous d\u00e8s maintenant<\/h2>\t\t\t\t<\/div>\n\t\t\t\t<\/div>\n\t\t\t\t\t<\/div>\n\t\t\t\t<\/div>\n\t\t<div class=\"elementor-element elementor-element-01f64da e-flex e-con-boxed e-con e-parent\" data-id=\"01f64da\" data-element_type=\"container\">\n\t\t\t\t\t<div class=\"e-con-inner\">\n\t\t\t\t<div class=\"elementor-element elementor-element-ba7df3a elementor-widget elementor-widget-text-editor\" data-id=\"ba7df3a\" data-element_type=\"widget\" data-widget_type=\"text-editor.default\">\n\t\t\t\t<div class=\"elementor-widget-container\">\n\t\t\t\t\t\t\t\t\t<p class=\"p1\" style=\"text-align: justify;\"><span class=\"s2\">Vous recherchez un <\/span><span class=\"s1\"><strong>m\u00e9decin g\u00e9n\u00e9raliste<\/strong><\/span><span class=\"s2\">, un <strong>p\u00e9dicure-podologue<\/strong> \u00e0 Lagarrigue un <\/span><span class=\"s1\"><strong>ost\u00e9opathe<\/strong> pour soulager vos douleurs<\/span><span class=\"s2\">, ou un <\/span><span class=\"s1\"><strong>psychologue<\/strong> pour un accompagnement th\u00e9rapeutique<\/span><span class=\"s2\"> ? Notre \u00e9quipe est l\u00e0 pour vous.<\/span><\/p><p class=\"p1\" style=\"text-align: justify;\"><span class=\"s2\">Contactez-nous d\u00e8s aujourd\u2019hui pour prendre rendez-vous et b\u00e9n\u00e9ficier d\u2019une prise en charge adapt\u00e9e \u00e0 vos besoins de sant\u00e9.<\/span><\/p>\t\t\t\t\t\t\t\t<\/div>\n\t\t\t\t<\/div>\n\t\t\t\t\t<\/div>\n\t\t\t\t<\/div>\n\t\t\t\t<\/div>\n\t\t","protected":false},"excerpt":{"rendered":"<p>Une \u00e9quipe pluridisciplinaire \u00e0 votre service Le Centre de Sant\u00e9 de Lagarrigue, fond\u00e9 en 2022, est un \u00e9tablissement de soins regroupant une \u00e9quipe de professionnels de sant\u00e9 qualifi\u00e9s et engag\u00e9s dans une prise en charge compl\u00e8te et personnalis\u00e9e des patients. Situ\u00e9 au c\u0153ur de Lagarrigue, notre centre propose une offre de soins diversifi\u00e9e, accessible \u00e0 [&hellip;]<\/p>\n","protected":false},"author":1,"featured_media":0,"parent":0,"menu_order":0,"comment_status":"closed","ping_status":"closed","template":"","meta":{"footnotes":""},"class_list":["post-125","page","type-page","status-publish","hentry"],"yoast_head":"<!-- This site is optimized with the Yoast SEO plugin v24.4 - https:\/\/yoast.com\/wordpress\/plugins\/seo\/ -->\n<title>Centre de Sant\u00e9 de Lagarrigue - Centre de sant\u00e9 de Lagarrigue<\/title>\n<meta name=\"description\" content=\"Centre de sant\u00e9 de Lagarrigue : consultations m\u00e9dicales, soins infirmiers, kin\u00e9sith\u00e9rapie, pr\u00e9vention et bien-\u00eatre.\" \/>\n<meta name=\"robots\" content=\"index, follow, max-snippet:-1, max-image-preview:large, max-video-preview:-1\" \/>\n<link rel=\"canonical\" href=\"https:\/\/centre-sante-lagarrigue.fr\/\" \/>\n<meta property=\"og:locale\" content=\"fr_FR\" \/>\n<meta property=\"og:type\" content=\"article\" \/>\n<meta property=\"og:title\" content=\"Centre de Sant\u00e9 de Lagarrigue - Centre de sant\u00e9 de Lagarrigue\" \/>\n<meta property=\"og:description\" content=\"Centre de sant\u00e9 de Lagarrigue : consultations m\u00e9dicales, soins infirmiers, kin\u00e9sith\u00e9rapie, pr\u00e9vention et bien-\u00eatre.\" \/>\n<meta property=\"og:url\" content=\"https:\/\/centre-sante-lagarrigue.fr\/\" \/>\n<meta property=\"og:site_name\" content=\"Centre de sant\u00e9 de Lagarrigue\" \/>\n<meta property=\"article:modified_time\" content=\"2025-03-20T08:12:46+00:00\" \/>\n<meta property=\"og:image\" content=\"http:\/\/centre-sante-lagarrigue.fr\/wp-content\/uploads\/2025\/02\/Capture-decran_3-2-2025_171644_media.doctolib.com_-1-768x575.jpeg\" \/>\n<meta name=\"twitter:card\" content=\"summary_large_image\" \/>\n<meta name=\"twitter:label1\" content=\"Dur\u00e9e de lecture estim\u00e9e\" \/>\n\t<meta name=\"twitter:data1\" content=\"3 minutes\" \/>\n<script type=\"application\/ld+json\" class=\"yoast-schema-graph\">{\"@context\":\"https:\/\/schema.org\",\"@graph\":[{\"@type\":\"WebPage\",\"@id\":\"https:\/\/centre-sante-lagarrigue.fr\/\",\"url\":\"https:\/\/centre-sante-lagarrigue.fr\/\",\"name\":\"Centre de Sant\u00e9 de Lagarrigue - Centre de sant\u00e9 de Lagarrigue\",\"isPartOf\":{\"@id\":\"https:\/\/centre-sante-lagarrigue.fr\/#website\"},\"primaryImageOfPage\":{\"@id\":\"https:\/\/centre-sante-lagarrigue.fr\/#primaryimage\"},\"image\":{\"@id\":\"https:\/\/centre-sante-lagarrigue.fr\/#primaryimage\"},\"thumbnailUrl\":\"http:\/\/centre-sante-lagarrigue.fr\/wp-content\/uploads\/2025\/02\/Capture-decran_3-2-2025_171644_media.doctolib.com_-1-768x575.jpeg\",\"datePublished\":\"2025-02-12T11:39:21+00:00\",\"dateModified\":\"2025-03-20T08:12:46+00:00\",\"description\":\"Centre de sant\u00e9 de Lagarrigue : consultations m\u00e9dicales, soins infirmiers, kin\u00e9sith\u00e9rapie, pr\u00e9vention et bien-\u00eatre.\",\"breadcrumb\":{\"@id\":\"https:\/\/centre-sante-lagarrigue.fr\/#breadcrumb\"},\"inLanguage\":\"fr-FR\",\"potentialAction\":[{\"@type\":\"ReadAction\",\"target\":[\"https:\/\/centre-sante-lagarrigue.fr\/\"]}]},{\"@type\":\"ImageObject\",\"inLanguage\":\"fr-FR\",\"@id\":\"https:\/\/centre-sante-lagarrigue.fr\/#primaryimage\",\"url\":\"http:\/\/centre-sante-lagarrigue.fr\/wp-content\/uploads\/2025\/02\/Capture-decran_3-2-2025_171644_media.doctolib.com_-1-768x575.jpeg\",\"contentUrl\":\"http:\/\/centre-sante-lagarrigue.fr\/wp-content\/uploads\/2025\/02\/Capture-decran_3-2-2025_171644_media.doctolib.com_-1-768x575.jpeg\"},{\"@type\":\"BreadcrumbList\",\"@id\":\"https:\/\/centre-sante-lagarrigue.fr\/#breadcrumb\",\"itemListElement\":[{\"@type\":\"ListItem\",\"position\":1,\"name\":\"Accueil\",\"item\":\"https:\/\/centre-sante-lagarrigue.fr\/\"},{\"@type\":\"ListItem\",\"position\":2,\"name\":\"Centre de Sant\u00e9 de Lagarrigue\"}]},{\"@type\":\"WebSite\",\"@id\":\"https:\/\/centre-sante-lagarrigue.fr\/#website\",\"url\":\"https:\/\/centre-sante-lagarrigue.fr\/\",\"name\":\"Centre de sant\u00e9 de Lagarrigue\",\"description\":\"Tout savoir sur le centre de sant\u00e9 de Lagarrigue\",\"publisher\":{\"@id\":\"https:\/\/centre-sante-lagarrigue.fr\/#organization\"},\"potentialAction\":[{\"@type\":\"SearchAction\",\"target\":{\"@type\":\"EntryPoint\",\"urlTemplate\":\"https:\/\/centre-sante-lagarrigue.fr\/?s={search_term_string}\"},\"query-input\":{\"@type\":\"PropertyValueSpecification\",\"valueRequired\":true,\"valueName\":\"search_term_string\"}}],\"inLanguage\":\"fr-FR\"},{\"@type\":\"Organization\",\"@id\":\"https:\/\/centre-sante-lagarrigue.fr\/#organization\",\"name\":\"Centre de sant\u00e9 de Lagarrigue\",\"url\":\"https:\/\/centre-sante-lagarrigue.fr\/\",\"logo\":{\"@type\":\"ImageObject\",\"inLanguage\":\"fr-FR\",\"@id\":\"https:\/\/centre-sante-lagarrigue.fr\/#\/schema\/logo\/image\/\",\"url\":\"https:\/\/centre-sante-lagarrigue.fr\/wp-content\/uploads\/2025\/02\/LAGARRIGUE-1-3.png\",\"contentUrl\":\"https:\/\/centre-sante-lagarrigue.fr\/wp-content\/uploads\/2025\/02\/LAGARRIGUE-1-3.png\",\"width\":500,\"height\":500,\"caption\":\"Centre de sant\u00e9 de Lagarrigue\"},\"image\":{\"@id\":\"https:\/\/centre-sante-lagarrigue.fr\/#\/schema\/logo\/image\/\"}}]}<\/script>\n<!-- \/ Yoast SEO plugin. -->","yoast_head_json":{"title":"Centre de Sant\u00e9 de Lagarrigue - Centre de sant\u00e9 de Lagarrigue","description":"Centre de sant\u00e9 de Lagarrigue : consultations m\u00e9dicales, soins infirmiers, kin\u00e9sith\u00e9rapie, pr\u00e9vention et bien-\u00eatre.","robots":{"index":"index","follow":"follow","max-snippet":"max-snippet:-1","max-image-preview":"max-image-preview:large","max-video-preview":"max-video-preview:-1"},"canonical":"https:\/\/centre-sante-lagarrigue.fr\/","og_locale":"fr_FR","og_type":"article","og_title":"Centre de Sant\u00e9 de Lagarrigue - Centre de sant\u00e9 de Lagarrigue","og_description":"Centre de sant\u00e9 de Lagarrigue : consultations m\u00e9dicales, soins infirmiers, kin\u00e9sith\u00e9rapie, pr\u00e9vention et bien-\u00eatre.","og_url":"https:\/\/centre-sante-lagarrigue.fr\/","og_site_name":"Centre de sant\u00e9 de Lagarrigue","article_modified_time":"2025-03-20T08:12:46+00:00","og_image":[{"url":"http:\/\/centre-sante-lagarrigue.fr\/wp-content\/uploads\/2025\/02\/Capture-decran_3-2-2025_171644_media.doctolib.com_-1-768x575.jpeg","type":"","width":"","height":""}],"twitter_card":"summary_large_image","twitter_misc":{"Dur\u00e9e de lecture estim\u00e9e":"3 minutes"},"schema":{"@context":"https:\/\/schema.org","@graph":[{"@type":"WebPage","@id":"https:\/\/centre-sante-lagarrigue.fr\/","url":"https:\/\/centre-sante-lagarrigue.fr\/","name":"Centre de Sant\u00e9 de Lagarrigue - Centre de sant\u00e9 de Lagarrigue","isPartOf":{"@id":"https:\/\/centre-sante-lagarrigue.fr\/#website"},"primaryImageOfPage":{"@id":"https:\/\/centre-sante-lagarrigue.fr\/#primaryimage"},"image":{"@id":"https:\/\/centre-sante-lagarrigue.fr\/#primaryimage"},"thumbnailUrl":"http:\/\/centre-sante-lagarrigue.fr\/wp-content\/uploads\/2025\/02\/Capture-decran_3-2-2025_171644_media.doctolib.com_-1-768x575.jpeg","datePublished":"2025-02-12T11:39:21+00:00","dateModified":"2025-03-20T08:12:46+00:00","description":"Centre de sant\u00e9 de Lagarrigue : consultations m\u00e9dicales, soins infirmiers, kin\u00e9sith\u00e9rapie, pr\u00e9vention et bien-\u00eatre.","breadcrumb":{"@id":"https:\/\/centre-sante-lagarrigue.fr\/#breadcrumb"},"inLanguage":"fr-FR","potentialAction":[{"@type":"ReadAction","target":["https:\/\/centre-sante-lagarrigue.fr\/"]}]},{"@type":"ImageObject","inLanguage":"fr-FR","@id":"https:\/\/centre-sante-lagarrigue.fr\/#primaryimage","url":"http:\/\/centre-sante-lagarrigue.fr\/wp-content\/uploads\/2025\/02\/Capture-decran_3-2-2025_171644_media.doctolib.com_-1-768x575.jpeg","contentUrl":"http:\/\/centre-sante-lagarrigue.fr\/wp-content\/uploads\/2025\/02\/Capture-decran_3-2-2025_171644_media.doctolib.com_-1-768x575.jpeg"},{"@type":"BreadcrumbList","@id":"https:\/\/centre-sante-lagarrigue.fr\/#breadcrumb","itemListElement":[{"@type":"ListItem","position":1,"name":"Accueil","item":"https:\/\/centre-sante-lagarrigue.fr\/"},{"@type":"ListItem","position":2,"name":"Centre de Sant\u00e9 de Lagarrigue"}]},{"@type":"WebSite","@id":"https:\/\/centre-sante-lagarrigue.fr\/#website","url":"https:\/\/centre-sante-lagarrigue.fr\/","name":"Centre de sant\u00e9 de Lagarrigue","description":"Tout savoir sur le centre de sant\u00e9 de Lagarrigue","publisher":{"@id":"https:\/\/centre-sante-lagarrigue.fr\/#organization"},"potentialAction":[{"@type":"SearchAction","target":{"@type":"EntryPoint","urlTemplate":"https:\/\/centre-sante-lagarrigue.fr\/?s={search_term_string}"},"query-input":{"@type":"PropertyValueSpecification","valueRequired":true,"valueName":"search_term_string"}}],"inLanguage":"fr-FR"},{"@type":"Organization","@id":"https:\/\/centre-sante-lagarrigue.fr\/#organization","name":"Centre de sant\u00e9 de Lagarrigue","url":"https:\/\/centre-sante-lagarrigue.fr\/","logo":{"@type":"ImageObject","inLanguage":"fr-FR","@id":"https:\/\/centre-sante-lagarrigue.fr\/#\/schema\/logo\/image\/","url":"https:\/\/centre-sante-lagarrigue.fr\/wp-content\/uploads\/2025\/02\/LAGARRIGUE-1-3.png","contentUrl":"https:\/\/centre-sante-lagarrigue.fr\/wp-content\/uploads\/2025\/02\/LAGARRIGUE-1-3.png","width":500,"height":500,"caption":"Centre de sant\u00e9 de Lagarrigue"},"image":{"@id":"https:\/\/centre-sante-lagarrigue.fr\/#\/schema\/logo\/image\/"}}]}},"_links":{"self":[{"href":"https:\/\/centre-sante-lagarrigue.fr\/index.php\/wp-json\/wp\/v2\/pages\/125","targetHints":{"allow":["GET"]}}],"collection":[{"href":"https:\/\/centre-sante-lagarrigue.fr\/index.php\/wp-json\/wp\/v2\/pages"}],"about":[{"href":"https:\/\/centre-sante-lagarrigue.fr\/index.php\/wp-json\/wp\/v2\/types\/page"}],"author":[{"embeddable":true,"href":"https:\/\/centre-sante-lagarrigue.fr\/index.php\/wp-json\/wp\/v2\/users\/1"}],"replies":[{"embeddable":true,"href":"https:\/\/centre-sante-lagarrigue.fr\/index.php\/wp-json\/wp\/v2\/comments?post=125"}],"version-history":[{"count":76,"href":"https:\/\/centre-sante-lagarrigue.fr\/index.php\/wp-json\/wp\/v2\/pages\/125\/revisions"}],"predecessor-version":[{"id":589,"href":"https:\/\/centre-sante-lagarrigue.fr\/index.php\/wp-json\/wp\/v2\/pages\/125\/revisions\/589"}],"wp:attachment":[{"href":"https:\/\/centre-sante-lagarrigue.fr\/index.php\/wp-json\/wp\/v2\/media?parent=125"}],"curies":[{"name":"wp","href":"https:\/\/api.w.org\/{rel}","templated":true}]}}