{"id":178,"date":"2025-02-13T23:14:00","date_gmt":"2025-02-13T22:14:00","guid":{"rendered":"https:\/\/centre-sante-lagarrigue.fr\/?page_id=178"},"modified":"2025-02-13T23:19:23","modified_gmt":"2025-02-13T22:19:23","slug":"politique-de-confidentialite","status":"publish","type":"page","link":"https:\/\/centre-sante-lagarrigue.fr\/index.php\/politique-de-confidentialite\/","title":{"rendered":"Politique de confidentialit\u00e9"},"content":{"rendered":"\t\t<div data-elementor-type=\"wp-page\" data-elementor-id=\"178\" class=\"elementor elementor-178\">\n\t\t\t\t<div class=\"elementor-element elementor-element-adcb6ea e-flex e-con-boxed e-con e-parent\" data-id=\"adcb6ea\" data-element_type=\"container\">\n\t\t\t\t\t<div class=\"e-con-inner\">\n\t\t\t\t<div class=\"elementor-element elementor-element-7a84772 elementor-widget elementor-widget-text-editor\" data-id=\"7a84772\" data-element_type=\"widget\" data-widget_type=\"text-editor.default\">\n\t\t\t\t<div class=\"elementor-widget-container\">\n\t\t\t\t\t\t\t\t\t<p class=\"p1\" style=\"text-align: justify;\"><span style=\"font-family: var( --e-global-typography-text-font-family ), Sans-serif; text-align: var(--text-align); font-size: var(--wp--preset--font-size--medium);\">Derni\u00e8re mise \u00e0 jour : 13\/02\/2025\u00a0<\/span><\/p>\n<p class=\"p1\" style=\"text-align: justify;\"><span class=\"s1\">1. Introduction<\/span><\/p>\n<p class=\"p1\" style=\"text-align: justify;\"><span class=\"s2\">Le centre de sant\u00e9 de Lagarrigue (ci-apr\u00e8s \u201cnous\u201d, \u201cnotre\u201d ou \u201cle Centre\u201d) accorde une grande importance \u00e0 la protection des donn\u00e9es personnelles de ses patients et visiteurs. Cette politique de confidentialit\u00e9 vise \u00e0 informer les utilisateurs de notre site web www.centre-sant\u00e9-lagarrigue.fr sur la collecte, l\u2019utilisation et la protection de leurs donn\u00e9es personnelles conform\u00e9ment aux r\u00e9glementations en vigueur, notamment le <\/span><span class=\"s1\">R\u00e8glement G\u00e9n\u00e9ral sur la Protection des Donn\u00e9es (RGPD)<\/span><span class=\"s2\">.<\/span><\/p>\n<p class=\"p1\" style=\"text-align: justify;\"><span class=\"s1\">2. Donn\u00e9es collect\u00e9es<\/span><\/p>\n<p class=\"p1\" style=\"text-align: justify;\"><span class=\"s2\">Nous collectons les types de donn\u00e9es suivants :<\/span><\/p>\n<p class=\"p3\" style=\"text-align: justify;\"><span class=\"s2\"> \u2022 <\/span><span class=\"s1\">Donn\u00e9es d\u2019identification<\/span><span class=\"s2\">: Nom, pr\u00e9nom, adresse e-mail, num\u00e9ro de t\u00e9l\u00e9phone, etc.<\/span><\/p>\n<p class=\"p3\" style=\"text-align: justify;\"><span class=\"s2\"> \u2022 <\/span><span class=\"s1\">Donn\u00e9es de connexion<\/span><span class=\"s2\">: Adresse IP, cookies, logs de connexion, etc.<\/span><\/p>\n<p class=\"p1\" style=\"text-align: justify;\"><span class=\"s1\">3. Finalit\u00e9s du traitement<\/span><\/p>\n<p class=\"p1\" style=\"text-align: justify;\"><span class=\"s2\">Vos donn\u00e9es sont collect\u00e9es pour les finalit\u00e9s suivantes :<\/span><\/p>\n<p class=\"p3\" style=\"text-align: justify;\"><span class=\"s2\"> \u2022 Gestion des prises de rendez-vous<\/span><\/p>\n<p class=\"p3\" style=\"text-align: justify;\"><span class=\"s2\"> \u2022 Communication avec les patients<\/span><\/p>\n<p class=\"p3\" style=\"text-align: justify;\"><span class=\"s2\"> \u2022 Am\u00e9lioration de nos services et de l\u2019exp\u00e9rience utilisateur<\/span><\/p>\n<p class=\"p3\" style=\"text-align: justify;\"><span class=\"s2\"> \u2022 S\u00e9curit\u00e9 du site web<\/span><\/p>\n<p class=\"p1\" style=\"text-align: justify;\"><span class=\"s1\">4. Partage des donn\u00e9es<\/span><\/p>\n<p class=\"p1\" style=\"text-align: justify;\"><span class=\"s2\">Nous ne partageons vos donn\u00e9es qu\u2019avec :<\/span><\/p>\n<p class=\"p3\" style=\"text-align: justify;\"><span class=\"s2\"> \u2022 Les professionnels de sant\u00e9 du Centre dans le cadre de votre suivi m\u00e9dical<\/span><\/p>\n<p class=\"p3\" style=\"text-align: justify;\"><span class=\"s2\"> \u2022 Nos prestataires techniques pour l\u2019h\u00e9bergement et la maintenance du site<\/span><\/p>\n<p class=\"p3\" style=\"text-align: justify;\"><span class=\"s2\"> \u2022 Les autorit\u00e9s comp\u00e9tentes si la loi l\u2019exige<\/span><\/p>\n<p class=\"p1\" style=\"text-align: justify;\"><span class=\"s1\">5. S\u00e9curit\u00e9 des donn\u00e9es<\/span><\/p>\n<p class=\"p1\" style=\"text-align: justify;\"><span class=\"s2\">Nous mettons en place des mesures de s\u00e9curit\u00e9 adapt\u00e9es pour prot\u00e9ger vos donn\u00e9es contre toute perte, acc\u00e8s non autoris\u00e9 ou divulgation.<\/span><\/p>\n<p class=\"p1\" style=\"text-align: justify;\"><span class=\"s1\">6. Vos droits<\/span><\/p>\n<p class=\"p1\" style=\"text-align: justify;\"><span class=\"s2\">Vous disposez des droits suivants sur vos donn\u00e9es personnelles :<\/span><\/p>\n<p class=\"p3\" style=\"text-align: justify;\"><span class=\"s2\"> \u2022 <\/span><span class=\"s1\">Droit d\u2019acc\u00e8s<\/span><span class=\"s2\">: Vous pouvez demander une copie de vos donn\u00e9es.<\/span><\/p>\n<p class=\"p3\" style=\"text-align: justify;\"><span class=\"s2\"> \u2022 <\/span><span class=\"s1\">Droit de rectification<\/span><span class=\"s2\">: Vous pouvez corriger des informations inexactes.<\/span><\/p>\n<p class=\"p3\" style=\"text-align: justify;\"><span class=\"s2\"> \u2022 <\/span><span class=\"s1\">Droit \u00e0 l\u2019effacement<\/span><span class=\"s2\">: Vous pouvez demander la suppression de vos donn\u00e9es dans certaines conditions.<\/span><\/p>\n<p class=\"p3\" style=\"text-align: justify;\"><span class=\"s2\"> \u2022 <\/span><span class=\"s1\">Droit d\u2019opposition et de limitation<\/span><span class=\"s2\">: Vous pouvez vous opposer \u00e0 certains traitements de vos donn\u00e9es.<\/span><\/p>\n<p class=\"p3\" style=\"text-align: justify;\"><span class=\"s2\"> \u2022 <\/span><span class=\"s1\">Droit \u00e0 la portabilit\u00e9<\/span><span class=\"s2\">: Vous pouvez demander \u00e0 r\u00e9cup\u00e9rer vos donn\u00e9es dans un format structur\u00e9.<\/span><\/p>\n<p class=\"p3\" style=\"text-align: justify;\"><span class=\"s2\">Pour exercer ces droits, contactez-nous \u00e0 contact@centre-sante-lagarrigue.fr<\/span><span class=\"s2\">.<\/span><\/p>\n<p class=\"p1\" style=\"text-align: justify;\"><span class=\"s1\">7. Cookies et suivi<\/span><\/p>\n<p class=\"p1\" style=\"text-align: justify;\"><span class=\"s2\">Nous utilisons des cookies pour am\u00e9liorer votre exp\u00e9rience sur notre site. Vous pouvez g\u00e9rer vos pr\u00e9f\u00e9rences via notre gestionnaire de cookies.<\/span><\/p>\n<p class=\"p1\" style=\"text-align: justify;\"><span class=\"s1\">8. Modifications de la politique<\/span><\/p>\n<p class=\"p1\" style=\"text-align: justify;\"><span class=\"s2\">Nous nous r\u00e9servons le droit de modifier cette politique de confidentialit\u00e9 \u00e0 tout moment. Toute mise \u00e0 jour sera publi\u00e9e sur cette page avec une nouvelle date de mise \u00e0 jour.<\/span><\/p>\n<p class=\"p1\" style=\"text-align: justify;\"><span class=\"s1\">9. Contact<\/span><\/p>\n<p class=\"p1\" style=\"text-align: justify;\"><span class=\"s2\">Pour toute question relative \u00e0 cette politique, vous pouvez nous contacter \u00e0 :<\/span><\/p>\n<p class=\"p1\" style=\"text-align: justify;\">Centre de sant\u00e9 de Lagarrigue<\/p>\n<p class=\"p1\" style=\"text-align: justify;\"><span class=\"s1\">5 Bis Avenue de Castres 81090 LAGARRIGUE<\/span><\/p>\n<p class=\"p1\" style=\"text-align: justify;\"><span class=\"s1\">Contact@centre-sante-lagarrigue.fr<\/span><\/p>\t\t\t\t\t\t\t\t<\/div>\n\t\t\t\t<\/div>\n\t\t\t\t\t<\/div>\n\t\t\t\t<\/div>\n\t\t\t\t<\/div>\n\t\t","protected":false},"excerpt":{"rendered":"<p>Derni\u00e8re mise \u00e0 jour : 13\/02\/2025\u00a0 1. Introduction Le centre de sant\u00e9 de Lagarrigue (ci-apr\u00e8s \u201cnous\u201d, \u201cnotre\u201d ou \u201cle Centre\u201d) accorde une grande importance \u00e0 la protection des donn\u00e9es personnelles de ses patients et visiteurs. Cette politique de confidentialit\u00e9 vise \u00e0 informer les utilisateurs de notre site web www.centre-sant\u00e9-lagarrigue.fr sur la collecte, l\u2019utilisation et la [&hellip;]<\/p>\n","protected":false},"author":1,"featured_media":0,"parent":0,"menu_order":0,"comment_status":"closed","ping_status":"closed","template":"","meta":{"footnotes":""},"class_list":["post-178","page","type-page","status-publish","hentry"],"yoast_head":"<!-- This site is optimized with the Yoast SEO plugin v24.4 - https:\/\/yoast.com\/wordpress\/plugins\/seo\/ -->\n<title>Politique de confidentialit\u00e9 - Centre de sant\u00e9 de Lagarrigue<\/title>\n<meta name=\"robots\" content=\"index, follow, max-snippet:-1, max-image-preview:large, max-video-preview:-1\" \/>\n<link rel=\"canonical\" href=\"https:\/\/centre-sante-lagarrigue.fr\/index.php\/politique-de-confidentialite\/\" \/>\n<meta property=\"og:locale\" content=\"fr_FR\" \/>\n<meta property=\"og:type\" content=\"article\" \/>\n<meta property=\"og:title\" content=\"Politique de confidentialit\u00e9 - Centre de sant\u00e9 de Lagarrigue\" \/>\n<meta property=\"og:description\" content=\"Derni\u00e8re mise \u00e0 jour : 13\/02\/2025\u00a0 1. Introduction Le centre de sant\u00e9 de Lagarrigue (ci-apr\u00e8s \u201cnous\u201d, \u201cnotre\u201d ou \u201cle Centre\u201d) accorde une grande importance \u00e0 la protection des donn\u00e9es personnelles de ses patients et visiteurs. Cette politique de confidentialit\u00e9 vise \u00e0 informer les utilisateurs de notre site web www.centre-sant\u00e9-lagarrigue.fr sur la collecte, l\u2019utilisation et la [&hellip;]\" \/>\n<meta property=\"og:url\" content=\"https:\/\/centre-sante-lagarrigue.fr\/index.php\/politique-de-confidentialite\/\" \/>\n<meta property=\"og:site_name\" content=\"Centre de sant\u00e9 de Lagarrigue\" \/>\n<meta property=\"article:modified_time\" content=\"2025-02-13T22:19:23+00:00\" \/>\n<meta name=\"twitter:card\" content=\"summary_large_image\" \/>\n<meta name=\"twitter:label1\" content=\"Dur\u00e9e de lecture estim\u00e9e\" \/>\n\t<meta name=\"twitter:data1\" content=\"2 minutes\" \/>\n<script type=\"application\/ld+json\" class=\"yoast-schema-graph\">{\"@context\":\"https:\/\/schema.org\",\"@graph\":[{\"@type\":\"WebPage\",\"@id\":\"https:\/\/centre-sante-lagarrigue.fr\/index.php\/politique-de-confidentialite\/\",\"url\":\"https:\/\/centre-sante-lagarrigue.fr\/index.php\/politique-de-confidentialite\/\",\"name\":\"Politique de confidentialit\u00e9 - Centre de sant\u00e9 de Lagarrigue\",\"isPartOf\":{\"@id\":\"https:\/\/centre-sante-lagarrigue.fr\/#website\"},\"datePublished\":\"2025-02-13T22:14:00+00:00\",\"dateModified\":\"2025-02-13T22:19:23+00:00\",\"breadcrumb\":{\"@id\":\"https:\/\/centre-sante-lagarrigue.fr\/index.php\/politique-de-confidentialite\/#breadcrumb\"},\"inLanguage\":\"fr-FR\",\"potentialAction\":[{\"@type\":\"ReadAction\",\"target\":[\"https:\/\/centre-sante-lagarrigue.fr\/index.php\/politique-de-confidentialite\/\"]}]},{\"@type\":\"BreadcrumbList\",\"@id\":\"https:\/\/centre-sante-lagarrigue.fr\/index.php\/politique-de-confidentialite\/#breadcrumb\",\"itemListElement\":[{\"@type\":\"ListItem\",\"position\":1,\"name\":\"Accueil\",\"item\":\"https:\/\/centre-sante-lagarrigue.fr\/\"},{\"@type\":\"ListItem\",\"position\":2,\"name\":\"Politique de confidentialit\u00e9\"}]},{\"@type\":\"WebSite\",\"@id\":\"https:\/\/centre-sante-lagarrigue.fr\/#website\",\"url\":\"https:\/\/centre-sante-lagarrigue.fr\/\",\"name\":\"Centre de sant\u00e9 de Lagarrigue\",\"description\":\"Tout savoir sur le centre de sant\u00e9 de Lagarrigue\",\"publisher\":{\"@id\":\"https:\/\/centre-sante-lagarrigue.fr\/#organization\"},\"potentialAction\":[{\"@type\":\"SearchAction\",\"target\":{\"@type\":\"EntryPoint\",\"urlTemplate\":\"https:\/\/centre-sante-lagarrigue.fr\/?s={search_term_string}\"},\"query-input\":{\"@type\":\"PropertyValueSpecification\",\"valueRequired\":true,\"valueName\":\"search_term_string\"}}],\"inLanguage\":\"fr-FR\"},{\"@type\":\"Organization\",\"@id\":\"https:\/\/centre-sante-lagarrigue.fr\/#organization\",\"name\":\"Centre de sant\u00e9 de Lagarrigue\",\"url\":\"https:\/\/centre-sante-lagarrigue.fr\/\",\"logo\":{\"@type\":\"ImageObject\",\"inLanguage\":\"fr-FR\",\"@id\":\"https:\/\/centre-sante-lagarrigue.fr\/#\/schema\/logo\/image\/\",\"url\":\"https:\/\/centre-sante-lagarrigue.fr\/wp-content\/uploads\/2025\/02\/LAGARRIGUE-1-3.png\",\"contentUrl\":\"https:\/\/centre-sante-lagarrigue.fr\/wp-content\/uploads\/2025\/02\/LAGARRIGUE-1-3.png\",\"width\":500,\"height\":500,\"caption\":\"Centre de sant\u00e9 de Lagarrigue\"},\"image\":{\"@id\":\"https:\/\/centre-sante-lagarrigue.fr\/#\/schema\/logo\/image\/\"}}]}<\/script>\n<!-- \/ Yoast SEO plugin. -->","yoast_head_json":{"title":"Politique de confidentialit\u00e9 - Centre de sant\u00e9 de Lagarrigue","robots":{"index":"index","follow":"follow","max-snippet":"max-snippet:-1","max-image-preview":"max-image-preview:large","max-video-preview":"max-video-preview:-1"},"canonical":"https:\/\/centre-sante-lagarrigue.fr\/index.php\/politique-de-confidentialite\/","og_locale":"fr_FR","og_type":"article","og_title":"Politique de confidentialit\u00e9 - Centre de sant\u00e9 de Lagarrigue","og_description":"Derni\u00e8re mise \u00e0 jour : 13\/02\/2025\u00a0 1. Introduction Le centre de sant\u00e9 de Lagarrigue (ci-apr\u00e8s \u201cnous\u201d, \u201cnotre\u201d ou \u201cle Centre\u201d) accorde une grande importance \u00e0 la protection des donn\u00e9es personnelles de ses patients et visiteurs. Cette politique de confidentialit\u00e9 vise \u00e0 informer les utilisateurs de notre site web www.centre-sant\u00e9-lagarrigue.fr sur la collecte, l\u2019utilisation et la [&hellip;]","og_url":"https:\/\/centre-sante-lagarrigue.fr\/index.php\/politique-de-confidentialite\/","og_site_name":"Centre de sant\u00e9 de Lagarrigue","article_modified_time":"2025-02-13T22:19:23+00:00","twitter_card":"summary_large_image","twitter_misc":{"Dur\u00e9e de lecture estim\u00e9e":"2 minutes"},"schema":{"@context":"https:\/\/schema.org","@graph":[{"@type":"WebPage","@id":"https:\/\/centre-sante-lagarrigue.fr\/index.php\/politique-de-confidentialite\/","url":"https:\/\/centre-sante-lagarrigue.fr\/index.php\/politique-de-confidentialite\/","name":"Politique de confidentialit\u00e9 - Centre de sant\u00e9 de Lagarrigue","isPartOf":{"@id":"https:\/\/centre-sante-lagarrigue.fr\/#website"},"datePublished":"2025-02-13T22:14:00+00:00","dateModified":"2025-02-13T22:19:23+00:00","breadcrumb":{"@id":"https:\/\/centre-sante-lagarrigue.fr\/index.php\/politique-de-confidentialite\/#breadcrumb"},"inLanguage":"fr-FR","potentialAction":[{"@type":"ReadAction","target":["https:\/\/centre-sante-lagarrigue.fr\/index.php\/politique-de-confidentialite\/"]}]},{"@type":"BreadcrumbList","@id":"https:\/\/centre-sante-lagarrigue.fr\/index.php\/politique-de-confidentialite\/#breadcrumb","itemListElement":[{"@type":"ListItem","position":1,"name":"Accueil","item":"https:\/\/centre-sante-lagarrigue.fr\/"},{"@type":"ListItem","position":2,"name":"Politique de confidentialit\u00e9"}]},{"@type":"WebSite","@id":"https:\/\/centre-sante-lagarrigue.fr\/#website","url":"https:\/\/centre-sante-lagarrigue.fr\/","name":"Centre de sant\u00e9 de Lagarrigue","description":"Tout savoir sur le centre de sant\u00e9 de Lagarrigue","publisher":{"@id":"https:\/\/centre-sante-lagarrigue.fr\/#organization"},"potentialAction":[{"@type":"SearchAction","target":{"@type":"EntryPoint","urlTemplate":"https:\/\/centre-sante-lagarrigue.fr\/?s={search_term_string}"},"query-input":{"@type":"PropertyValueSpecification","valueRequired":true,"valueName":"search_term_string"}}],"inLanguage":"fr-FR"},{"@type":"Organization","@id":"https:\/\/centre-sante-lagarrigue.fr\/#organization","name":"Centre de sant\u00e9 de Lagarrigue","url":"https:\/\/centre-sante-lagarrigue.fr\/","logo":{"@type":"ImageObject","inLanguage":"fr-FR","@id":"https:\/\/centre-sante-lagarrigue.fr\/#\/schema\/logo\/image\/","url":"https:\/\/centre-sante-lagarrigue.fr\/wp-content\/uploads\/2025\/02\/LAGARRIGUE-1-3.png","contentUrl":"https:\/\/centre-sante-lagarrigue.fr\/wp-content\/uploads\/2025\/02\/LAGARRIGUE-1-3.png","width":500,"height":500,"caption":"Centre de sant\u00e9 de Lagarrigue"},"image":{"@id":"https:\/\/centre-sante-lagarrigue.fr\/#\/schema\/logo\/image\/"}}]}},"_links":{"self":[{"href":"https:\/\/centre-sante-lagarrigue.fr\/index.php\/wp-json\/wp\/v2\/pages\/178","targetHints":{"allow":["GET"]}}],"collection":[{"href":"https:\/\/centre-sante-lagarrigue.fr\/index.php\/wp-json\/wp\/v2\/pages"}],"about":[{"href":"https:\/\/centre-sante-lagarrigue.fr\/index.php\/wp-json\/wp\/v2\/types\/page"}],"author":[{"embeddable":true,"href":"https:\/\/centre-sante-lagarrigue.fr\/index.php\/wp-json\/wp\/v2\/users\/1"}],"replies":[{"embeddable":true,"href":"https:\/\/centre-sante-lagarrigue.fr\/index.php\/wp-json\/wp\/v2\/comments?post=178"}],"version-history":[{"count":4,"href":"https:\/\/centre-sante-lagarrigue.fr\/index.php\/wp-json\/wp\/v2\/pages\/178\/revisions"}],"predecessor-version":[{"id":182,"href":"https:\/\/centre-sante-lagarrigue.fr\/index.php\/wp-json\/wp\/v2\/pages\/178\/revisions\/182"}],"wp:attachment":[{"href":"https:\/\/centre-sante-lagarrigue.fr\/index.php\/wp-json\/wp\/v2\/media?parent=178"}],"curies":[{"name":"wp","href":"https:\/\/api.w.org\/{rel}","templated":true}]}}