{"id":186,"date":"2025-02-13T23:21:02","date_gmt":"2025-02-13T22:21:02","guid":{"rendered":"https:\/\/centre-sante-lagarrigue.fr\/?page_id=186"},"modified":"2025-03-01T14:40:58","modified_gmt":"2025-03-01T13:40:58","slug":"conditions-generales","status":"publish","type":"page","link":"https:\/\/centre-sante-lagarrigue.fr\/index.php\/conditions-generales\/","title":{"rendered":"Mentions l\u00e9gales"},"content":{"rendered":"\t\t<div data-elementor-type=\"wp-page\" data-elementor-id=\"186\" class=\"elementor elementor-186\">\n\t\t\t\t<div class=\"elementor-element elementor-element-6061cbd e-flex e-con-boxed e-con e-parent\" data-id=\"6061cbd\" data-element_type=\"container\">\n\t\t\t\t\t<div class=\"e-con-inner\">\n\t\t\t\t<div class=\"elementor-element elementor-element-ac3eff8 elementor-widget elementor-widget-text-editor\" data-id=\"ac3eff8\" data-element_type=\"widget\" data-widget_type=\"text-editor.default\">\n\t\t\t\t<div class=\"elementor-widget-container\">\n\t\t\t\t\t\t\t\t\t<p class=\"p1\"><span class=\"s1\">Mentions l\u00e9gales<\/span><\/p><p class=\"p1\"><span class=\"s1\">1. \u00c9diteur du site<\/span><\/p><p class=\"p1\"><span class=\"s2\">Le site <\/span><span class=\"s1\">Centre de sant\u00e9 de Lagarrigue<\/span><span class=\"s2\"> est \u00e9dit\u00e9 par :<\/span><\/p><p class=\"p1\"><span class=\"s1\">Nom de l\u2019entreprise ou du professionnel<\/span><span class=\"s2\"> : SCI Centre de sant\u00e9 de Lagarrigue<\/span><\/p><p class=\"p1\"><span class=\"s1\">Statut juridique<\/span><span class=\"s2\"> : SCI<\/span><\/p><p class=\"p1\"><span class=\"s1\">Si\u00e8ge social<\/span><span class=\"s2\"> : 5 BIS AVENUE DE CASTRES 81090 LAGARRIGUE<\/span><\/p><p class=\"p1\"><span class=\"s1\">Num\u00e9ro SIRET<\/span><span class=\"s2\"> : [Num\u00e9ro SIRET]<\/span><\/p><p class=\"p1\"><span class=\"s1\">E-mail<\/span><span class=\"s2\"> : contact@centre-sante-lagarrigue.fr <\/span><\/p><p class=\"p1\"><span class=\"s1\">Directeur de la publication<\/span><span class=\"s2\"> : Monsieur Mickael VINCENT<\/span><\/p><p class=\"p1\"><span class=\"s1\">2. H\u00e9bergement du site<\/span><\/p><p class=\"p1\"><span class=\"s2\">Le site est h\u00e9berg\u00e9 par :<\/span><\/p><p class=\"p1\"><span class=\"s1\">Nom de l\u2019h\u00e9bergeur<\/span><span class=\"s2\"> : OVH CLOUD<\/span><\/p><p class=\"p1\"><span class=\"s1\">Adresse<\/span><span class=\"s2\"> : 2, rue Kellermann, 59100 Roubaix.<\/span><\/p><p class=\"p1\"><span class=\"s1\">Site web<\/span><span class=\"s2\"> : <a href=\"https:\/\/www.ovhcloud.com\/fr\/\">https:\/\/www.ovhcloud.com\/fr\/<\/a><\/span><\/p><p class=\"p1\"><span class=\"s1\">3. Propri\u00e9t\u00e9 intellectuelle<\/span><\/p><p class=\"p1\"><span class=\"s2\">L\u2019ensemble du contenu du site <\/span><span class=\"s1\">Centre de sant\u00e9 de Lagarrigue<\/span><span class=\"s2\"> (textes, images, logos, vid\u00e9os, graphismes, ic\u00f4nes, etc.) est prot\u00e9g\u00e9 par les lois en vigueur sur la <\/span><span class=\"s1\">propri\u00e9t\u00e9 intellectuelle<\/span><span class=\"s2\"> et reste la propri\u00e9t\u00e9 exclusive de l\u2019\u00e9diteur du site, sauf mention contraire.<\/span><\/p><p class=\"p1\"><span class=\"s2\">Toute reproduction, distribution ou utilisation des \u00e9l\u00e9ments du site sans autorisation pr\u00e9alable \u00e9crite est strictement interdite et pourra faire l\u2019objet de poursuites.<\/span><\/p><p class=\"p1\"><span class=\"s1\">4. Protection des donn\u00e9es personnelles<\/span><\/p><p class=\"p1\"><span class=\"s2\">Conform\u00e9ment au <\/span><span class=\"s1\">R\u00e8glement G\u00e9n\u00e9ral sur la Protection des Donn\u00e9es (RGPD)<\/span><span class=\"s2\"> et \u00e0 la <\/span><span class=\"s1\">loi Informatique et Libert\u00e9s<\/span><span class=\"s2\">, les donn\u00e9es personnelles collect\u00e9es sur ce site sont utilis\u00e9es uniquement dans le cadre des services propos\u00e9s.<\/span><\/p><p class=\"p1\"><span class=\"s2\">Vous disposez d\u2019un droit d\u2019acc\u00e8s, de rectification et de suppression de vos donn\u00e9es personnelles. Pour exercer ces droits, contactez-nous \u00e0 l\u2019adresse e-mail suivante : contact@centre-sante-lagarrigue.fr .<\/span><\/p><p class=\"p1\"><span class=\"s1\">5. Cookies<\/span><\/p><p class=\"p1\"><span class=\"s2\">Le site <\/span><span class=\"s1\">Centre de sant\u00e9 de Lagarrigue<\/span><span class=\"s2\"> utilise des cookies afin d\u2019am\u00e9liorer l\u2019exp\u00e9rience utilisateur et d\u2019analyser l\u2019audience. Vous pouvez g\u00e9rer vos pr\u00e9f\u00e9rences en mati\u00e8re de cookies via les param\u00e8tres de votre navigateur.<\/span><\/p><p class=\"p1\"><span class=\"s1\">6. Responsabilit\u00e9<\/span><\/p><p class=\"p1\"><span class=\"s2\">L\u2019\u00e9diteur du site s\u2019efforce de fournir des informations exactes et mises \u00e0 jour. Toutefois, il ne peut \u00eatre tenu responsable d\u2019\u00e9ventuelles erreurs, omissions ou indisponibilit\u00e9s du site.<\/span><\/p><p class=\"p1\"><span class=\"s1\">7. Droit applicable<\/span><\/p><p class=\"p1\"><span class=\"s2\">Les pr\u00e9sentes mentions l\u00e9gales sont r\u00e9gies par le <\/span><span class=\"s1\">droit fran\u00e7ais<\/span><span class=\"s2\">. En cas de litige, les tribunaux comp\u00e9tents seront ceux du si\u00e8ge social de l\u2019\u00e9diteur.<\/span><\/p><p class=\"p1\"><span class=\"s1\">Derni\u00e8re mise \u00e0 jour<\/span><span class=\"s2\"> : 01\/03\/2025<\/span><\/p>\t\t\t\t\t\t\t\t<\/div>\n\t\t\t\t<\/div>\n\t\t\t\t\t<\/div>\n\t\t\t\t<\/div>\n\t\t\t\t<\/div>\n\t\t","protected":false},"excerpt":{"rendered":"<p>Mentions l\u00e9gales 1. \u00c9diteur du site Le site Centre de sant\u00e9 de Lagarrigue est \u00e9dit\u00e9 par : Nom de l\u2019entreprise ou du professionnel : SCI Centre de sant\u00e9 de Lagarrigue Statut juridique : SCI Si\u00e8ge social : 5 BIS AVENUE DE CASTRES 81090 LAGARRIGUE Num\u00e9ro SIRET : [Num\u00e9ro SIRET] E-mail : contact@centre-sante-lagarrigue.fr Directeur de la [&hellip;]<\/p>\n","protected":false},"author":1,"featured_media":0,"parent":0,"menu_order":0,"comment_status":"closed","ping_status":"closed","template":"","meta":{"footnotes":""},"class_list":["post-186","page","type-page","status-publish","hentry"],"yoast_head":"<!-- This site is optimized with the Yoast SEO plugin v24.4 - https:\/\/yoast.com\/wordpress\/plugins\/seo\/ -->\n<title>Mentions l\u00e9gales - Centre de sant\u00e9 de Lagarrigue<\/title>\n<meta name=\"robots\" content=\"index, follow, max-snippet:-1, max-image-preview:large, max-video-preview:-1\" \/>\n<link rel=\"canonical\" href=\"https:\/\/centre-sante-lagarrigue.fr\/index.php\/conditions-generales\/\" \/>\n<meta property=\"og:locale\" content=\"fr_FR\" \/>\n<meta property=\"og:type\" content=\"article\" \/>\n<meta property=\"og:title\" content=\"Mentions l\u00e9gales - Centre de sant\u00e9 de Lagarrigue\" \/>\n<meta property=\"og:description\" content=\"Mentions l\u00e9gales 1. \u00c9diteur du site Le site Centre de sant\u00e9 de Lagarrigue est \u00e9dit\u00e9 par : Nom de l\u2019entreprise ou du professionnel : SCI Centre de sant\u00e9 de Lagarrigue Statut juridique : SCI Si\u00e8ge social : 5 BIS AVENUE DE CASTRES 81090 LAGARRIGUE Num\u00e9ro SIRET : [Num\u00e9ro SIRET] E-mail : contact@centre-sante-lagarrigue.fr Directeur de la [&hellip;]\" \/>\n<meta property=\"og:url\" content=\"https:\/\/centre-sante-lagarrigue.fr\/index.php\/conditions-generales\/\" \/>\n<meta property=\"og:site_name\" content=\"Centre de sant\u00e9 de Lagarrigue\" \/>\n<meta property=\"article:modified_time\" content=\"2025-03-01T13:40:58+00:00\" \/>\n<meta name=\"twitter:card\" content=\"summary_large_image\" \/>\n<meta name=\"twitter:label1\" content=\"Dur\u00e9e de lecture estim\u00e9e\" \/>\n\t<meta name=\"twitter:data1\" content=\"2 minutes\" \/>\n<script type=\"application\/ld+json\" class=\"yoast-schema-graph\">{\"@context\":\"https:\/\/schema.org\",\"@graph\":[{\"@type\":\"WebPage\",\"@id\":\"https:\/\/centre-sante-lagarrigue.fr\/index.php\/conditions-generales\/\",\"url\":\"https:\/\/centre-sante-lagarrigue.fr\/index.php\/conditions-generales\/\",\"name\":\"Mentions l\u00e9gales - Centre de sant\u00e9 de Lagarrigue\",\"isPartOf\":{\"@id\":\"https:\/\/centre-sante-lagarrigue.fr\/#website\"},\"datePublished\":\"2025-02-13T22:21:02+00:00\",\"dateModified\":\"2025-03-01T13:40:58+00:00\",\"breadcrumb\":{\"@id\":\"https:\/\/centre-sante-lagarrigue.fr\/index.php\/conditions-generales\/#breadcrumb\"},\"inLanguage\":\"fr-FR\",\"potentialAction\":[{\"@type\":\"ReadAction\",\"target\":[\"https:\/\/centre-sante-lagarrigue.fr\/index.php\/conditions-generales\/\"]}]},{\"@type\":\"BreadcrumbList\",\"@id\":\"https:\/\/centre-sante-lagarrigue.fr\/index.php\/conditions-generales\/#breadcrumb\",\"itemListElement\":[{\"@type\":\"ListItem\",\"position\":1,\"name\":\"Accueil\",\"item\":\"https:\/\/centre-sante-lagarrigue.fr\/\"},{\"@type\":\"ListItem\",\"position\":2,\"name\":\"Mentions l\u00e9gales\"}]},{\"@type\":\"WebSite\",\"@id\":\"https:\/\/centre-sante-lagarrigue.fr\/#website\",\"url\":\"https:\/\/centre-sante-lagarrigue.fr\/\",\"name\":\"Centre de sant\u00e9 de Lagarrigue\",\"description\":\"Tout savoir sur le centre de sant\u00e9 de Lagarrigue\",\"publisher\":{\"@id\":\"https:\/\/centre-sante-lagarrigue.fr\/#organization\"},\"potentialAction\":[{\"@type\":\"SearchAction\",\"target\":{\"@type\":\"EntryPoint\",\"urlTemplate\":\"https:\/\/centre-sante-lagarrigue.fr\/?s={search_term_string}\"},\"query-input\":{\"@type\":\"PropertyValueSpecification\",\"valueRequired\":true,\"valueName\":\"search_term_string\"}}],\"inLanguage\":\"fr-FR\"},{\"@type\":\"Organization\",\"@id\":\"https:\/\/centre-sante-lagarrigue.fr\/#organization\",\"name\":\"Centre de sant\u00e9 de Lagarrigue\",\"url\":\"https:\/\/centre-sante-lagarrigue.fr\/\",\"logo\":{\"@type\":\"ImageObject\",\"inLanguage\":\"fr-FR\",\"@id\":\"https:\/\/centre-sante-lagarrigue.fr\/#\/schema\/logo\/image\/\",\"url\":\"https:\/\/centre-sante-lagarrigue.fr\/wp-content\/uploads\/2025\/02\/LAGARRIGUE-1-3.png\",\"contentUrl\":\"https:\/\/centre-sante-lagarrigue.fr\/wp-content\/uploads\/2025\/02\/LAGARRIGUE-1-3.png\",\"width\":500,\"height\":500,\"caption\":\"Centre de sant\u00e9 de Lagarrigue\"},\"image\":{\"@id\":\"https:\/\/centre-sante-lagarrigue.fr\/#\/schema\/logo\/image\/\"}}]}<\/script>\n<!-- \/ Yoast SEO plugin. -->","yoast_head_json":{"title":"Mentions l\u00e9gales - Centre de sant\u00e9 de Lagarrigue","robots":{"index":"index","follow":"follow","max-snippet":"max-snippet:-1","max-image-preview":"max-image-preview:large","max-video-preview":"max-video-preview:-1"},"canonical":"https:\/\/centre-sante-lagarrigue.fr\/index.php\/conditions-generales\/","og_locale":"fr_FR","og_type":"article","og_title":"Mentions l\u00e9gales - Centre de sant\u00e9 de Lagarrigue","og_description":"Mentions l\u00e9gales 1. \u00c9diteur du site Le site Centre de sant\u00e9 de Lagarrigue est \u00e9dit\u00e9 par : Nom de l\u2019entreprise ou du professionnel : SCI Centre de sant\u00e9 de Lagarrigue Statut juridique : SCI Si\u00e8ge social : 5 BIS AVENUE DE CASTRES 81090 LAGARRIGUE Num\u00e9ro SIRET : [Num\u00e9ro SIRET] E-mail : contact@centre-sante-lagarrigue.fr Directeur de la [&hellip;]","og_url":"https:\/\/centre-sante-lagarrigue.fr\/index.php\/conditions-generales\/","og_site_name":"Centre de sant\u00e9 de Lagarrigue","article_modified_time":"2025-03-01T13:40:58+00:00","twitter_card":"summary_large_image","twitter_misc":{"Dur\u00e9e de lecture estim\u00e9e":"2 minutes"},"schema":{"@context":"https:\/\/schema.org","@graph":[{"@type":"WebPage","@id":"https:\/\/centre-sante-lagarrigue.fr\/index.php\/conditions-generales\/","url":"https:\/\/centre-sante-lagarrigue.fr\/index.php\/conditions-generales\/","name":"Mentions l\u00e9gales - Centre de sant\u00e9 de Lagarrigue","isPartOf":{"@id":"https:\/\/centre-sante-lagarrigue.fr\/#website"},"datePublished":"2025-02-13T22:21:02+00:00","dateModified":"2025-03-01T13:40:58+00:00","breadcrumb":{"@id":"https:\/\/centre-sante-lagarrigue.fr\/index.php\/conditions-generales\/#breadcrumb"},"inLanguage":"fr-FR","potentialAction":[{"@type":"ReadAction","target":["https:\/\/centre-sante-lagarrigue.fr\/index.php\/conditions-generales\/"]}]},{"@type":"BreadcrumbList","@id":"https:\/\/centre-sante-lagarrigue.fr\/index.php\/conditions-generales\/#breadcrumb","itemListElement":[{"@type":"ListItem","position":1,"name":"Accueil","item":"https:\/\/centre-sante-lagarrigue.fr\/"},{"@type":"ListItem","position":2,"name":"Mentions l\u00e9gales"}]},{"@type":"WebSite","@id":"https:\/\/centre-sante-lagarrigue.fr\/#website","url":"https:\/\/centre-sante-lagarrigue.fr\/","name":"Centre de sant\u00e9 de Lagarrigue","description":"Tout savoir sur le centre de sant\u00e9 de Lagarrigue","publisher":{"@id":"https:\/\/centre-sante-lagarrigue.fr\/#organization"},"potentialAction":[{"@type":"SearchAction","target":{"@type":"EntryPoint","urlTemplate":"https:\/\/centre-sante-lagarrigue.fr\/?s={search_term_string}"},"query-input":{"@type":"PropertyValueSpecification","valueRequired":true,"valueName":"search_term_string"}}],"inLanguage":"fr-FR"},{"@type":"Organization","@id":"https:\/\/centre-sante-lagarrigue.fr\/#organization","name":"Centre de sant\u00e9 de Lagarrigue","url":"https:\/\/centre-sante-lagarrigue.fr\/","logo":{"@type":"ImageObject","inLanguage":"fr-FR","@id":"https:\/\/centre-sante-lagarrigue.fr\/#\/schema\/logo\/image\/","url":"https:\/\/centre-sante-lagarrigue.fr\/wp-content\/uploads\/2025\/02\/LAGARRIGUE-1-3.png","contentUrl":"https:\/\/centre-sante-lagarrigue.fr\/wp-content\/uploads\/2025\/02\/LAGARRIGUE-1-3.png","width":500,"height":500,"caption":"Centre de sant\u00e9 de Lagarrigue"},"image":{"@id":"https:\/\/centre-sante-lagarrigue.fr\/#\/schema\/logo\/image\/"}}]}},"_links":{"self":[{"href":"https:\/\/centre-sante-lagarrigue.fr\/index.php\/wp-json\/wp\/v2\/pages\/186","targetHints":{"allow":["GET"]}}],"collection":[{"href":"https:\/\/centre-sante-lagarrigue.fr\/index.php\/wp-json\/wp\/v2\/pages"}],"about":[{"href":"https:\/\/centre-sante-lagarrigue.fr\/index.php\/wp-json\/wp\/v2\/types\/page"}],"author":[{"embeddable":true,"href":"https:\/\/centre-sante-lagarrigue.fr\/index.php\/wp-json\/wp\/v2\/users\/1"}],"replies":[{"embeddable":true,"href":"https:\/\/centre-sante-lagarrigue.fr\/index.php\/wp-json\/wp\/v2\/comments?post=186"}],"version-history":[{"count":7,"href":"https:\/\/centre-sante-lagarrigue.fr\/index.php\/wp-json\/wp\/v2\/pages\/186\/revisions"}],"predecessor-version":[{"id":413,"href":"https:\/\/centre-sante-lagarrigue.fr\/index.php\/wp-json\/wp\/v2\/pages\/186\/revisions\/413"}],"wp:attachment":[{"href":"https:\/\/centre-sante-lagarrigue.fr\/index.php\/wp-json\/wp\/v2\/media?parent=186"}],"curies":[{"name":"wp","href":"https:\/\/api.w.org\/{rel}","templated":true}]}}