{"id":59,"date":"2025-02-04T15:10:07","date_gmt":"2025-02-04T14:10:07","guid":{"rendered":"https:\/\/centre-sante-lagarrigue.fr\/?page_id=59"},"modified":"2025-03-18T11:36:39","modified_gmt":"2025-03-18T10:36:39","slug":"sage-femme","status":"publish","type":"page","link":"https:\/\/centre-sante-lagarrigue.fr\/index.php\/sage-femme\/","title":{"rendered":"Sages-femmes \u00e0 Lagarrigue"},"content":{"rendered":"\t\t<div data-elementor-type=\"wp-page\" data-elementor-id=\"59\" class=\"elementor elementor-59\">\n\t\t\t\t<div class=\"elementor-element elementor-element-1b125de e-flex e-con-boxed e-con e-parent\" data-id=\"1b125de\" data-element_type=\"container\">\n\t\t\t\t\t<div class=\"e-con-inner\">\n\t\t\t\t<div class=\"elementor-element elementor-element-c42b424 elementor-widget__width-inherit elementor-widget elementor-widget-link-in-bio\" data-id=\"c42b424\" data-element_type=\"widget\" data-widget_type=\"link-in-bio.default\">\n\t\t\t\t<div class=\"elementor-widget-container\">\n\t\t\t\t\t\t\t<div class=\"e-link-in-bio e-link-in-bio\">\n\t\t\t<div class=\"e-link-in-bio__content\">\n\n\t\t\t\t\t\t<div class=\"e-link-in-bio__identity\">\n\t\t\t\t\t\t\t\t\t<div class=\"e-link-in-bio__identity-image e-link-in-bio__identity-image-profile has-style-circle\">\n\t\t\t\t\t\t\t<img decoding=\"async\" width=\"170\" height=\"170\" src=\"https:\/\/centre-sante-lagarrigue.fr\/wp-content\/uploads\/2025\/02\/IMG_0473.png\" class=\"e-link-in-bio__identity-image-element\" alt=\"Sage-femme \u00e0 Lagarrigue\" srcset=\"https:\/\/centre-sante-lagarrigue.fr\/wp-content\/uploads\/2025\/02\/IMG_0473.png 170w, https:\/\/centre-sante-lagarrigue.fr\/wp-content\/uploads\/2025\/02\/IMG_0473-150x150.png 150w\" sizes=\"(max-width: 170px) 100vw, 170px\" \/>\t\t\t\t\t\t\t\t\t\t\t\t\t<\/div>\n\t\t\t\t\t\t\t<\/div>\n\t\t\t\t\t<div class=\"e-link-in-bio__bio\">\n\t\t\t\t<h2 class=\"e-link-in-bio__heading\">Ghislaine SALA<\/h2>\t\t\t\t<h3 class=\"e-link-in-bio__title\">Sage-femme<\/h3>\t\t\t\t\t\t\t\t\t\t\t<\/div>\n\t\t\t\t\t<div class=\"e-link-in-bio__icons has-size-small\">\n\t\t\t\t\t\t\t<div class=\"e-link-in-bio__icon is-size-small\">\n\t\t\t\t\t<a aria-label=\"Telephone\" class=\"e-link-in-bio__icon-link\" href=\"tel:+33668335369\">\n\t\t\t\t\t\t<span class=\"e-link-in-bio__icon-svg\">\n\t\t\t\t\t\t\t<svg aria-hidden=\"true\" class=\"e-font-icon-svg e-fas-phone-alt\" viewBox=\"0 0 512 512\" xmlns=\"http:\/\/www.w3.org\/2000\/svg\"><path d=\"M497.39 361.8l-112-48a24 24 0 0 0-28 6.9l-49.6 60.6A370.66 370.66 0 0 1 130.6 204.11l60.6-49.6a23.94 23.94 0 0 0 6.9-28l-48-112A24.16 24.16 0 0 0 122.6.61l-104 24A24 24 0 0 0 0 48c0 256.5 207.9 464 464 464a24 24 0 0 0 23.4-18.6l24-104a24.29 24.29 0 0 0-14.01-27.6z\"><\/path><\/svg>\t\t\t\t\t\t<\/span>\n\t\t\t\t\t\t\t\t\t\t\t<\/a>\n\t\t\t\t<\/div>\n\t\t\t\t\t<\/div>\n\t\t\n\t\t<div class=\"e-link-in-bio__ctas has-type-button\">\n\t\t\t\t\t\t\t<a href=\"https:\/\/www.doctolib.fr\/sage-femme\/lagarrigue\/ghislaine-sala\/booking\/motives?specialityId=34&#038;telehealth=false&#038;placeId=practice-249629&#038;profile_skipped=true&#038;bookingFunnelSource=external_referral\" target=\"_blank\" rel=\"noopener \" class=\"e-link-in-bio__cta is-type-button has-corners-rounded\">\n\t\t\t\t\t\t\t\t\t\t<span class=\"e-link-in-bio__cta-text\">\n\t\t\t\t\t\tPrendre rendez-vous\t\t\t\t\t<\/span>\n\t\t\t\t<\/a>\n\t\t\t\t\t<\/div>\n\t\t\n\t\t\t<\/div>\n\t\t\t<div class=\"e-link-in-bio__bg\">\n\t\t\t\t<div class=\"e-link-in-bio__bg-overlay\"><\/div>\n\t\t\t<\/div>\n\t\t<\/div>\n\t\t\t\t\t\t<\/div>\n\t\t\t\t<\/div>\n\t\t\t\t\t<\/div>\n\t\t\t\t<\/div>\n\t\t<div class=\"elementor-element elementor-element-4f3105b e-flex e-con-boxed e-con e-parent\" data-id=\"4f3105b\" data-element_type=\"container\">\n\t\t\t\t\t<div class=\"e-con-inner\">\n\t\t\t\t<div class=\"elementor-element elementor-element-50a5355 elementor-widget__width-inherit elementor-widget elementor-widget-link-in-bio\" data-id=\"50a5355\" data-element_type=\"widget\" data-widget_type=\"link-in-bio.default\">\n\t\t\t\t<div class=\"elementor-widget-container\">\n\t\t\t\t\t\t\t<div class=\"e-link-in-bio e-link-in-bio\">\n\t\t\t<div class=\"e-link-in-bio__content\">\n\n\t\t\t\t\t\t<div class=\"e-link-in-bio__identity\">\n\t\t\t\t\t\t\t\t\t<div class=\"e-link-in-bio__identity-image e-link-in-bio__identity-image-profile has-style-circle\">\n\t\t\t\t\t\t\t<img decoding=\"async\" width=\"170\" height=\"170\" src=\"https:\/\/centre-sante-lagarrigue.fr\/wp-content\/uploads\/2025\/02\/IMG_0473.png\" class=\"e-link-in-bio__identity-image-element\" alt=\"Sage-femme \u00e0 Lagarrigue\" srcset=\"https:\/\/centre-sante-lagarrigue.fr\/wp-content\/uploads\/2025\/02\/IMG_0473.png 170w, https:\/\/centre-sante-lagarrigue.fr\/wp-content\/uploads\/2025\/02\/IMG_0473-150x150.png 150w\" sizes=\"(max-width: 170px) 100vw, 170px\" \/>\t\t\t\t\t\t\t\t\t\t\t\t\t<\/div>\n\t\t\t\t\t\t\t<\/div>\n\t\t\t\t\t<div class=\"e-link-in-bio__bio\">\n\t\t\t\t<h2 class=\"e-link-in-bio__heading\">Emanu\u00e8le MONSIEUR<\/h2>\t\t\t\t<h3 class=\"e-link-in-bio__title\">Sage-femme<\/h3>\t\t\t\t\t\t\t\t\t\t\t<\/div>\n\t\t\t\t\t<div class=\"e-link-in-bio__icons has-size-small\">\n\t\t\t\t\t\t\t<div class=\"e-link-in-bio__icon is-size-small\">\n\t\t\t\t\t<a aria-label=\"Telephone\" class=\"e-link-in-bio__icon-link\" href=\"tel:+33699200874\">\n\t\t\t\t\t\t<span class=\"e-link-in-bio__icon-svg\">\n\t\t\t\t\t\t\t<svg aria-hidden=\"true\" class=\"e-font-icon-svg e-fas-phone-alt\" viewBox=\"0 0 512 512\" xmlns=\"http:\/\/www.w3.org\/2000\/svg\"><path d=\"M497.39 361.8l-112-48a24 24 0 0 0-28 6.9l-49.6 60.6A370.66 370.66 0 0 1 130.6 204.11l60.6-49.6a23.94 23.94 0 0 0 6.9-28l-48-112A24.16 24.16 0 0 0 122.6.61l-104 24A24 24 0 0 0 0 48c0 256.5 207.9 464 464 464a24 24 0 0 0 23.4-18.6l24-104a24.29 24.29 0 0 0-14.01-27.6z\"><\/path><\/svg>\t\t\t\t\t\t<\/span>\n\t\t\t\t\t\t\t\t\t\t\t<\/a>\n\t\t\t\t<\/div>\n\t\t\t\t\t<\/div>\n\t\t\n\t\t<div class=\"e-link-in-bio__ctas has-type-button\">\n\t\t\t\t\t\t\t<a href=\"https:\/\/www.maiia.com\/sage-femme\/81090-lagarrigue\/monsieur-emanuele\" target=\"_blank\" rel=\"noopener \" class=\"e-link-in-bio__cta is-type-button has-corners-rounded\">\n\t\t\t\t\t\t\t\t\t\t<span class=\"e-link-in-bio__cta-text\">\n\t\t\t\t\t\tPrendre rendez-vous\t\t\t\t\t<\/span>\n\t\t\t\t<\/a>\n\t\t\t\t\t<\/div>\n\t\t\n\t\t\t<\/div>\n\t\t\t<div class=\"e-link-in-bio__bg\">\n\t\t\t\t<div class=\"e-link-in-bio__bg-overlay\"><\/div>\n\t\t\t<\/div>\n\t\t<\/div>\n\t\t\t\t\t\t<\/div>\n\t\t\t\t<\/div>\n\t\t\t\t\t<\/div>\n\t\t\t\t<\/div>\n\t\t<div class=\"elementor-element elementor-element-8baa0e0 e-flex e-con-boxed e-con e-parent\" data-id=\"8baa0e0\" data-element_type=\"container\">\n\t\t\t\t\t<div class=\"e-con-inner\">\n\t\t\t\t<div class=\"elementor-element elementor-element-6dbc525 elementor-widget elementor-widget-n-accordion\" data-id=\"6dbc525\" data-element_type=\"widget\" data-settings=\"{&quot;default_state&quot;:&quot;all_collapsed&quot;,&quot;max_items_expended&quot;:&quot;one&quot;,&quot;n_accordion_animation_duration&quot;:{&quot;unit&quot;:&quot;ms&quot;,&quot;size&quot;:400,&quot;sizes&quot;:[]}}\" data-widget_type=\"nested-accordion.default\">\n\t\t\t\t<div class=\"elementor-widget-container\">\n\t\t\t\t\t\t\t<div class=\"e-n-accordion\" aria-label=\"Accordion. Open links with Enter or Space, close with Escape, and navigate with Arrow Keys\">\n\t\t\t\t\t\t<details id=\"e-n-accordion-item-1150\" class=\"e-n-accordion-item\" >\n\t\t\t\t<summary class=\"e-n-accordion-item-title\" data-accordion-index=\"1\" tabindex=\"0\" aria-expanded=\"false\" aria-controls=\"e-n-accordion-item-1150\" >\n\t\t\t\t\t<span class='e-n-accordion-item-title-header'><div class=\"e-n-accordion-item-title-text\"> Quel est le r\u00f4le de la sage-femme ? <\/div><\/span>\n\t\t\t\t\t\t\t<span class='e-n-accordion-item-title-icon'>\n\t\t\t<span class='e-opened' ><svg aria-hidden=\"true\" class=\"e-font-icon-svg e-fas-minus\" viewBox=\"0 0 448 512\" xmlns=\"http:\/\/www.w3.org\/2000\/svg\"><path d=\"M416 208H32c-17.67 0-32 14.33-32 32v32c0 17.67 14.33 32 32 32h384c17.67 0 32-14.33 32-32v-32c0-17.67-14.33-32-32-32z\"><\/path><\/svg><\/span>\n\t\t\t<span class='e-closed'><svg aria-hidden=\"true\" class=\"e-font-icon-svg e-fas-plus\" viewBox=\"0 0 448 512\" xmlns=\"http:\/\/www.w3.org\/2000\/svg\"><path d=\"M416 208H272V64c0-17.67-14.33-32-32-32h-32c-17.67 0-32 14.33-32 32v144H32c-17.67 0-32 14.33-32 32v32c0 17.67 14.33 32 32 32h144v144c0 17.67 14.33 32 32 32h32c17.67 0 32-14.33 32-32V304h144c17.67 0 32-14.33 32-32v-32c0-17.67-14.33-32-32-32z\"><\/path><\/svg><\/span>\n\t\t<\/span>\n\n\t\t\t\t\t\t<\/summary>\n\t\t\t\t<div role=\"region\" aria-labelledby=\"e-n-accordion-item-1150\" class=\"elementor-element elementor-element-fe36ec1 e-con-full e-flex e-con e-child\" data-id=\"fe36ec1\" data-element_type=\"container\">\n\t\t<div role=\"region\" aria-labelledby=\"e-n-accordion-item-1150\" class=\"elementor-element elementor-element-a9d7c0b e-flex e-con-boxed e-con e-child\" data-id=\"a9d7c0b\" data-element_type=\"container\">\n\t\t\t\t\t<div class=\"e-con-inner\">\n\t\t\t\t<div class=\"elementor-element elementor-element-3550513 elementor-widget elementor-widget-text-editor\" data-id=\"3550513\" data-element_type=\"widget\" data-widget_type=\"text-editor.default\">\n\t\t\t\t<div class=\"elementor-widget-container\">\n\t\t\t\t\t\t\t\t\t<p>La sage-femme est une professionnelle de sant\u00e9 sp\u00e9cialis\u00e9e dans le suivi de la grossesse, l\u2019accouchement et le post-partum. Elle assure le suivi m\u00e9dical des femmes enceintes, r\u00e9alise les \u00e9chographies, dispense des conseils en pr\u00e9paration \u00e0 la naissance et accompagne les jeunes mamans apr\u00e8s l\u2019accouchement. Elle joue \u00e9galement un r\u00f4le cl\u00e9 dans le suivi gyn\u00e9cologique de pr\u00e9vention et la sant\u00e9 reproductive.<\/p><p>Gr\u00e2ce \u00e0 son expertise, elle garantit un accompagnement personnalis\u00e9 pour une grossesse sereine et un accouchement en toute s\u00e9curit\u00e9.<\/p><p class=\"p1\"><span class=\"s1\">L\u2019haptonomie appliqu\u00e9e par les sages-femmes durant la grossesse permet aux futurs parents d\u2019\u00e9tablir un lien privil\u00e9gi\u00e9 avec leur b\u00e9b\u00e9 in utero gr\u00e2ce au toucher et \u00e0 la communication affective. \u00c0 travers des s\u00e9ances personnalis\u00e9es, la sage-femme guide les parents dans des gestes doux et des pressions l\u00e9g\u00e8res sur le ventre, invitant le b\u00e9b\u00e9 \u00e0 r\u00e9agir et \u00e0 interagir. Cette approche favorise le bien-\u00eatre de la m\u00e8re, renforce l\u2019implication du co-parent et pr\u00e9pare l\u2019accouchement en instaurant un climat de confiance et de s\u00e9r\u00e9nit\u00e9. Elle peut \u00e9galement aider \u00e0 soulager certaines tensions physiques et \u00e9motionnelles li\u00e9es \u00e0 la grossesse.<\/span><\/p>\t\t\t\t\t\t\t\t<\/div>\n\t\t\t\t<\/div>\n\t\t\t\t\t<\/div>\n\t\t\t\t<\/div>\n\t\t\t\t<\/div>\n\t\t\t\t\t<\/details>\n\t\t\t\t\t<\/div>\n\t\t\t\t\t\t<\/div>\n\t\t\t\t<\/div>\n\t\t\t\t\t<\/div>\n\t\t\t\t<\/div>\n\t\t<div class=\"elementor-element elementor-element-e53a48e e-flex e-con-boxed e-con e-parent\" data-id=\"e53a48e\" data-element_type=\"container\">\n\t\t\t\t\t<div class=\"e-con-inner\">\n\t\t\t\t<div class=\"elementor-element elementor-element-cdd9bd7 elementor-widget-divider--view-line elementor-widget elementor-widget-divider\" data-id=\"cdd9bd7\" data-element_type=\"widget\" data-widget_type=\"divider.default\">\n\t\t\t\t<div class=\"elementor-widget-container\">\n\t\t\t\t\t\t\t<div class=\"elementor-divider\">\n\t\t\t<span class=\"elementor-divider-separator\">\n\t\t\t\t\t\t<\/span>\n\t\t<\/div>\n\t\t\t\t\t\t<\/div>\n\t\t\t\t<\/div>\n\t\t\t\t\t<\/div>\n\t\t\t\t<\/div>\n\t\t<div class=\"elementor-element elementor-element-ed21c36 e-flex e-con-boxed e-con e-parent\" data-id=\"ed21c36\" data-element_type=\"container\">\n\t\t\t\t\t<div class=\"e-con-inner\">\n\t\t\t\t<div class=\"elementor-element elementor-element-5ce20c6 elementor-align-center elementor-widget elementor-widget-button\" data-id=\"5ce20c6\" data-element_type=\"widget\" data-widget_type=\"button.default\">\n\t\t\t\t<div class=\"elementor-widget-container\">\n\t\t\t\t\t\t\t\t\t<div class=\"elementor-button-wrapper\">\n\t\t\t\t\t<a class=\"elementor-button elementor-button-link elementor-size-sm\" href=\"https:\/\/centre-sante-lagarrigue.fr\/\">\n\t\t\t\t\t\t<span class=\"elementor-button-content-wrapper\">\n\t\t\t\t\t\t\t\t\t<span class=\"elementor-button-text\">Retourner \u00e0 l\u2019accueil<\/span>\n\t\t\t\t\t<\/span>\n\t\t\t\t\t<\/a>\n\t\t\t\t<\/div>\n\t\t\t\t\t\t\t\t<\/div>\n\t\t\t\t<\/div>\n\t\t\t\t\t<\/div>\n\t\t\t\t<\/div>\n\t\t\t\t<\/div>\n\t\t","protected":false},"excerpt":{"rendered":"<p>Ghislaine SALA Sage-femme Prendre rendez-vous Emanu\u00e8le MONSIEUR Sage-femme Prendre rendez-vous Quel est le r\u00f4le de la sage-femme ? La sage-femme est une professionnelle de sant\u00e9 sp\u00e9cialis\u00e9e dans le suivi de la grossesse, l\u2019accouchement et le post-partum. Elle assure le suivi m\u00e9dical des femmes enceintes, r\u00e9alise les \u00e9chographies, dispense des conseils en pr\u00e9paration \u00e0 la naissance [&hellip;]<\/p>\n","protected":false},"author":1,"featured_media":0,"parent":0,"menu_order":0,"comment_status":"closed","ping_status":"closed","template":"","meta":{"footnotes":""},"class_list":["post-59","page","type-page","status-publish","hentry"],"yoast_head":"<!-- This site is optimized with the Yoast SEO plugin v24.4 - https:\/\/yoast.com\/wordpress\/plugins\/seo\/ -->\n<title>Sages-femmes \u00e0 Lagarrigue - Centre de sant\u00e9 de Lagarrigue<\/title>\n<meta name=\"description\" content=\"Sage-femme \u00e0 Lagarrigue : suivi de grossesse, pr\u00e9paration \u00e0 l\u2019accouchement, r\u00e9\u00e9ducation p\u00e9rin\u00e9ale et accompagnement postnatal. Consultations en cabinet ou \u00e0 domicile.\" \/>\n<meta name=\"robots\" content=\"index, follow, max-snippet:-1, max-image-preview:large, max-video-preview:-1\" \/>\n<link rel=\"canonical\" href=\"https:\/\/centre-sante-lagarrigue.fr\/index.php\/sage-femme\/\" \/>\n<meta property=\"og:locale\" content=\"fr_FR\" \/>\n<meta property=\"og:type\" content=\"article\" \/>\n<meta property=\"og:title\" content=\"Sages-femmes \u00e0 Lagarrigue - Centre de sant\u00e9 de Lagarrigue\" \/>\n<meta property=\"og:description\" content=\"Sage-femme \u00e0 Lagarrigue : suivi de grossesse, pr\u00e9paration \u00e0 l\u2019accouchement, r\u00e9\u00e9ducation p\u00e9rin\u00e9ale et accompagnement postnatal. Consultations en cabinet ou \u00e0 domicile.\" \/>\n<meta property=\"og:url\" content=\"https:\/\/centre-sante-lagarrigue.fr\/index.php\/sage-femme\/\" \/>\n<meta property=\"og:site_name\" content=\"Centre de sant\u00e9 de Lagarrigue\" \/>\n<meta property=\"article:modified_time\" content=\"2025-03-18T10:36:39+00:00\" \/>\n<meta property=\"og:image\" content=\"http:\/\/centre-sante-lagarrigue.fr\/wp-content\/uploads\/2025\/02\/IMG_0473.png\" \/>\n<meta name=\"twitter:card\" content=\"summary_large_image\" \/>\n<meta name=\"twitter:label1\" content=\"Dur\u00e9e de lecture estim\u00e9e\" \/>\n\t<meta name=\"twitter:data1\" content=\"3 minutes\" \/>\n<script type=\"application\/ld+json\" class=\"yoast-schema-graph\">{\"@context\":\"https:\/\/schema.org\",\"@graph\":[{\"@type\":\"WebPage\",\"@id\":\"https:\/\/centre-sante-lagarrigue.fr\/index.php\/sage-femme\/\",\"url\":\"https:\/\/centre-sante-lagarrigue.fr\/index.php\/sage-femme\/\",\"name\":\"Sages-femmes \u00e0 Lagarrigue - Centre de sant\u00e9 de Lagarrigue\",\"isPartOf\":{\"@id\":\"https:\/\/centre-sante-lagarrigue.fr\/#website\"},\"primaryImageOfPage\":{\"@id\":\"https:\/\/centre-sante-lagarrigue.fr\/index.php\/sage-femme\/#primaryimage\"},\"image\":{\"@id\":\"https:\/\/centre-sante-lagarrigue.fr\/index.php\/sage-femme\/#primaryimage\"},\"thumbnailUrl\":\"http:\/\/centre-sante-lagarrigue.fr\/wp-content\/uploads\/2025\/02\/IMG_0473.png\",\"datePublished\":\"2025-02-04T14:10:07+00:00\",\"dateModified\":\"2025-03-18T10:36:39+00:00\",\"description\":\"Sage-femme \u00e0 Lagarrigue : suivi de grossesse, pr\u00e9paration \u00e0 l\u2019accouchement, r\u00e9\u00e9ducation p\u00e9rin\u00e9ale et accompagnement postnatal. Consultations en cabinet ou \u00e0 domicile.\",\"breadcrumb\":{\"@id\":\"https:\/\/centre-sante-lagarrigue.fr\/index.php\/sage-femme\/#breadcrumb\"},\"inLanguage\":\"fr-FR\",\"potentialAction\":[{\"@type\":\"ReadAction\",\"target\":[\"https:\/\/centre-sante-lagarrigue.fr\/index.php\/sage-femme\/\"]}]},{\"@type\":\"ImageObject\",\"inLanguage\":\"fr-FR\",\"@id\":\"https:\/\/centre-sante-lagarrigue.fr\/index.php\/sage-femme\/#primaryimage\",\"url\":\"http:\/\/centre-sante-lagarrigue.fr\/wp-content\/uploads\/2025\/02\/IMG_0473.png\",\"contentUrl\":\"http:\/\/centre-sante-lagarrigue.fr\/wp-content\/uploads\/2025\/02\/IMG_0473.png\"},{\"@type\":\"BreadcrumbList\",\"@id\":\"https:\/\/centre-sante-lagarrigue.fr\/index.php\/sage-femme\/#breadcrumb\",\"itemListElement\":[{\"@type\":\"ListItem\",\"position\":1,\"name\":\"Accueil\",\"item\":\"https:\/\/centre-sante-lagarrigue.fr\/\"},{\"@type\":\"ListItem\",\"position\":2,\"name\":\"Sages-femmes \u00e0 Lagarrigue\"}]},{\"@type\":\"WebSite\",\"@id\":\"https:\/\/centre-sante-lagarrigue.fr\/#website\",\"url\":\"https:\/\/centre-sante-lagarrigue.fr\/\",\"name\":\"Centre de sant\u00e9 de Lagarrigue\",\"description\":\"Tout savoir sur le centre de sant\u00e9 de Lagarrigue\",\"publisher\":{\"@id\":\"https:\/\/centre-sante-lagarrigue.fr\/#organization\"},\"potentialAction\":[{\"@type\":\"SearchAction\",\"target\":{\"@type\":\"EntryPoint\",\"urlTemplate\":\"https:\/\/centre-sante-lagarrigue.fr\/?s={search_term_string}\"},\"query-input\":{\"@type\":\"PropertyValueSpecification\",\"valueRequired\":true,\"valueName\":\"search_term_string\"}}],\"inLanguage\":\"fr-FR\"},{\"@type\":\"Organization\",\"@id\":\"https:\/\/centre-sante-lagarrigue.fr\/#organization\",\"name\":\"Centre de sant\u00e9 de Lagarrigue\",\"url\":\"https:\/\/centre-sante-lagarrigue.fr\/\",\"logo\":{\"@type\":\"ImageObject\",\"inLanguage\":\"fr-FR\",\"@id\":\"https:\/\/centre-sante-lagarrigue.fr\/#\/schema\/logo\/image\/\",\"url\":\"https:\/\/centre-sante-lagarrigue.fr\/wp-content\/uploads\/2025\/02\/LAGARRIGUE-1-3.png\",\"contentUrl\":\"https:\/\/centre-sante-lagarrigue.fr\/wp-content\/uploads\/2025\/02\/LAGARRIGUE-1-3.png\",\"width\":500,\"height\":500,\"caption\":\"Centre de sant\u00e9 de Lagarrigue\"},\"image\":{\"@id\":\"https:\/\/centre-sante-lagarrigue.fr\/#\/schema\/logo\/image\/\"}}]}<\/script>\n<!-- \/ Yoast SEO plugin. -->","yoast_head_json":{"title":"Sages-femmes \u00e0 Lagarrigue - Centre de sant\u00e9 de Lagarrigue","description":"Sage-femme \u00e0 Lagarrigue : suivi de grossesse, pr\u00e9paration \u00e0 l\u2019accouchement, r\u00e9\u00e9ducation p\u00e9rin\u00e9ale et accompagnement postnatal. Consultations en cabinet ou \u00e0 domicile.","robots":{"index":"index","follow":"follow","max-snippet":"max-snippet:-1","max-image-preview":"max-image-preview:large","max-video-preview":"max-video-preview:-1"},"canonical":"https:\/\/centre-sante-lagarrigue.fr\/index.php\/sage-femme\/","og_locale":"fr_FR","og_type":"article","og_title":"Sages-femmes \u00e0 Lagarrigue - Centre de sant\u00e9 de Lagarrigue","og_description":"Sage-femme \u00e0 Lagarrigue : suivi de grossesse, pr\u00e9paration \u00e0 l\u2019accouchement, r\u00e9\u00e9ducation p\u00e9rin\u00e9ale et accompagnement postnatal. Consultations en cabinet ou \u00e0 domicile.","og_url":"https:\/\/centre-sante-lagarrigue.fr\/index.php\/sage-femme\/","og_site_name":"Centre de sant\u00e9 de Lagarrigue","article_modified_time":"2025-03-18T10:36:39+00:00","og_image":[{"url":"http:\/\/centre-sante-lagarrigue.fr\/wp-content\/uploads\/2025\/02\/IMG_0473.png","type":"","width":"","height":""}],"twitter_card":"summary_large_image","twitter_misc":{"Dur\u00e9e de lecture estim\u00e9e":"3 minutes"},"schema":{"@context":"https:\/\/schema.org","@graph":[{"@type":"WebPage","@id":"https:\/\/centre-sante-lagarrigue.fr\/index.php\/sage-femme\/","url":"https:\/\/centre-sante-lagarrigue.fr\/index.php\/sage-femme\/","name":"Sages-femmes \u00e0 Lagarrigue - Centre de sant\u00e9 de Lagarrigue","isPartOf":{"@id":"https:\/\/centre-sante-lagarrigue.fr\/#website"},"primaryImageOfPage":{"@id":"https:\/\/centre-sante-lagarrigue.fr\/index.php\/sage-femme\/#primaryimage"},"image":{"@id":"https:\/\/centre-sante-lagarrigue.fr\/index.php\/sage-femme\/#primaryimage"},"thumbnailUrl":"http:\/\/centre-sante-lagarrigue.fr\/wp-content\/uploads\/2025\/02\/IMG_0473.png","datePublished":"2025-02-04T14:10:07+00:00","dateModified":"2025-03-18T10:36:39+00:00","description":"Sage-femme \u00e0 Lagarrigue : suivi de grossesse, pr\u00e9paration \u00e0 l\u2019accouchement, r\u00e9\u00e9ducation p\u00e9rin\u00e9ale et accompagnement postnatal. Consultations en cabinet ou \u00e0 domicile.","breadcrumb":{"@id":"https:\/\/centre-sante-lagarrigue.fr\/index.php\/sage-femme\/#breadcrumb"},"inLanguage":"fr-FR","potentialAction":[{"@type":"ReadAction","target":["https:\/\/centre-sante-lagarrigue.fr\/index.php\/sage-femme\/"]}]},{"@type":"ImageObject","inLanguage":"fr-FR","@id":"https:\/\/centre-sante-lagarrigue.fr\/index.php\/sage-femme\/#primaryimage","url":"http:\/\/centre-sante-lagarrigue.fr\/wp-content\/uploads\/2025\/02\/IMG_0473.png","contentUrl":"http:\/\/centre-sante-lagarrigue.fr\/wp-content\/uploads\/2025\/02\/IMG_0473.png"},{"@type":"BreadcrumbList","@id":"https:\/\/centre-sante-lagarrigue.fr\/index.php\/sage-femme\/#breadcrumb","itemListElement":[{"@type":"ListItem","position":1,"name":"Accueil","item":"https:\/\/centre-sante-lagarrigue.fr\/"},{"@type":"ListItem","position":2,"name":"Sages-femmes \u00e0 Lagarrigue"}]},{"@type":"WebSite","@id":"https:\/\/centre-sante-lagarrigue.fr\/#website","url":"https:\/\/centre-sante-lagarrigue.fr\/","name":"Centre de sant\u00e9 de Lagarrigue","description":"Tout savoir sur le centre de sant\u00e9 de Lagarrigue","publisher":{"@id":"https:\/\/centre-sante-lagarrigue.fr\/#organization"},"potentialAction":[{"@type":"SearchAction","target":{"@type":"EntryPoint","urlTemplate":"https:\/\/centre-sante-lagarrigue.fr\/?s={search_term_string}"},"query-input":{"@type":"PropertyValueSpecification","valueRequired":true,"valueName":"search_term_string"}}],"inLanguage":"fr-FR"},{"@type":"Organization","@id":"https:\/\/centre-sante-lagarrigue.fr\/#organization","name":"Centre de sant\u00e9 de Lagarrigue","url":"https:\/\/centre-sante-lagarrigue.fr\/","logo":{"@type":"ImageObject","inLanguage":"fr-FR","@id":"https:\/\/centre-sante-lagarrigue.fr\/#\/schema\/logo\/image\/","url":"https:\/\/centre-sante-lagarrigue.fr\/wp-content\/uploads\/2025\/02\/LAGARRIGUE-1-3.png","contentUrl":"https:\/\/centre-sante-lagarrigue.fr\/wp-content\/uploads\/2025\/02\/LAGARRIGUE-1-3.png","width":500,"height":500,"caption":"Centre de sant\u00e9 de Lagarrigue"},"image":{"@id":"https:\/\/centre-sante-lagarrigue.fr\/#\/schema\/logo\/image\/"}}]}},"_links":{"self":[{"href":"https:\/\/centre-sante-lagarrigue.fr\/index.php\/wp-json\/wp\/v2\/pages\/59","targetHints":{"allow":["GET"]}}],"collection":[{"href":"https:\/\/centre-sante-lagarrigue.fr\/index.php\/wp-json\/wp\/v2\/pages"}],"about":[{"href":"https:\/\/centre-sante-lagarrigue.fr\/index.php\/wp-json\/wp\/v2\/types\/page"}],"author":[{"embeddable":true,"href":"https:\/\/centre-sante-lagarrigue.fr\/index.php\/wp-json\/wp\/v2\/users\/1"}],"replies":[{"embeddable":true,"href":"https:\/\/centre-sante-lagarrigue.fr\/index.php\/wp-json\/wp\/v2\/comments?post=59"}],"version-history":[{"count":26,"href":"https:\/\/centre-sante-lagarrigue.fr\/index.php\/wp-json\/wp\/v2\/pages\/59\/revisions"}],"predecessor-version":[{"id":576,"href":"https:\/\/centre-sante-lagarrigue.fr\/index.php\/wp-json\/wp\/v2\/pages\/59\/revisions\/576"}],"wp:attachment":[{"href":"https:\/\/centre-sante-lagarrigue.fr\/index.php\/wp-json\/wp\/v2\/media?parent=59"}],"curies":[{"name":"wp","href":"https:\/\/api.w.org\/{rel}","templated":true}]}}