{"id":74,"date":"2025-02-04T15:33:37","date_gmt":"2025-02-04T14:33:37","guid":{"rendered":"https:\/\/centre-sante-lagarrigue.fr\/?page_id=74"},"modified":"2025-03-18T11:32:34","modified_gmt":"2025-03-18T10:32:34","slug":"orthophoniste","status":"publish","type":"page","link":"https:\/\/centre-sante-lagarrigue.fr\/index.php\/orthophoniste\/","title":{"rendered":"Orthophonistes \u00e0 Lagarrigue"},"content":{"rendered":"\t\t<div data-elementor-type=\"wp-page\" data-elementor-id=\"74\" class=\"elementor elementor-74\">\n\t\t\t\t<div class=\"elementor-element elementor-element-005ff22 e-flex e-con-boxed e-con e-parent\" data-id=\"005ff22\" data-element_type=\"container\">\n\t\t\t\t\t<div class=\"e-con-inner\">\n\t\t\t\t<div class=\"elementor-element elementor-element-5cc6a1a elementor-widget__width-inherit elementor-widget elementor-widget-link-in-bio\" data-id=\"5cc6a1a\" data-element_type=\"widget\" data-widget_type=\"link-in-bio.default\">\n\t\t\t\t<div class=\"elementor-widget-container\">\n\t\t\t\t\t\t\t<div class=\"e-link-in-bio e-link-in-bio\">\n\t\t\t<div class=\"e-link-in-bio__content\">\n\n\t\t\t\t\t\t<div class=\"e-link-in-bio__identity\">\n\t\t\t\t\t\t\t\t\t<div class=\"e-link-in-bio__identity-image e-link-in-bio__identity-image-profile has-style-circle\">\n\t\t\t\t\t\t\t<img fetchpriority=\"high\" decoding=\"async\" width=\"300\" height=\"220\" src=\"https:\/\/centre-sante-lagarrigue.fr\/wp-content\/uploads\/2025\/02\/IMG_0470-300x220.jpeg\" class=\"e-link-in-bio__identity-image-element\" alt=\"Orthophoniste \u00e0 Lagarrigue\" srcset=\"https:\/\/centre-sante-lagarrigue.fr\/wp-content\/uploads\/2025\/02\/IMG_0470-300x220.jpeg 300w, https:\/\/centre-sante-lagarrigue.fr\/wp-content\/uploads\/2025\/02\/IMG_0470.jpeg 500w\" sizes=\"(max-width: 300px) 100vw, 300px\" \/>\t\t\t\t\t\t\t\t\t\t\t\t\t<\/div>\n\t\t\t\t\t\t\t<\/div>\n\t\t\t\t\t<div class=\"e-link-in-bio__bio\">\n\t\t\t\t<h2 class=\"e-link-in-bio__heading\">Delphine CAMP<\/h2>\t\t\t\t<h3 class=\"e-link-in-bio__title\">Orthophoniste<\/h3>\t\t\t\t\t\t\t\t<p class=\"e-link-in-bio__description\">L\u2019orthophoniste \u00e9value, pr\u00e9vient et traite les troubles du langage, de la communication et de la d\u00e9glutition chez les enfants et les adultes.<\/p>\t\t\t<\/div>\n\t\t\t\t\t<div class=\"e-link-in-bio__icons has-size-small\">\n\t\t\t\t\t\t\t<div class=\"e-link-in-bio__icon is-size-small\">\n\t\t\t\t\t<a aria-label=\"Telephone\" class=\"e-link-in-bio__icon-link\" href=\"tel:+33699785528\">\n\t\t\t\t\t\t<span class=\"e-link-in-bio__icon-svg\">\n\t\t\t\t\t\t\t<svg aria-hidden=\"true\" class=\"e-font-icon-svg e-fas-phone-alt\" viewBox=\"0 0 512 512\" xmlns=\"http:\/\/www.w3.org\/2000\/svg\"><path d=\"M497.39 361.8l-112-48a24 24 0 0 0-28 6.9l-49.6 60.6A370.66 370.66 0 0 1 130.6 204.11l60.6-49.6a23.94 23.94 0 0 0 6.9-28l-48-112A24.16 24.16 0 0 0 122.6.61l-104 24A24 24 0 0 0 0 48c0 256.5 207.9 464 464 464a24 24 0 0 0 23.4-18.6l24-104a24.29 24.29 0 0 0-14.01-27.6z\"><\/path><\/svg>\t\t\t\t\t\t<\/span>\n\t\t\t\t\t\t\t\t\t\t\t<\/a>\n\t\t\t\t<\/div>\n\t\t\t\t\t<\/div>\n\t\t\n\t\t<div class=\"e-link-in-bio__ctas has-type-button\">\n\t\t\t\t\t\t\t<a href=\"https:\/\/perfactive.fr\/orthophoniste\/lagarrigue\/delphine-camp\" target=\"_blank\" rel=\"noopener \" class=\"e-link-in-bio__cta is-type-button has-corners-rounded\">\n\t\t\t\t\t\t\t\t\t\t<span class=\"e-link-in-bio__cta-text\">\n\t\t\t\t\t\tPrendre rendez-vous\t\t\t\t\t<\/span>\n\t\t\t\t<\/a>\n\t\t\t\t\t<\/div>\n\t\t\n\t\t\t<\/div>\n\t\t\t<div class=\"e-link-in-bio__bg\">\n\t\t\t\t<div class=\"e-link-in-bio__bg-overlay\"><\/div>\n\t\t\t<\/div>\n\t\t<\/div>\n\t\t\t\t\t\t<\/div>\n\t\t\t\t<\/div>\n\t\t\t\t<div class=\"elementor-element elementor-element-4dc1c3e elementor-widget__width-inherit elementor-widget elementor-widget-link-in-bio\" data-id=\"4dc1c3e\" data-element_type=\"widget\" data-widget_type=\"link-in-bio.default\">\n\t\t\t\t<div class=\"elementor-widget-container\">\n\t\t\t\t\t\t\t<div class=\"e-link-in-bio e-link-in-bio\">\n\t\t\t<div class=\"e-link-in-bio__content\">\n\n\t\t\t\t\t\t<div class=\"e-link-in-bio__identity\">\n\t\t\t\t\t\t\t\t\t<div class=\"e-link-in-bio__identity-image e-link-in-bio__identity-image-profile has-style-circle\">\n\t\t\t\t\t\t\t<img fetchpriority=\"high\" decoding=\"async\" width=\"300\" height=\"220\" src=\"https:\/\/centre-sante-lagarrigue.fr\/wp-content\/uploads\/2025\/02\/IMG_0470-300x220.jpeg\" class=\"e-link-in-bio__identity-image-element\" alt=\"Orthophoniste \u00e0 Lagarrigue\" srcset=\"https:\/\/centre-sante-lagarrigue.fr\/wp-content\/uploads\/2025\/02\/IMG_0470-300x220.jpeg 300w, https:\/\/centre-sante-lagarrigue.fr\/wp-content\/uploads\/2025\/02\/IMG_0470.jpeg 500w\" sizes=\"(max-width: 300px) 100vw, 300px\" \/>\t\t\t\t\t\t\t\t\t\t\t\t\t<\/div>\n\t\t\t\t\t\t\t<\/div>\n\t\t\t\t\t<div class=\"e-link-in-bio__bio\">\n\t\t\t\t<h2 class=\"e-link-in-bio__heading\">Melis OZKAN<\/h2>\t\t\t\t<h3 class=\"e-link-in-bio__title\">Orthophoniste<\/h3>\t\t\t\t\t\t\t\t<p class=\"e-link-in-bio__description\">L\u2019orthophoniste \u00e9value, pr\u00e9vient et traite les troubles du langage, de la communication et de la d\u00e9glutition chez les enfants et les adultes.<\/p>\t\t\t<\/div>\n\t\t\t\t\t<div class=\"e-link-in-bio__icons has-size-small\">\n\t\t\t\t\t\t\t<div class=\"e-link-in-bio__icon is-size-small\">\n\t\t\t\t\t<a aria-label=\"Telephone\" class=\"e-link-in-bio__icon-link\" href=\"tel:+33788406012\">\n\t\t\t\t\t\t<span class=\"e-link-in-bio__icon-svg\">\n\t\t\t\t\t\t\t<svg aria-hidden=\"true\" class=\"e-font-icon-svg e-fas-phone-alt\" viewBox=\"0 0 512 512\" xmlns=\"http:\/\/www.w3.org\/2000\/svg\"><path d=\"M497.39 361.8l-112-48a24 24 0 0 0-28 6.9l-49.6 60.6A370.66 370.66 0 0 1 130.6 204.11l60.6-49.6a23.94 23.94 0 0 0 6.9-28l-48-112A24.16 24.16 0 0 0 122.6.61l-104 24A24 24 0 0 0 0 48c0 256.5 207.9 464 464 464a24 24 0 0 0 23.4-18.6l24-104a24.29 24.29 0 0 0-14.01-27.6z\"><\/path><\/svg>\t\t\t\t\t\t<\/span>\n\t\t\t\t\t\t\t\t\t\t\t<\/a>\n\t\t\t\t<\/div>\n\t\t\t\t\t<\/div>\n\t\t\n\t\t<div class=\"e-link-in-bio__ctas has-type-button\">\n\t\t\t\t\t\t\t<a href=\"https:\/\/perfactive.fr\/orthophoniste\/lautrec\/melis-ozkan\" target=\"_blank\" rel=\"noopener \" class=\"e-link-in-bio__cta is-type-button has-corners-rounded\">\n\t\t\t\t\t\t\t\t\t\t<span class=\"e-link-in-bio__cta-text\">\n\t\t\t\t\t\tPrendre rendez-vous\t\t\t\t\t<\/span>\n\t\t\t\t<\/a>\n\t\t\t\t\t<\/div>\n\t\t\n\t\t\t<\/div>\n\t\t\t<div class=\"e-link-in-bio__bg\">\n\t\t\t\t<div class=\"e-link-in-bio__bg-overlay\"><\/div>\n\t\t\t<\/div>\n\t\t<\/div>\n\t\t\t\t\t\t<\/div>\n\t\t\t\t<\/div>\n\t\t\t\t\t<\/div>\n\t\t\t\t<\/div>\n\t\t<div class=\"elementor-element elementor-element-d57367a e-flex e-con-boxed e-con e-parent\" data-id=\"d57367a\" data-element_type=\"container\">\n\t\t\t\t\t<div class=\"e-con-inner\">\n\t\t\t\t<div class=\"elementor-element elementor-element-8212696 elementor-widget elementor-widget-n-accordion\" data-id=\"8212696\" data-element_type=\"widget\" data-settings=\"{&quot;default_state&quot;:&quot;all_collapsed&quot;,&quot;max_items_expended&quot;:&quot;one&quot;,&quot;n_accordion_animation_duration&quot;:{&quot;unit&quot;:&quot;ms&quot;,&quot;size&quot;:400,&quot;sizes&quot;:[]}}\" data-widget_type=\"nested-accordion.default\">\n\t\t\t\t<div class=\"elementor-widget-container\">\n\t\t\t\t\t\t\t<div class=\"e-n-accordion\" aria-label=\"Accordion. Open links with Enter or Space, close with Escape, and navigate with Arrow Keys\">\n\t\t\t\t\t\t<details id=\"e-n-accordion-item-1360\" class=\"e-n-accordion-item\" >\n\t\t\t\t<summary class=\"e-n-accordion-item-title\" data-accordion-index=\"1\" tabindex=\"0\" aria-expanded=\"false\" aria-controls=\"e-n-accordion-item-1360\" >\n\t\t\t\t\t<span class='e-n-accordion-item-title-header'><div class=\"e-n-accordion-item-title-text\"> Quel est le r\u00f4le de l\u2019orthophoniste ? <\/div><\/span>\n\t\t\t\t\t\t\t<span class='e-n-accordion-item-title-icon'>\n\t\t\t<span class='e-opened' ><svg aria-hidden=\"true\" class=\"e-font-icon-svg e-fas-minus\" viewBox=\"0 0 448 512\" xmlns=\"http:\/\/www.w3.org\/2000\/svg\"><path d=\"M416 208H32c-17.67 0-32 14.33-32 32v32c0 17.67 14.33 32 32 32h384c17.67 0 32-14.33 32-32v-32c0-17.67-14.33-32-32-32z\"><\/path><\/svg><\/span>\n\t\t\t<span class='e-closed'><svg aria-hidden=\"true\" class=\"e-font-icon-svg e-fas-plus\" viewBox=\"0 0 448 512\" xmlns=\"http:\/\/www.w3.org\/2000\/svg\"><path d=\"M416 208H272V64c0-17.67-14.33-32-32-32h-32c-17.67 0-32 14.33-32 32v144H32c-17.67 0-32 14.33-32 32v32c0 17.67 14.33 32 32 32h144v144c0 17.67 14.33 32 32 32h32c17.67 0 32-14.33 32-32V304h144c17.67 0 32-14.33 32-32v-32c0-17.67-14.33-32-32-32z\"><\/path><\/svg><\/span>\n\t\t<\/span>\n\n\t\t\t\t\t\t<\/summary>\n\t\t\t\t<div role=\"region\" aria-labelledby=\"e-n-accordion-item-1360\" class=\"elementor-element elementor-element-83ac2fe e-con-full e-flex e-con e-child\" data-id=\"83ac2fe\" data-element_type=\"container\">\n\t\t<div role=\"region\" aria-labelledby=\"e-n-accordion-item-1360\" class=\"elementor-element elementor-element-28e3514 e-flex e-con-boxed e-con e-child\" data-id=\"28e3514\" data-element_type=\"container\">\n\t\t\t\t\t<div class=\"e-con-inner\">\n\t\t\t\t<div class=\"elementor-element elementor-element-e7b6890 elementor-widget elementor-widget-text-editor\" data-id=\"e7b6890\" data-element_type=\"widget\" data-widget_type=\"text-editor.default\">\n\t\t\t\t<div class=\"elementor-widget-container\">\n\t\t\t\t\t\t\t\t\t<p class=\"p1\" style=\"text-align: justify;\"><span class=\"s1\">L\u2019<\/span><strong><span class=\"s2\">orthophoniste<\/span><\/strong><span class=\"s1\"> est un professionnel de sant\u00e9 sp\u00e9cialis\u00e9 dans la pr\u00e9vention, l\u2019\u00e9valuation et le traitement des troubles du <\/span><strong><span class=\"s2\">langage oral et \u00e9crit<\/span><\/strong><span class=\"s1\">, de la <\/span><strong><span class=\"s2\">voix<\/span><\/strong><span class=\"s1\">, de la <\/span><strong><span class=\"s2\">communication<\/span><\/strong><span class=\"s1\"> et de la <\/span><strong><span class=\"s2\">d\u00e9glutition<\/span><\/strong><span class=\"s1\">. Il intervient aupr\u00e8s des <\/span><span class=\"s2\">enfants, des adultes et des personnes \u00e2g\u00e9es<\/span><span class=\"s1\">, afin de les aider \u00e0 retrouver une meilleure qualit\u00e9 de vie. Gr\u00e2ce \u00e0 des prises en charge adapt\u00e9es, il accompagne chaque patient dans l\u2019am\u00e9lioration de ses capacit\u00e9s linguistiques et fonctionnelles.<\/span><\/p><p class=\"p1\" style=\"text-align: justify;\"><span class=\"s1\">Tout d\u2019abord, l\u2019orthophoniste joue un r\u00f4le essentiel dans la <\/span><strong><span class=\"s2\">prise en charge des troubles du langage chez l\u2019enfant<\/span><\/strong><span class=\"s1\">. Il intervient notamment pour traiter les retards de langage, les troubles de l\u2019articulation, la dyslexie, la dysorthographie ou encore la dysphasie. Ces difficult\u00e9s peuvent impacter l\u2019apprentissage scolaire et la communication au quotidien. Gr\u00e2ce \u00e0 des exercices sp\u00e9cifiques et ludiques, il aide l\u2019enfant \u00e0 progresser et \u00e0 gagner en confiance.<\/span><\/p><p class=\"p1\" style=\"text-align: justify;\"><span class=\"s1\">Ensuite, il accompagne les <\/span><strong><span class=\"s2\">adultes souffrant de troubles neurologiques<\/span><\/strong><span class=\"s1\">. Apr\u00e8s un accident vasculaire c\u00e9r\u00e9bral (AVC), un traumatisme cr\u00e2nien ou en cas de maladies neurod\u00e9g\u00e9n\u00e9ratives comme la maladie d\u2019Alzheimer ou de Parkinson, les patients peuvent rencontrer des difficult\u00e9s \u00e0 parler, \u00e0 comprendre ou \u00e0 avaler. L\u2019orthophoniste met alors en place une r\u00e9\u00e9ducation personnalis\u00e9e pour restaurer leurs capacit\u00e9s et am\u00e9liorer leur autonomie.<\/span><\/p><p class=\"p1\" style=\"text-align: justify;\"><span class=\"s1\">Par ailleurs, il traite les <\/span><strong><span class=\"s2\">troubles de la voix et de la parole<\/span><\/strong><span class=\"s1\">. Les personnes atteintes de b\u00e9gaiement, d\u2019enrouement chronique ou d\u2019affections des cordes vocales peuvent b\u00e9n\u00e9ficier d\u2019un accompagnement sp\u00e9cifique pour retrouver une meilleure fluidit\u00e9 et une meilleure projection vocale. Les professionnels de la voix, comme les enseignants ou les chanteurs, consultent souvent un orthophoniste pour pr\u00e9server et optimiser leur outil de travail.<\/span><\/p><p class=\"p1\" style=\"text-align: justify;\"><span class=\"s1\">De plus, l\u2019orthophoniste intervient dans la <\/span><strong><span class=\"s2\">r\u00e9\u00e9ducation de la d\u00e9glutition<\/span><\/strong><span class=\"s1\">, notamment chez les nourrissons ayant des difficult\u00e9s d\u2019alimentation ou chez les personnes \u00e2g\u00e9es pr\u00e9sentant des troubles de la mastication et de la d\u00e9glutition. Une prise en charge rapide permet d\u2019\u00e9viter les complications comme les fausses routes ou la d\u00e9nutrition.<\/span><\/p><p class=\"p1\" style=\"text-align: justify;\"><span class=\"s1\">Enfin, l\u2019orthophoniste joue un r\u00f4le pr\u00e9ventif en <\/span><strong><span class=\"s2\">sensibilisant les parents, les enseignants et les professionnels de sant\u00e9<\/span><\/strong><span class=\"s1\"><strong> aux troubles du langage et de la communication<\/strong>. Son expertise permet de d\u00e9tecter pr\u00e9cocement certaines difficult\u00e9s et d\u2019adapter les strat\u00e9gies d\u2019apprentissage et de r\u00e9\u00e9ducation.<\/span><\/p><p class=\"p1\" style=\"text-align: justify;\"><span class=\"s1\">En conclusion, l\u2019<\/span><strong><span class=\"s2\">orthophoniste<\/span><\/strong><span class=\"s1\"> est un sp\u00e9cialiste incontournable pour traiter les <\/span><strong><span class=\"s2\">troubles du langage, de la communication et de la d\u00e9glutition<\/span><\/strong><span class=\"s1\"><strong> \u00e0 tout \u00e2ge<\/strong>. Si vous ou votre enfant rencontrez des difficult\u00e9s, consulter un orthophoniste \u00e0 Lagarrigue <\/span><span class=\"s1\">\u00a0permet de b\u00e9n\u00e9ficier d\u2019une prise en charge adapt\u00e9e et d\u2019am\u00e9liorer la qualit\u00e9 de vie au quotidien.<\/span><\/p>\t\t\t\t\t\t\t\t<\/div>\n\t\t\t\t<\/div>\n\t\t\t\t\t<\/div>\n\t\t\t\t<\/div>\n\t\t\t\t<\/div>\n\t\t\t\t\t<\/details>\n\t\t\t\t\t<\/div>\n\t\t\t\t\t\t<\/div>\n\t\t\t\t<\/div>\n\t\t\t\t\t<\/div>\n\t\t\t\t<\/div>\n\t\t<div class=\"elementor-element elementor-element-5ccf850 e-flex e-con-boxed e-con e-parent\" data-id=\"5ccf850\" data-element_type=\"container\">\n\t\t\t\t\t<div class=\"e-con-inner\">\n\t\t\t\t<div class=\"elementor-element elementor-element-6fcdb27 elementor-widget-divider--view-line elementor-widget elementor-widget-divider\" data-id=\"6fcdb27\" data-element_type=\"widget\" data-widget_type=\"divider.default\">\n\t\t\t\t<div class=\"elementor-widget-container\">\n\t\t\t\t\t\t\t<div class=\"elementor-divider\">\n\t\t\t<span class=\"elementor-divider-separator\">\n\t\t\t\t\t\t<\/span>\n\t\t<\/div>\n\t\t\t\t\t\t<\/div>\n\t\t\t\t<\/div>\n\t\t\t\t\t<\/div>\n\t\t\t\t<\/div>\n\t\t<div class=\"elementor-element elementor-element-8b65f34 e-flex e-con-boxed e-con e-parent\" data-id=\"8b65f34\" data-element_type=\"container\">\n\t\t\t\t\t<div class=\"e-con-inner\">\n\t\t\t\t<div class=\"elementor-element elementor-element-00c3f07 elementor-align-center elementor-widget elementor-widget-button\" data-id=\"00c3f07\" data-element_type=\"widget\" data-widget_type=\"button.default\">\n\t\t\t\t<div class=\"elementor-widget-container\">\n\t\t\t\t\t\t\t\t\t<div class=\"elementor-button-wrapper\">\n\t\t\t\t\t<a class=\"elementor-button elementor-button-link elementor-size-sm\" href=\"https:\/\/centre-sante-lagarrigue.fr\/\">\n\t\t\t\t\t\t<span class=\"elementor-button-content-wrapper\">\n\t\t\t\t\t\t\t\t\t<span class=\"elementor-button-text\">Retourner \u00e0 l\u2019accueil<\/span>\n\t\t\t\t\t<\/span>\n\t\t\t\t\t<\/a>\n\t\t\t\t<\/div>\n\t\t\t\t\t\t\t\t<\/div>\n\t\t\t\t<\/div>\n\t\t\t\t\t<\/div>\n\t\t\t\t<\/div>\n\t\t\t\t<\/div>\n\t\t","protected":false},"excerpt":{"rendered":"<p>Delphine CAMP Orthophoniste L\u2019orthophoniste \u00e9value, pr\u00e9vient et traite les troubles du langage, de la communication et de la d\u00e9glutition chez les enfants et les adultes. Prendre rendez-vous Melis OZKAN Orthophoniste L\u2019orthophoniste \u00e9value, pr\u00e9vient et traite les troubles du langage, de la communication et de la d\u00e9glutition chez les enfants et les adultes. Prendre rendez-vous Quel [&hellip;]<\/p>\n","protected":false},"author":1,"featured_media":0,"parent":0,"menu_order":0,"comment_status":"closed","ping_status":"closed","template":"","meta":{"footnotes":""},"class_list":["post-74","page","type-page","status-publish","hentry"],"yoast_head":"<!-- This site is optimized with the Yoast SEO plugin v24.4 - https:\/\/yoast.com\/wordpress\/plugins\/seo\/ -->\n<title>Orthophonistes \u00e0 Lagarrigue - Centre de sant\u00e9 de Lagarrigue<\/title>\n<meta name=\"description\" content=\"Orthophoniste \u00e0 Lagarrigue : prise en charge des troubles du langage, de la communication et de la d\u00e9glutition chez l\u2019enfant et l\u2019adulte. Consultation sur rendez-vous.\" \/>\n<meta name=\"robots\" content=\"index, follow, max-snippet:-1, max-image-preview:large, max-video-preview:-1\" \/>\n<link rel=\"canonical\" href=\"https:\/\/centre-sante-lagarrigue.fr\/index.php\/orthophoniste\/\" \/>\n<meta property=\"og:locale\" content=\"fr_FR\" \/>\n<meta property=\"og:type\" content=\"article\" \/>\n<meta property=\"og:title\" content=\"Orthophonistes \u00e0 Lagarrigue - Centre de sant\u00e9 de Lagarrigue\" \/>\n<meta property=\"og:description\" content=\"Orthophoniste \u00e0 Lagarrigue : prise en charge des troubles du langage, de la communication et de la d\u00e9glutition chez l\u2019enfant et l\u2019adulte. Consultation sur rendez-vous.\" \/>\n<meta property=\"og:url\" content=\"https:\/\/centre-sante-lagarrigue.fr\/index.php\/orthophoniste\/\" \/>\n<meta property=\"og:site_name\" content=\"Centre de sant\u00e9 de Lagarrigue\" \/>\n<meta property=\"article:modified_time\" content=\"2025-03-18T10:32:34+00:00\" \/>\n<meta property=\"og:image\" content=\"http:\/\/centre-sante-lagarrigue.fr\/wp-content\/uploads\/2025\/02\/IMG_0470-300x220.jpeg\" \/>\n<meta name=\"twitter:card\" content=\"summary_large_image\" \/>\n<meta name=\"twitter:label1\" content=\"Dur\u00e9e de lecture estim\u00e9e\" \/>\n\t<meta name=\"twitter:data1\" content=\"5 minutes\" \/>\n<script type=\"application\/ld+json\" class=\"yoast-schema-graph\">{\"@context\":\"https:\/\/schema.org\",\"@graph\":[{\"@type\":\"WebPage\",\"@id\":\"https:\/\/centre-sante-lagarrigue.fr\/index.php\/orthophoniste\/\",\"url\":\"https:\/\/centre-sante-lagarrigue.fr\/index.php\/orthophoniste\/\",\"name\":\"Orthophonistes \u00e0 Lagarrigue - Centre de sant\u00e9 de Lagarrigue\",\"isPartOf\":{\"@id\":\"https:\/\/centre-sante-lagarrigue.fr\/#website\"},\"primaryImageOfPage\":{\"@id\":\"https:\/\/centre-sante-lagarrigue.fr\/index.php\/orthophoniste\/#primaryimage\"},\"image\":{\"@id\":\"https:\/\/centre-sante-lagarrigue.fr\/index.php\/orthophoniste\/#primaryimage\"},\"thumbnailUrl\":\"http:\/\/centre-sante-lagarrigue.fr\/wp-content\/uploads\/2025\/02\/IMG_0470-300x220.jpeg\",\"datePublished\":\"2025-02-04T14:33:37+00:00\",\"dateModified\":\"2025-03-18T10:32:34+00:00\",\"description\":\"Orthophoniste \u00e0 Lagarrigue : prise en charge des troubles du langage, de la communication et de la d\u00e9glutition chez l\u2019enfant et l\u2019adulte. Consultation sur rendez-vous.\",\"breadcrumb\":{\"@id\":\"https:\/\/centre-sante-lagarrigue.fr\/index.php\/orthophoniste\/#breadcrumb\"},\"inLanguage\":\"fr-FR\",\"potentialAction\":[{\"@type\":\"ReadAction\",\"target\":[\"https:\/\/centre-sante-lagarrigue.fr\/index.php\/orthophoniste\/\"]}]},{\"@type\":\"ImageObject\",\"inLanguage\":\"fr-FR\",\"@id\":\"https:\/\/centre-sante-lagarrigue.fr\/index.php\/orthophoniste\/#primaryimage\",\"url\":\"http:\/\/centre-sante-lagarrigue.fr\/wp-content\/uploads\/2025\/02\/IMG_0470-300x220.jpeg\",\"contentUrl\":\"http:\/\/centre-sante-lagarrigue.fr\/wp-content\/uploads\/2025\/02\/IMG_0470-300x220.jpeg\"},{\"@type\":\"BreadcrumbList\",\"@id\":\"https:\/\/centre-sante-lagarrigue.fr\/index.php\/orthophoniste\/#breadcrumb\",\"itemListElement\":[{\"@type\":\"ListItem\",\"position\":1,\"name\":\"Accueil\",\"item\":\"https:\/\/centre-sante-lagarrigue.fr\/\"},{\"@type\":\"ListItem\",\"position\":2,\"name\":\"Orthophonistes \u00e0 Lagarrigue\"}]},{\"@type\":\"WebSite\",\"@id\":\"https:\/\/centre-sante-lagarrigue.fr\/#website\",\"url\":\"https:\/\/centre-sante-lagarrigue.fr\/\",\"name\":\"Centre de sant\u00e9 de Lagarrigue\",\"description\":\"Tout savoir sur le centre de sant\u00e9 de Lagarrigue\",\"publisher\":{\"@id\":\"https:\/\/centre-sante-lagarrigue.fr\/#organization\"},\"potentialAction\":[{\"@type\":\"SearchAction\",\"target\":{\"@type\":\"EntryPoint\",\"urlTemplate\":\"https:\/\/centre-sante-lagarrigue.fr\/?s={search_term_string}\"},\"query-input\":{\"@type\":\"PropertyValueSpecification\",\"valueRequired\":true,\"valueName\":\"search_term_string\"}}],\"inLanguage\":\"fr-FR\"},{\"@type\":\"Organization\",\"@id\":\"https:\/\/centre-sante-lagarrigue.fr\/#organization\",\"name\":\"Centre de sant\u00e9 de Lagarrigue\",\"url\":\"https:\/\/centre-sante-lagarrigue.fr\/\",\"logo\":{\"@type\":\"ImageObject\",\"inLanguage\":\"fr-FR\",\"@id\":\"https:\/\/centre-sante-lagarrigue.fr\/#\/schema\/logo\/image\/\",\"url\":\"https:\/\/centre-sante-lagarrigue.fr\/wp-content\/uploads\/2025\/02\/LAGARRIGUE-1-3.png\",\"contentUrl\":\"https:\/\/centre-sante-lagarrigue.fr\/wp-content\/uploads\/2025\/02\/LAGARRIGUE-1-3.png\",\"width\":500,\"height\":500,\"caption\":\"Centre de sant\u00e9 de Lagarrigue\"},\"image\":{\"@id\":\"https:\/\/centre-sante-lagarrigue.fr\/#\/schema\/logo\/image\/\"}}]}<\/script>\n<!-- \/ Yoast SEO plugin. -->","yoast_head_json":{"title":"Orthophonistes \u00e0 Lagarrigue - Centre de sant\u00e9 de Lagarrigue","description":"Orthophoniste \u00e0 Lagarrigue : prise en charge des troubles du langage, de la communication et de la d\u00e9glutition chez l\u2019enfant et l\u2019adulte. Consultation sur rendez-vous.","robots":{"index":"index","follow":"follow","max-snippet":"max-snippet:-1","max-image-preview":"max-image-preview:large","max-video-preview":"max-video-preview:-1"},"canonical":"https:\/\/centre-sante-lagarrigue.fr\/index.php\/orthophoniste\/","og_locale":"fr_FR","og_type":"article","og_title":"Orthophonistes \u00e0 Lagarrigue - Centre de sant\u00e9 de Lagarrigue","og_description":"Orthophoniste \u00e0 Lagarrigue : prise en charge des troubles du langage, de la communication et de la d\u00e9glutition chez l\u2019enfant et l\u2019adulte. Consultation sur rendez-vous.","og_url":"https:\/\/centre-sante-lagarrigue.fr\/index.php\/orthophoniste\/","og_site_name":"Centre de sant\u00e9 de Lagarrigue","article_modified_time":"2025-03-18T10:32:34+00:00","og_image":[{"url":"http:\/\/centre-sante-lagarrigue.fr\/wp-content\/uploads\/2025\/02\/IMG_0470-300x220.jpeg","type":"","width":"","height":""}],"twitter_card":"summary_large_image","twitter_misc":{"Dur\u00e9e de lecture estim\u00e9e":"5 minutes"},"schema":{"@context":"https:\/\/schema.org","@graph":[{"@type":"WebPage","@id":"https:\/\/centre-sante-lagarrigue.fr\/index.php\/orthophoniste\/","url":"https:\/\/centre-sante-lagarrigue.fr\/index.php\/orthophoniste\/","name":"Orthophonistes \u00e0 Lagarrigue - Centre de sant\u00e9 de Lagarrigue","isPartOf":{"@id":"https:\/\/centre-sante-lagarrigue.fr\/#website"},"primaryImageOfPage":{"@id":"https:\/\/centre-sante-lagarrigue.fr\/index.php\/orthophoniste\/#primaryimage"},"image":{"@id":"https:\/\/centre-sante-lagarrigue.fr\/index.php\/orthophoniste\/#primaryimage"},"thumbnailUrl":"http:\/\/centre-sante-lagarrigue.fr\/wp-content\/uploads\/2025\/02\/IMG_0470-300x220.jpeg","datePublished":"2025-02-04T14:33:37+00:00","dateModified":"2025-03-18T10:32:34+00:00","description":"Orthophoniste \u00e0 Lagarrigue : prise en charge des troubles du langage, de la communication et de la d\u00e9glutition chez l\u2019enfant et l\u2019adulte. Consultation sur rendez-vous.","breadcrumb":{"@id":"https:\/\/centre-sante-lagarrigue.fr\/index.php\/orthophoniste\/#breadcrumb"},"inLanguage":"fr-FR","potentialAction":[{"@type":"ReadAction","target":["https:\/\/centre-sante-lagarrigue.fr\/index.php\/orthophoniste\/"]}]},{"@type":"ImageObject","inLanguage":"fr-FR","@id":"https:\/\/centre-sante-lagarrigue.fr\/index.php\/orthophoniste\/#primaryimage","url":"http:\/\/centre-sante-lagarrigue.fr\/wp-content\/uploads\/2025\/02\/IMG_0470-300x220.jpeg","contentUrl":"http:\/\/centre-sante-lagarrigue.fr\/wp-content\/uploads\/2025\/02\/IMG_0470-300x220.jpeg"},{"@type":"BreadcrumbList","@id":"https:\/\/centre-sante-lagarrigue.fr\/index.php\/orthophoniste\/#breadcrumb","itemListElement":[{"@type":"ListItem","position":1,"name":"Accueil","item":"https:\/\/centre-sante-lagarrigue.fr\/"},{"@type":"ListItem","position":2,"name":"Orthophonistes \u00e0 Lagarrigue"}]},{"@type":"WebSite","@id":"https:\/\/centre-sante-lagarrigue.fr\/#website","url":"https:\/\/centre-sante-lagarrigue.fr\/","name":"Centre de sant\u00e9 de Lagarrigue","description":"Tout savoir sur le centre de sant\u00e9 de Lagarrigue","publisher":{"@id":"https:\/\/centre-sante-lagarrigue.fr\/#organization"},"potentialAction":[{"@type":"SearchAction","target":{"@type":"EntryPoint","urlTemplate":"https:\/\/centre-sante-lagarrigue.fr\/?s={search_term_string}"},"query-input":{"@type":"PropertyValueSpecification","valueRequired":true,"valueName":"search_term_string"}}],"inLanguage":"fr-FR"},{"@type":"Organization","@id":"https:\/\/centre-sante-lagarrigue.fr\/#organization","name":"Centre de sant\u00e9 de Lagarrigue","url":"https:\/\/centre-sante-lagarrigue.fr\/","logo":{"@type":"ImageObject","inLanguage":"fr-FR","@id":"https:\/\/centre-sante-lagarrigue.fr\/#\/schema\/logo\/image\/","url":"https:\/\/centre-sante-lagarrigue.fr\/wp-content\/uploads\/2025\/02\/LAGARRIGUE-1-3.png","contentUrl":"https:\/\/centre-sante-lagarrigue.fr\/wp-content\/uploads\/2025\/02\/LAGARRIGUE-1-3.png","width":500,"height":500,"caption":"Centre de sant\u00e9 de Lagarrigue"},"image":{"@id":"https:\/\/centre-sante-lagarrigue.fr\/#\/schema\/logo\/image\/"}}]}},"_links":{"self":[{"href":"https:\/\/centre-sante-lagarrigue.fr\/index.php\/wp-json\/wp\/v2\/pages\/74","targetHints":{"allow":["GET"]}}],"collection":[{"href":"https:\/\/centre-sante-lagarrigue.fr\/index.php\/wp-json\/wp\/v2\/pages"}],"about":[{"href":"https:\/\/centre-sante-lagarrigue.fr\/index.php\/wp-json\/wp\/v2\/types\/page"}],"author":[{"embeddable":true,"href":"https:\/\/centre-sante-lagarrigue.fr\/index.php\/wp-json\/wp\/v2\/users\/1"}],"replies":[{"embeddable":true,"href":"https:\/\/centre-sante-lagarrigue.fr\/index.php\/wp-json\/wp\/v2\/comments?post=74"}],"version-history":[{"count":23,"href":"https:\/\/centre-sante-lagarrigue.fr\/index.php\/wp-json\/wp\/v2\/pages\/74\/revisions"}],"predecessor-version":[{"id":563,"href":"https:\/\/centre-sante-lagarrigue.fr\/index.php\/wp-json\/wp\/v2\/pages\/74\/revisions\/563"}],"wp:attachment":[{"href":"https:\/\/centre-sante-lagarrigue.fr\/index.php\/wp-json\/wp\/v2\/media?parent=74"}],"curies":[{"name":"wp","href":"https:\/\/api.w.org\/{rel}","templated":true}]}}