{"id":77,"date":"2025-02-04T15:35:32","date_gmt":"2025-02-04T14:35:32","guid":{"rendered":"https:\/\/centre-sante-lagarrigue.fr\/?page_id=77"},"modified":"2025-03-18T11:36:09","modified_gmt":"2025-03-18T10:36:09","slug":"psychologue","status":"publish","type":"page","link":"https:\/\/centre-sante-lagarrigue.fr\/index.php\/psychologue\/","title":{"rendered":"Psychologues \u00e0 Lagarrigue"},"content":{"rendered":"\t\t<div data-elementor-type=\"wp-page\" data-elementor-id=\"77\" class=\"elementor elementor-77\">\n\t\t\t\t<div class=\"elementor-element elementor-element-c6cec4c e-flex e-con-boxed e-con e-parent\" data-id=\"c6cec4c\" data-element_type=\"container\">\n\t\t\t\t\t<div class=\"e-con-inner\">\n\t\t\t\t<div class=\"elementor-element elementor-element-752dad2 elementor-widget__width-inherit elementor-widget elementor-widget-link-in-bio\" data-id=\"752dad2\" data-element_type=\"widget\" data-widget_type=\"link-in-bio.default\">\n\t\t\t\t<div class=\"elementor-widget-container\">\n\t\t\t\t\t\t\t<div class=\"e-link-in-bio e-link-in-bio\">\n\t\t\t<div class=\"e-link-in-bio__content\">\n\n\t\t\t\t\t\t<div class=\"e-link-in-bio__identity\">\n\t\t\t\t\t\t\t\t\t<div class=\"e-link-in-bio__identity-image e-link-in-bio__identity-image-profile has-style-circle\">\n\t\t\t\t\t\t\t<img fetchpriority=\"high\" decoding=\"async\" width=\"300\" height=\"238\" src=\"https:\/\/centre-sante-lagarrigue.fr\/wp-content\/uploads\/2025\/02\/IMG_0472-300x238.jpeg\" class=\"e-link-in-bio__identity-image-element\" alt=\"Psychologue \u00e0 Lagarrigue\" srcset=\"https:\/\/centre-sante-lagarrigue.fr\/wp-content\/uploads\/2025\/02\/IMG_0472-300x238.jpeg 300w, https:\/\/centre-sante-lagarrigue.fr\/wp-content\/uploads\/2025\/02\/IMG_0472.jpeg 612w\" sizes=\"(max-width: 300px) 100vw, 300px\" \/>\t\t\t\t\t\t\t\t\t\t\t\t\t<\/div>\n\t\t\t\t\t\t\t<\/div>\n\t\t\t\t\t<div class=\"e-link-in-bio__bio\">\n\t\t\t\t<h2 class=\"e-link-in-bio__heading\">Ariane EBERL-MARTY<\/h2>\t\t\t\t<h3 class=\"e-link-in-bio__title\">Psychologue<\/h3>\t\t\t\t\t\t\t\t\t\t\t<\/div>\n\t\t\t\t\t<div class=\"e-link-in-bio__icons has-size-small\">\n\t\t\t\t\t\t\t<div class=\"e-link-in-bio__icon is-size-small\">\n\t\t\t\t\t<a aria-label=\"Telephone\" class=\"e-link-in-bio__icon-link\" href=\"tel:+33756991021\">\n\t\t\t\t\t\t<span class=\"e-link-in-bio__icon-svg\">\n\t\t\t\t\t\t\t<svg aria-hidden=\"true\" class=\"e-font-icon-svg e-fas-phone-alt\" viewBox=\"0 0 512 512\" xmlns=\"http:\/\/www.w3.org\/2000\/svg\"><path d=\"M497.39 361.8l-112-48a24 24 0 0 0-28 6.9l-49.6 60.6A370.66 370.66 0 0 1 130.6 204.11l60.6-49.6a23.94 23.94 0 0 0 6.9-28l-48-112A24.16 24.16 0 0 0 122.6.61l-104 24A24 24 0 0 0 0 48c0 256.5 207.9 464 464 464a24 24 0 0 0 23.4-18.6l24-104a24.29 24.29 0 0 0-14.01-27.6z\"><\/path><\/svg>\t\t\t\t\t\t<\/span>\n\t\t\t\t\t\t\t\t\t\t\t<\/a>\n\t\t\t\t<\/div>\n\t\t\t\t\t\t\t<div class=\"e-link-in-bio__icon is-size-small\">\n\t\t\t\t\t<a href=\"https:\/\/www.facebook.com\/p\/Ariane-Eberl-Marty-Psychologue-et-praticienne-EFT-100063589442036\/?locale=fr_FR\" target=\"_blank\" rel=\"noopener \" aria-label=\"Facebook\" class=\"e-link-in-bio__icon-link\">\n\t\t\t\t\t\t<span class=\"e-link-in-bio__icon-svg\">\n\t\t\t\t\t\t\t<svg aria-hidden=\"true\" class=\"e-font-icon-svg e-fab-facebook\" viewBox=\"0 0 512 512\" xmlns=\"http:\/\/www.w3.org\/2000\/svg\"><path d=\"M504 256C504 119 393 8 256 8S8 119 8 256c0 123.78 90.69 226.38 209.25 245V327.69h-63V256h63v-54.64c0-62.15 37-96.48 93.67-96.48 27.14 0 55.52 4.84 55.52 4.84v61h-31.28c-30.8 0-40.41 19.12-40.41 38.73V256h68.78l-11 71.69h-57.78V501C413.31 482.38 504 379.78 504 256z\"><\/path><\/svg>\t\t\t\t\t\t<\/span>\n\t\t\t\t\t\t\t\t\t\t\t<\/a>\n\t\t\t\t<\/div>\n\t\t\t\t\t<\/div>\n\t\t\n\t\t<div class=\"e-link-in-bio__ctas has-type-button\">\n\t\t\t\t\t\t\t<a href=\"https:\/\/g.co\/kgs\/W5fdQrJ\" target=\"_blank\" rel=\"noopener \" class=\"e-link-in-bio__cta is-type-button has-corners-rounded\">\n\t\t\t\t\t\t\t\t\t\t<span class=\"e-link-in-bio__cta-text\">\n\t\t\t\t\t\tEn savoir plus\t\t\t\t\t<\/span>\n\t\t\t\t<\/a>\n\t\t\t\t\t<\/div>\n\t\t\n\t\t\t<\/div>\n\t\t\t<div class=\"e-link-in-bio__bg\">\n\t\t\t\t<div class=\"e-link-in-bio__bg-overlay\"><\/div>\n\t\t\t<\/div>\n\t\t<\/div>\n\t\t\t\t\t\t<\/div>\n\t\t\t\t<\/div>\n\t\t\t\t\t<\/div>\n\t\t\t\t<\/div>\n\t\t<div class=\"elementor-element elementor-element-8e3675a e-flex e-con-boxed e-con e-parent\" data-id=\"8e3675a\" data-element_type=\"container\">\n\t\t\t\t\t<div class=\"e-con-inner\">\n\t\t\t\t<div class=\"elementor-element elementor-element-fef897b elementor-widget__width-inherit elementor-widget elementor-widget-link-in-bio\" data-id=\"fef897b\" data-element_type=\"widget\" data-widget_type=\"link-in-bio.default\">\n\t\t\t\t<div class=\"elementor-widget-container\">\n\t\t\t\t\t\t\t<div class=\"e-link-in-bio e-link-in-bio\">\n\t\t\t<div class=\"e-link-in-bio__content\">\n\n\t\t\t\t\t\t<div class=\"e-link-in-bio__identity\">\n\t\t\t\t\t\t\t\t\t<div class=\"e-link-in-bio__identity-image e-link-in-bio__identity-image-profile has-style-circle\">\n\t\t\t\t\t\t\t<img fetchpriority=\"high\" decoding=\"async\" width=\"300\" height=\"238\" src=\"https:\/\/centre-sante-lagarrigue.fr\/wp-content\/uploads\/2025\/02\/IMG_0472-300x238.jpeg\" class=\"e-link-in-bio__identity-image-element\" alt=\"Psychologue \u00e0 Lagarrigue\" srcset=\"https:\/\/centre-sante-lagarrigue.fr\/wp-content\/uploads\/2025\/02\/IMG_0472-300x238.jpeg 300w, https:\/\/centre-sante-lagarrigue.fr\/wp-content\/uploads\/2025\/02\/IMG_0472.jpeg 612w\" sizes=\"(max-width: 300px) 100vw, 300px\" \/>\t\t\t\t\t\t\t\t\t\t\t\t\t<\/div>\n\t\t\t\t\t\t\t<\/div>\n\t\t\t\t\t<div class=\"e-link-in-bio__bio\">\n\t\t\t\t<h2 class=\"e-link-in-bio__heading\">V\u00e9ronique MOTTET<\/h2>\t\t\t\t<h3 class=\"e-link-in-bio__title\">Psychologue de l&#039;enfant<\/h3>\t\t\t\t\t\t\t\t\t\t\t<\/div>\n\t\t\t\t\t<div class=\"e-link-in-bio__icons has-size-small\">\n\t\t\t\t\t\t\t<div class=\"e-link-in-bio__icon is-size-small\">\n\t\t\t\t\t<a aria-label=\"Telephone\" class=\"e-link-in-bio__icon-link\" href=\"tel:+33686277462\">\n\t\t\t\t\t\t<span class=\"e-link-in-bio__icon-svg\">\n\t\t\t\t\t\t\t<svg aria-hidden=\"true\" class=\"e-font-icon-svg e-fas-phone-alt\" viewBox=\"0 0 512 512\" xmlns=\"http:\/\/www.w3.org\/2000\/svg\"><path d=\"M497.39 361.8l-112-48a24 24 0 0 0-28 6.9l-49.6 60.6A370.66 370.66 0 0 1 130.6 204.11l60.6-49.6a23.94 23.94 0 0 0 6.9-28l-48-112A24.16 24.16 0 0 0 122.6.61l-104 24A24 24 0 0 0 0 48c0 256.5 207.9 464 464 464a24 24 0 0 0 23.4-18.6l24-104a24.29 24.29 0 0 0-14.01-27.6z\"><\/path><\/svg>\t\t\t\t\t\t<\/span>\n\t\t\t\t\t\t\t\t\t\t\t<\/a>\n\t\t\t\t<\/div>\n\t\t\t\t\t<\/div>\n\t\t\n\t\t<div class=\"e-link-in-bio__ctas has-type-button\">\n\t\t\t\t\t\t\t<a href=\"https:\/\/www.doctolib.fr\/psychotherapeute\/lagarrigue\/veronique-mottet\" target=\"_blank\" rel=\"noopener \" class=\"e-link-in-bio__cta is-type-button has-corners-rounded\">\n\t\t\t\t\t\t\t\t\t\t<span class=\"e-link-in-bio__cta-text\">\n\t\t\t\t\t\tPrendre rendez-vous\t\t\t\t\t<\/span>\n\t\t\t\t<\/a>\n\t\t\t\t\t<\/div>\n\t\t\n\t\t\t<\/div>\n\t\t\t<div class=\"e-link-in-bio__bg\">\n\t\t\t\t<div class=\"e-link-in-bio__bg-overlay\"><\/div>\n\t\t\t<\/div>\n\t\t<\/div>\n\t\t\t\t\t\t<\/div>\n\t\t\t\t<\/div>\n\t\t\t\t\t<\/div>\n\t\t\t\t<\/div>\n\t\t<div class=\"elementor-element elementor-element-7b8d0f9 e-flex e-con-boxed e-con e-parent\" data-id=\"7b8d0f9\" data-element_type=\"container\">\n\t\t\t\t\t<div class=\"e-con-inner\">\n\t\t\t\t<div class=\"elementor-element elementor-element-da727c3 elementor-widget elementor-widget-n-accordion\" data-id=\"da727c3\" data-element_type=\"widget\" data-settings=\"{&quot;default_state&quot;:&quot;all_collapsed&quot;,&quot;max_items_expended&quot;:&quot;one&quot;,&quot;n_accordion_animation_duration&quot;:{&quot;unit&quot;:&quot;ms&quot;,&quot;size&quot;:400,&quot;sizes&quot;:[]}}\" data-widget_type=\"nested-accordion.default\">\n\t\t\t\t<div class=\"elementor-widget-container\">\n\t\t\t\t\t\t\t<div class=\"e-n-accordion\" aria-label=\"Accordion. Open links with Enter or Space, close with Escape, and navigate with Arrow Keys\">\n\t\t\t\t\t\t<details id=\"e-n-accordion-item-2290\" class=\"e-n-accordion-item\" >\n\t\t\t\t<summary class=\"e-n-accordion-item-title\" data-accordion-index=\"1\" tabindex=\"0\" aria-expanded=\"false\" aria-controls=\"e-n-accordion-item-2290\" >\n\t\t\t\t\t<span class='e-n-accordion-item-title-header'><div class=\"e-n-accordion-item-title-text\"> Quel est le r\u00f4le du psychologue ? <\/div><\/span>\n\t\t\t\t\t\t\t<span class='e-n-accordion-item-title-icon'>\n\t\t\t<span class='e-opened' ><svg aria-hidden=\"true\" class=\"e-font-icon-svg e-fas-minus\" viewBox=\"0 0 448 512\" xmlns=\"http:\/\/www.w3.org\/2000\/svg\"><path d=\"M416 208H32c-17.67 0-32 14.33-32 32v32c0 17.67 14.33 32 32 32h384c17.67 0 32-14.33 32-32v-32c0-17.67-14.33-32-32-32z\"><\/path><\/svg><\/span>\n\t\t\t<span class='e-closed'><svg aria-hidden=\"true\" class=\"e-font-icon-svg e-fas-plus\" viewBox=\"0 0 448 512\" xmlns=\"http:\/\/www.w3.org\/2000\/svg\"><path d=\"M416 208H272V64c0-17.67-14.33-32-32-32h-32c-17.67 0-32 14.33-32 32v144H32c-17.67 0-32 14.33-32 32v32c0 17.67 14.33 32 32 32h144v144c0 17.67 14.33 32 32 32h32c17.67 0 32-14.33 32-32V304h144c17.67 0 32-14.33 32-32v-32c0-17.67-14.33-32-32-32z\"><\/path><\/svg><\/span>\n\t\t<\/span>\n\n\t\t\t\t\t\t<\/summary>\n\t\t\t\t<div role=\"region\" aria-labelledby=\"e-n-accordion-item-2290\" class=\"elementor-element elementor-element-4c398a3 e-con-full e-flex e-con e-child\" data-id=\"4c398a3\" data-element_type=\"container\">\n\t\t<div role=\"region\" aria-labelledby=\"e-n-accordion-item-2290\" class=\"elementor-element elementor-element-41a9ad2 e-flex e-con-boxed e-con e-child\" data-id=\"41a9ad2\" data-element_type=\"container\">\n\t\t\t\t\t<div class=\"e-con-inner\">\n\t\t\t\t<div class=\"elementor-element elementor-element-869e706 elementor-widget elementor-widget-text-editor\" data-id=\"869e706\" data-element_type=\"widget\" data-widget_type=\"text-editor.default\">\n\t\t\t\t<div class=\"elementor-widget-container\">\n\t\t\t\t\t\t\t\t\t<p class=\"p1\" style=\"text-align: justify;\"><span class=\"s1\">Le <\/span><strong><span class=\"s2\">psychologue<\/span><\/strong><span class=\"s1\"> est un professionnel de la sant\u00e9 mentale dont le r\u00f4le est d\u2019aider les individus \u00e0 mieux comprendre leurs \u00e9motions, \u00e0 surmonter leurs souffrances et \u00e0 retrouver un \u00e9quilibre psychologique. Gr\u00e2ce \u00e0 une \u00e9coute bienveillante et des m\u00e9thodes th\u00e9rapeutiques adapt\u00e9es, il accompagne aussi bien les <\/span><strong><span class=\"s2\">enfants, les adolescents, les adultes et les couples<\/span><\/strong><span class=\"s1\"> dans la gestion de leurs difficult\u00e9s personnelles.<\/span><\/p><p class=\"p1\" style=\"text-align: justify;\"><span class=\"s1\">Tout d\u2019abord, le psychologue intervient dans la prise en charge des <\/span><strong><span class=\"s2\">troubles anxieux, du stress et de la d\u00e9pression<\/span><\/strong><span class=\"s1\">. Dans une soci\u00e9t\u00e9 o\u00f9 les pressions professionnelles et personnelles sont de plus en plus fortes, ces troubles peuvent avoir un impact majeur sur la qualit\u00e9 de vie. Le psychologue aide ses patients \u00e0 identifier les causes de leur mal-\u00eatre et leur propose des outils pour mieux g\u00e9rer leurs \u00e9motions et retrouver une s\u00e9r\u00e9nit\u00e9 int\u00e9rieure.<\/span><\/p><p class=\"p1\" style=\"text-align: justify;\"><span class=\"s1\">Ensuite, il joue un r\u00f4le cl\u00e9 dans l\u2019<\/span><strong><span class=\"s2\">accompagnement des enfants et des adolescents<\/span><\/strong><span class=\"s1\">. Ces derniers peuvent rencontrer des difficult\u00e9s li\u00e9es \u00e0 l\u2019<\/span><strong><span class=\"s2\">\u00e9cole, aux relations familiales ou aux interactions sociales<\/span><\/strong><span class=\"s1\">. Certains troubles, comme la phobie scolaire, l\u2019hyperactivit\u00e9 (TDAH) ou les troubles du comportement, n\u00e9cessitent une prise en charge sp\u00e9cifique. Le psychologue aide les jeunes \u00e0 mieux comprendre leurs \u00e9motions et \u00e0 d\u00e9velopper des strat\u00e9gies adapt\u00e9es pour s\u2019\u00e9panouir.<\/span><\/p><p class=\"p1\" style=\"text-align: justify;\"><span class=\"s1\">Par ailleurs, il accompagne les <\/span><strong><span class=\"s2\">couples et les familles<\/span><\/strong><span class=\"s1\"> en cas de conflits, de s\u00e9paration ou de probl\u00e8mes de communication. La th\u00e9rapie de couple permet d\u2019am\u00e9liorer la compr\u00e9hension mutuelle et de renforcer les liens affectifs, tandis que le soutien familial aide \u00e0 restaurer une harmonie dans les relations interg\u00e9n\u00e9rationnelles.<\/span><\/p><p class=\"p1\" style=\"text-align: justify;\"><span class=\"s1\">De plus, le psychologue intervient aupr\u00e8s des personnes traversant des moments difficiles comme <strong>un <\/strong><\/span><strong><span class=\"s2\">deuil, un burn-out, un traumatisme ou une reconversion professionnelle<\/span><\/strong><span class=\"s1\">. Dans ces situations, un accompagnement psychologique permet de mieux g\u00e9rer les \u00e9motions et de retrouver confiance en soi pour avancer plus sereinement.<\/span><\/p><p class=\"p1\" style=\"text-align: justify;\"><span class=\"s1\">Enfin, certaines personnes consultent un psychologue dans une d\u00e9marche de <\/span><strong><span class=\"s2\">d\u00e9veloppement personnel<\/span><\/strong><span class=\"s1\">. Que ce soit pour am\u00e9liorer l\u2019estime de soi, surmonter des blocages \u00e9motionnels ou apprendre \u00e0 mieux g\u00e9rer le stress, la th\u00e9rapie permet d\u2019adopter des strat\u00e9gies efficaces pour une vie plus \u00e9panouissante.<\/span><\/p><p class=\"p1\" style=\"text-align: justify;\"><span class=\"s1\">En conclusion, le <\/span><strong><span class=\"s2\">psychologue<\/span><\/strong><span class=\"s1\"> joue un r\u00f4le essentiel dans le bien-\u00eatre mental en proposant un accompagnement adapt\u00e9 \u00e0 chaque individu. Si vous ressentez le besoin de parler \u00e0 un professionnel, consulter un psychologue \u00e0 <\/span><span class=\"s2\">Lagarrigue<\/span><span class=\"s1\">\u00a0peut vous aider \u00e0 retrouver un \u00e9quilibre et \u00e0 avancer sereinement vers un mieux-\u00eatre durable.<\/span><\/p>\t\t\t\t\t\t\t\t<\/div>\n\t\t\t\t<\/div>\n\t\t\t\t\t<\/div>\n\t\t\t\t<\/div>\n\t\t\t\t<\/div>\n\t\t\t\t\t<\/details>\n\t\t\t\t\t<\/div>\n\t\t\t\t\t\t<\/div>\n\t\t\t\t<\/div>\n\t\t\t\t\t<\/div>\n\t\t\t\t<\/div>\n\t\t<div class=\"elementor-element elementor-element-db42982 e-flex e-con-boxed e-con e-parent\" data-id=\"db42982\" data-element_type=\"container\">\n\t\t\t\t\t<div class=\"e-con-inner\">\n\t\t\t\t<div class=\"elementor-element elementor-element-1b00d20 elementor-widget-divider--view-line elementor-widget elementor-widget-divider\" data-id=\"1b00d20\" data-element_type=\"widget\" data-widget_type=\"divider.default\">\n\t\t\t\t<div class=\"elementor-widget-container\">\n\t\t\t\t\t\t\t<div class=\"elementor-divider\">\n\t\t\t<span class=\"elementor-divider-separator\">\n\t\t\t\t\t\t<\/span>\n\t\t<\/div>\n\t\t\t\t\t\t<\/div>\n\t\t\t\t<\/div>\n\t\t\t\t\t<\/div>\n\t\t\t\t<\/div>\n\t\t<div class=\"elementor-element elementor-element-09a35bb e-flex e-con-boxed e-con e-parent\" data-id=\"09a35bb\" data-element_type=\"container\">\n\t\t\t\t\t<div class=\"e-con-inner\">\n\t\t\t\t<div class=\"elementor-element elementor-element-c5643d6 elementor-align-center elementor-widget elementor-widget-button\" data-id=\"c5643d6\" data-element_type=\"widget\" data-widget_type=\"button.default\">\n\t\t\t\t<div class=\"elementor-widget-container\">\n\t\t\t\t\t\t\t\t\t<div class=\"elementor-button-wrapper\">\n\t\t\t\t\t<a class=\"elementor-button elementor-button-link elementor-size-sm\" href=\"#\">\n\t\t\t\t\t\t<span class=\"elementor-button-content-wrapper\">\n\t\t\t\t\t\t\t\t\t<span class=\"elementor-button-text\">Retourner \u00e0 l\u2019accueil<\/span>\n\t\t\t\t\t<\/span>\n\t\t\t\t\t<\/a>\n\t\t\t\t<\/div>\n\t\t\t\t\t\t\t\t<\/div>\n\t\t\t\t<\/div>\n\t\t\t\t\t<\/div>\n\t\t\t\t<\/div>\n\t\t\t\t<\/div>\n\t\t","protected":false},"excerpt":{"rendered":"<p>Ariane EBERL-MARTY Psychologue En savoir plus V\u00e9ronique MOTTET Psychologue de l&#039;enfant Prendre rendez-vous Quel est le r\u00f4le du psychologue ? Le psychologue est un professionnel de la sant\u00e9 mentale dont le r\u00f4le est d\u2019aider les individus \u00e0 mieux comprendre leurs \u00e9motions, \u00e0 surmonter leurs souffrances et \u00e0 retrouver un \u00e9quilibre psychologique. Gr\u00e2ce \u00e0 une \u00e9coute [&hellip;]<\/p>\n","protected":false},"author":1,"featured_media":0,"parent":0,"menu_order":0,"comment_status":"closed","ping_status":"closed","template":"","meta":{"footnotes":""},"class_list":["post-77","page","type-page","status-publish","hentry"],"yoast_head":"<!-- This site is optimized with the Yoast SEO plugin v24.4 - https:\/\/yoast.com\/wordpress\/plugins\/seo\/ -->\n<title>Psychologues \u00e0 Lagarrigue - Centre de sant\u00e9 de Lagarrigue<\/title>\n<meta name=\"description\" content=\"Psychologue \u00e0 Lagarrigue : accompagnement personnalis\u00e9 pour g\u00e9rer stress, anxi\u00e9t\u00e9, d\u00e9pression et difficult\u00e9s personnelles. Consultations pour enfants, adultes et couples.\" \/>\n<meta name=\"robots\" content=\"index, follow, max-snippet:-1, max-image-preview:large, max-video-preview:-1\" \/>\n<link rel=\"canonical\" href=\"https:\/\/centre-sante-lagarrigue.fr\/index.php\/psychologue\/\" \/>\n<meta property=\"og:locale\" content=\"fr_FR\" \/>\n<meta property=\"og:type\" content=\"article\" \/>\n<meta property=\"og:title\" content=\"Psychologues \u00e0 Lagarrigue - Centre de sant\u00e9 de Lagarrigue\" \/>\n<meta property=\"og:description\" content=\"Psychologue \u00e0 Lagarrigue : accompagnement personnalis\u00e9 pour g\u00e9rer stress, anxi\u00e9t\u00e9, d\u00e9pression et difficult\u00e9s personnelles. Consultations pour enfants, adultes et couples.\" \/>\n<meta property=\"og:url\" content=\"https:\/\/centre-sante-lagarrigue.fr\/index.php\/psychologue\/\" \/>\n<meta property=\"og:site_name\" content=\"Centre de sant\u00e9 de Lagarrigue\" \/>\n<meta property=\"article:modified_time\" content=\"2025-03-18T10:36:09+00:00\" \/>\n<meta property=\"og:image\" content=\"http:\/\/centre-sante-lagarrigue.fr\/wp-content\/uploads\/2025\/02\/IMG_0472-300x238.jpeg\" \/>\n<meta name=\"twitter:card\" content=\"summary_large_image\" \/>\n<meta name=\"twitter:label1\" content=\"Dur\u00e9e de lecture estim\u00e9e\" \/>\n\t<meta name=\"twitter:data1\" content=\"5 minutes\" \/>\n<script type=\"application\/ld+json\" class=\"yoast-schema-graph\">{\"@context\":\"https:\/\/schema.org\",\"@graph\":[{\"@type\":\"WebPage\",\"@id\":\"https:\/\/centre-sante-lagarrigue.fr\/index.php\/psychologue\/\",\"url\":\"https:\/\/centre-sante-lagarrigue.fr\/index.php\/psychologue\/\",\"name\":\"Psychologues \u00e0 Lagarrigue - Centre de sant\u00e9 de Lagarrigue\",\"isPartOf\":{\"@id\":\"https:\/\/centre-sante-lagarrigue.fr\/#website\"},\"primaryImageOfPage\":{\"@id\":\"https:\/\/centre-sante-lagarrigue.fr\/index.php\/psychologue\/#primaryimage\"},\"image\":{\"@id\":\"https:\/\/centre-sante-lagarrigue.fr\/index.php\/psychologue\/#primaryimage\"},\"thumbnailUrl\":\"http:\/\/centre-sante-lagarrigue.fr\/wp-content\/uploads\/2025\/02\/IMG_0472-300x238.jpeg\",\"datePublished\":\"2025-02-04T14:35:32+00:00\",\"dateModified\":\"2025-03-18T10:36:09+00:00\",\"description\":\"Psychologue \u00e0 Lagarrigue : accompagnement personnalis\u00e9 pour g\u00e9rer stress, anxi\u00e9t\u00e9, d\u00e9pression et difficult\u00e9s personnelles. Consultations pour enfants, adultes et couples.\",\"breadcrumb\":{\"@id\":\"https:\/\/centre-sante-lagarrigue.fr\/index.php\/psychologue\/#breadcrumb\"},\"inLanguage\":\"fr-FR\",\"potentialAction\":[{\"@type\":\"ReadAction\",\"target\":[\"https:\/\/centre-sante-lagarrigue.fr\/index.php\/psychologue\/\"]}]},{\"@type\":\"ImageObject\",\"inLanguage\":\"fr-FR\",\"@id\":\"https:\/\/centre-sante-lagarrigue.fr\/index.php\/psychologue\/#primaryimage\",\"url\":\"http:\/\/centre-sante-lagarrigue.fr\/wp-content\/uploads\/2025\/02\/IMG_0472-300x238.jpeg\",\"contentUrl\":\"http:\/\/centre-sante-lagarrigue.fr\/wp-content\/uploads\/2025\/02\/IMG_0472-300x238.jpeg\"},{\"@type\":\"BreadcrumbList\",\"@id\":\"https:\/\/centre-sante-lagarrigue.fr\/index.php\/psychologue\/#breadcrumb\",\"itemListElement\":[{\"@type\":\"ListItem\",\"position\":1,\"name\":\"Accueil\",\"item\":\"https:\/\/centre-sante-lagarrigue.fr\/\"},{\"@type\":\"ListItem\",\"position\":2,\"name\":\"Psychologues \u00e0 Lagarrigue\"}]},{\"@type\":\"WebSite\",\"@id\":\"https:\/\/centre-sante-lagarrigue.fr\/#website\",\"url\":\"https:\/\/centre-sante-lagarrigue.fr\/\",\"name\":\"Centre de sant\u00e9 de Lagarrigue\",\"description\":\"Tout savoir sur le centre de sant\u00e9 de Lagarrigue\",\"publisher\":{\"@id\":\"https:\/\/centre-sante-lagarrigue.fr\/#organization\"},\"potentialAction\":[{\"@type\":\"SearchAction\",\"target\":{\"@type\":\"EntryPoint\",\"urlTemplate\":\"https:\/\/centre-sante-lagarrigue.fr\/?s={search_term_string}\"},\"query-input\":{\"@type\":\"PropertyValueSpecification\",\"valueRequired\":true,\"valueName\":\"search_term_string\"}}],\"inLanguage\":\"fr-FR\"},{\"@type\":\"Organization\",\"@id\":\"https:\/\/centre-sante-lagarrigue.fr\/#organization\",\"name\":\"Centre de sant\u00e9 de Lagarrigue\",\"url\":\"https:\/\/centre-sante-lagarrigue.fr\/\",\"logo\":{\"@type\":\"ImageObject\",\"inLanguage\":\"fr-FR\",\"@id\":\"https:\/\/centre-sante-lagarrigue.fr\/#\/schema\/logo\/image\/\",\"url\":\"https:\/\/centre-sante-lagarrigue.fr\/wp-content\/uploads\/2025\/02\/LAGARRIGUE-1-3.png\",\"contentUrl\":\"https:\/\/centre-sante-lagarrigue.fr\/wp-content\/uploads\/2025\/02\/LAGARRIGUE-1-3.png\",\"width\":500,\"height\":500,\"caption\":\"Centre de sant\u00e9 de Lagarrigue\"},\"image\":{\"@id\":\"https:\/\/centre-sante-lagarrigue.fr\/#\/schema\/logo\/image\/\"}}]}<\/script>\n<!-- \/ Yoast SEO plugin. -->","yoast_head_json":{"title":"Psychologues \u00e0 Lagarrigue - Centre de sant\u00e9 de Lagarrigue","description":"Psychologue \u00e0 Lagarrigue : accompagnement personnalis\u00e9 pour g\u00e9rer stress, anxi\u00e9t\u00e9, d\u00e9pression et difficult\u00e9s personnelles. Consultations pour enfants, adultes et couples.","robots":{"index":"index","follow":"follow","max-snippet":"max-snippet:-1","max-image-preview":"max-image-preview:large","max-video-preview":"max-video-preview:-1"},"canonical":"https:\/\/centre-sante-lagarrigue.fr\/index.php\/psychologue\/","og_locale":"fr_FR","og_type":"article","og_title":"Psychologues \u00e0 Lagarrigue - Centre de sant\u00e9 de Lagarrigue","og_description":"Psychologue \u00e0 Lagarrigue : accompagnement personnalis\u00e9 pour g\u00e9rer stress, anxi\u00e9t\u00e9, d\u00e9pression et difficult\u00e9s personnelles. Consultations pour enfants, adultes et couples.","og_url":"https:\/\/centre-sante-lagarrigue.fr\/index.php\/psychologue\/","og_site_name":"Centre de sant\u00e9 de Lagarrigue","article_modified_time":"2025-03-18T10:36:09+00:00","og_image":[{"url":"http:\/\/centre-sante-lagarrigue.fr\/wp-content\/uploads\/2025\/02\/IMG_0472-300x238.jpeg","type":"","width":"","height":""}],"twitter_card":"summary_large_image","twitter_misc":{"Dur\u00e9e de lecture estim\u00e9e":"5 minutes"},"schema":{"@context":"https:\/\/schema.org","@graph":[{"@type":"WebPage","@id":"https:\/\/centre-sante-lagarrigue.fr\/index.php\/psychologue\/","url":"https:\/\/centre-sante-lagarrigue.fr\/index.php\/psychologue\/","name":"Psychologues \u00e0 Lagarrigue - Centre de sant\u00e9 de Lagarrigue","isPartOf":{"@id":"https:\/\/centre-sante-lagarrigue.fr\/#website"},"primaryImageOfPage":{"@id":"https:\/\/centre-sante-lagarrigue.fr\/index.php\/psychologue\/#primaryimage"},"image":{"@id":"https:\/\/centre-sante-lagarrigue.fr\/index.php\/psychologue\/#primaryimage"},"thumbnailUrl":"http:\/\/centre-sante-lagarrigue.fr\/wp-content\/uploads\/2025\/02\/IMG_0472-300x238.jpeg","datePublished":"2025-02-04T14:35:32+00:00","dateModified":"2025-03-18T10:36:09+00:00","description":"Psychologue \u00e0 Lagarrigue : accompagnement personnalis\u00e9 pour g\u00e9rer stress, anxi\u00e9t\u00e9, d\u00e9pression et difficult\u00e9s personnelles. Consultations pour enfants, adultes et couples.","breadcrumb":{"@id":"https:\/\/centre-sante-lagarrigue.fr\/index.php\/psychologue\/#breadcrumb"},"inLanguage":"fr-FR","potentialAction":[{"@type":"ReadAction","target":["https:\/\/centre-sante-lagarrigue.fr\/index.php\/psychologue\/"]}]},{"@type":"ImageObject","inLanguage":"fr-FR","@id":"https:\/\/centre-sante-lagarrigue.fr\/index.php\/psychologue\/#primaryimage","url":"http:\/\/centre-sante-lagarrigue.fr\/wp-content\/uploads\/2025\/02\/IMG_0472-300x238.jpeg","contentUrl":"http:\/\/centre-sante-lagarrigue.fr\/wp-content\/uploads\/2025\/02\/IMG_0472-300x238.jpeg"},{"@type":"BreadcrumbList","@id":"https:\/\/centre-sante-lagarrigue.fr\/index.php\/psychologue\/#breadcrumb","itemListElement":[{"@type":"ListItem","position":1,"name":"Accueil","item":"https:\/\/centre-sante-lagarrigue.fr\/"},{"@type":"ListItem","position":2,"name":"Psychologues \u00e0 Lagarrigue"}]},{"@type":"WebSite","@id":"https:\/\/centre-sante-lagarrigue.fr\/#website","url":"https:\/\/centre-sante-lagarrigue.fr\/","name":"Centre de sant\u00e9 de Lagarrigue","description":"Tout savoir sur le centre de sant\u00e9 de Lagarrigue","publisher":{"@id":"https:\/\/centre-sante-lagarrigue.fr\/#organization"},"potentialAction":[{"@type":"SearchAction","target":{"@type":"EntryPoint","urlTemplate":"https:\/\/centre-sante-lagarrigue.fr\/?s={search_term_string}"},"query-input":{"@type":"PropertyValueSpecification","valueRequired":true,"valueName":"search_term_string"}}],"inLanguage":"fr-FR"},{"@type":"Organization","@id":"https:\/\/centre-sante-lagarrigue.fr\/#organization","name":"Centre de sant\u00e9 de Lagarrigue","url":"https:\/\/centre-sante-lagarrigue.fr\/","logo":{"@type":"ImageObject","inLanguage":"fr-FR","@id":"https:\/\/centre-sante-lagarrigue.fr\/#\/schema\/logo\/image\/","url":"https:\/\/centre-sante-lagarrigue.fr\/wp-content\/uploads\/2025\/02\/LAGARRIGUE-1-3.png","contentUrl":"https:\/\/centre-sante-lagarrigue.fr\/wp-content\/uploads\/2025\/02\/LAGARRIGUE-1-3.png","width":500,"height":500,"caption":"Centre de sant\u00e9 de Lagarrigue"},"image":{"@id":"https:\/\/centre-sante-lagarrigue.fr\/#\/schema\/logo\/image\/"}}]}},"_links":{"self":[{"href":"https:\/\/centre-sante-lagarrigue.fr\/index.php\/wp-json\/wp\/v2\/pages\/77","targetHints":{"allow":["GET"]}}],"collection":[{"href":"https:\/\/centre-sante-lagarrigue.fr\/index.php\/wp-json\/wp\/v2\/pages"}],"about":[{"href":"https:\/\/centre-sante-lagarrigue.fr\/index.php\/wp-json\/wp\/v2\/types\/page"}],"author":[{"embeddable":true,"href":"https:\/\/centre-sante-lagarrigue.fr\/index.php\/wp-json\/wp\/v2\/users\/1"}],"replies":[{"embeddable":true,"href":"https:\/\/centre-sante-lagarrigue.fr\/index.php\/wp-json\/wp\/v2\/comments?post=77"}],"version-history":[{"count":30,"href":"https:\/\/centre-sante-lagarrigue.fr\/index.php\/wp-json\/wp\/v2\/pages\/77\/revisions"}],"predecessor-version":[{"id":573,"href":"https:\/\/centre-sante-lagarrigue.fr\/index.php\/wp-json\/wp\/v2\/pages\/77\/revisions\/573"}],"wp:attachment":[{"href":"https:\/\/centre-sante-lagarrigue.fr\/index.php\/wp-json\/wp\/v2\/media?parent=77"}],"curies":[{"name":"wp","href":"https:\/\/api.w.org\/{rel}","templated":true}]}}