{"id":88,"date":"2025-02-04T16:58:17","date_gmt":"2025-02-04T15:58:17","guid":{"rendered":"https:\/\/centre-sante-lagarrigue.fr\/?page_id=88"},"modified":"2025-03-18T11:17:30","modified_gmt":"2025-03-18T10:17:30","slug":"infirmiere-a-lagarrigue","status":"publish","type":"page","link":"https:\/\/centre-sante-lagarrigue.fr\/index.php\/infirmiere-a-lagarrigue\/","title":{"rendered":"Infirmi\u00e8res \u00e0 Lagarrigue"},"content":{"rendered":"\t\t<div data-elementor-type=\"wp-page\" data-elementor-id=\"88\" class=\"elementor elementor-88\">\n\t\t\t\t<div class=\"elementor-element elementor-element-14e5293 e-flex e-con-boxed e-con e-parent\" data-id=\"14e5293\" data-element_type=\"container\">\n\t\t\t\t\t<div class=\"e-con-inner\">\n\t\t\t\t<div class=\"elementor-element elementor-element-d189079 elementor-widget__width-inherit elementor-widget elementor-widget-link-in-bio\" data-id=\"d189079\" data-element_type=\"widget\" data-widget_type=\"link-in-bio.default\">\n\t\t\t\t<div class=\"elementor-widget-container\">\n\t\t\t\t\t\t\t<div class=\"e-link-in-bio e-link-in-bio is-full-width\">\n\t\t\t<div class=\"e-link-in-bio__content\">\n\n\t\t\t\t\t\t<div class=\"e-link-in-bio__identity\">\n\t\t\t\t\t\t\t\t\t<div class=\"e-link-in-bio__identity-image e-link-in-bio__identity-image-profile has-style-circle\">\n\t\t\t\t\t\t\t<img fetchpriority=\"high\" decoding=\"async\" width=\"300\" height=\"225\" src=\"https:\/\/centre-sante-lagarrigue.fr\/wp-content\/uploads\/2025\/02\/Capture-decran_3-2-2025_171644_media.doctolib.com_-1-300x225.jpeg\" class=\"e-link-in-bio__identity-image-element\" alt=\"Centre de sant\u00e9 de Lagarrigue\" srcset=\"https:\/\/centre-sante-lagarrigue.fr\/wp-content\/uploads\/2025\/02\/Capture-decran_3-2-2025_171644_media.doctolib.com_-1-300x225.jpeg 300w, https:\/\/centre-sante-lagarrigue.fr\/wp-content\/uploads\/2025\/02\/Capture-decran_3-2-2025_171644_media.doctolib.com_-1-768x575.jpeg 768w, https:\/\/centre-sante-lagarrigue.fr\/wp-content\/uploads\/2025\/02\/Capture-decran_3-2-2025_171644_media.doctolib.com_-1.jpeg 934w\" sizes=\"(max-width: 300px) 100vw, 300px\" \/>\t\t\t\t\t\t\t\t\t\t\t\t\t<\/div>\n\t\t\t\t\t\t\t<\/div>\n\t\t\t\t\t<div class=\"e-link-in-bio__bio\">\n\t\t\t\t<h2 class=\"e-link-in-bio__heading\">Sylvie ARNAUD<\/h2>\t\t\t\t<h3 class=\"e-link-in-bio__title\">Infirmi\u00e8re <\/h3>\t\t\t\t\t\t\t\t<p class=\"e-link-in-bio__description\">Infirmi\u00e8re \u00e0 Lagarrigue, soins \u00e0 domicile et en cabinet : pansements, injections, prise de sang. Rendez-vous rapide et prise en charge s\u00e9curis\u00e9e.<\/p>\t\t\t<\/div>\n\t\t\t\t\t<div class=\"e-link-in-bio__icons has-size-small\">\n\t\t\t\t\t\t\t<div class=\"e-link-in-bio__icon is-size-small\">\n\t\t\t\t\t<a aria-label=\"Telephone\" class=\"e-link-in-bio__icon-link\" href=\"tel:+33563357881\">\n\t\t\t\t\t\t<span class=\"e-link-in-bio__icon-svg\">\n\t\t\t\t\t\t\t<svg aria-hidden=\"true\" class=\"e-font-icon-svg e-fas-phone-alt\" viewBox=\"0 0 512 512\" xmlns=\"http:\/\/www.w3.org\/2000\/svg\"><path d=\"M497.39 361.8l-112-48a24 24 0 0 0-28 6.9l-49.6 60.6A370.66 370.66 0 0 1 130.6 204.11l60.6-49.6a23.94 23.94 0 0 0 6.9-28l-48-112A24.16 24.16 0 0 0 122.6.61l-104 24A24 24 0 0 0 0 48c0 256.5 207.9 464 464 464a24 24 0 0 0 23.4-18.6l24-104a24.29 24.29 0 0 0-14.01-27.6z\"><\/path><\/svg>\t\t\t\t\t\t<\/span>\n\t\t\t\t\t\t\t\t\t\t\t<\/a>\n\t\t\t\t<\/div>\n\t\t\t\t\t<\/div>\n\t\t\n\t\t<div class=\"e-link-in-bio__ctas has-type-button\">\n\t\t\t\t\t\t\t<a href=\"https:\/\/g.co\/kgs\/AivGopz\" target=\"_blank\" rel=\"noopener \" class=\"e-link-in-bio__cta is-type-button has-corners-rounded\">\n\t\t\t\t\t\t\t\t\t\t<span class=\"e-link-in-bio__cta-text\">\n\t\t\t\t\t\tEn savoir plus\t\t\t\t\t<\/span>\n\t\t\t\t<\/a>\n\t\t\t\t\t<\/div>\n\t\t\n\t\t\t<\/div>\n\t\t\t<div class=\"e-link-in-bio__bg\">\n\t\t\t\t<div class=\"e-link-in-bio__bg-overlay\"><\/div>\n\t\t\t<\/div>\n\t\t<\/div>\n\t\t\t\t\t\t<\/div>\n\t\t\t\t<\/div>\n\t\t\t\t<div class=\"elementor-element elementor-element-c23b46a elementor-widget__width-inherit elementor-widget elementor-widget-link-in-bio\" data-id=\"c23b46a\" data-element_type=\"widget\" data-widget_type=\"link-in-bio.default\">\n\t\t\t\t<div class=\"elementor-widget-container\">\n\t\t\t\t\t\t\t<div class=\"e-link-in-bio e-link-in-bio is-full-width\">\n\t\t\t<div class=\"e-link-in-bio__content\">\n\n\t\t\t\t\t\t<div class=\"e-link-in-bio__identity\">\n\t\t\t\t\t\t\t\t\t<div class=\"e-link-in-bio__identity-image e-link-in-bio__identity-image-profile has-style-circle\">\n\t\t\t\t\t\t\t<img fetchpriority=\"high\" decoding=\"async\" width=\"300\" height=\"225\" src=\"https:\/\/centre-sante-lagarrigue.fr\/wp-content\/uploads\/2025\/02\/Capture-decran_3-2-2025_171644_media.doctolib.com_-1-300x225.jpeg\" class=\"e-link-in-bio__identity-image-element\" alt=\"Centre de sant\u00e9 de Lagarrigue\" srcset=\"https:\/\/centre-sante-lagarrigue.fr\/wp-content\/uploads\/2025\/02\/Capture-decran_3-2-2025_171644_media.doctolib.com_-1-300x225.jpeg 300w, https:\/\/centre-sante-lagarrigue.fr\/wp-content\/uploads\/2025\/02\/Capture-decran_3-2-2025_171644_media.doctolib.com_-1-768x575.jpeg 768w, https:\/\/centre-sante-lagarrigue.fr\/wp-content\/uploads\/2025\/02\/Capture-decran_3-2-2025_171644_media.doctolib.com_-1.jpeg 934w\" sizes=\"(max-width: 300px) 100vw, 300px\" \/>\t\t\t\t\t\t\t\t\t\t\t\t\t<\/div>\n\t\t\t\t\t\t\t<\/div>\n\t\t\t\t\t<div class=\"e-link-in-bio__bio\">\n\t\t\t\t<h2 class=\"e-link-in-bio__heading\">Marie-Jos\u00e9 FARGUES<\/h2>\t\t\t\t<h3 class=\"e-link-in-bio__title\">Infirmi\u00e8re <\/h3>\t\t\t\t\t\t\t\t<p class=\"e-link-in-bio__description\">Infirmi\u00e8re \u00e0 Lagarrigue, soins \u00e0 domicile et en cabinet : pansements, injections, prise de sang. Rendez-vous rapide et prise en charge s\u00e9curis\u00e9e.<\/p>\t\t\t<\/div>\n\t\t\t\t\t<div class=\"e-link-in-bio__icons has-size-small\">\n\t\t\t\t\t\t\t<div class=\"e-link-in-bio__icon is-size-small\">\n\t\t\t\t\t<a aria-label=\"Telephone\" class=\"e-link-in-bio__icon-link\" href=\"tel:+33563512957\">\n\t\t\t\t\t\t<span class=\"e-link-in-bio__icon-svg\">\n\t\t\t\t\t\t\t<svg aria-hidden=\"true\" class=\"e-font-icon-svg e-fas-phone-alt\" viewBox=\"0 0 512 512\" xmlns=\"http:\/\/www.w3.org\/2000\/svg\"><path d=\"M497.39 361.8l-112-48a24 24 0 0 0-28 6.9l-49.6 60.6A370.66 370.66 0 0 1 130.6 204.11l60.6-49.6a23.94 23.94 0 0 0 6.9-28l-48-112A24.16 24.16 0 0 0 122.6.61l-104 24A24 24 0 0 0 0 48c0 256.5 207.9 464 464 464a24 24 0 0 0 23.4-18.6l24-104a24.29 24.29 0 0 0-14.01-27.6z\"><\/path><\/svg>\t\t\t\t\t\t<\/span>\n\t\t\t\t\t\t\t\t\t\t\t<\/a>\n\t\t\t\t<\/div>\n\t\t\t\t\t<\/div>\n\t\t\n\t\t<div class=\"e-link-in-bio__ctas has-type-button\">\n\t\t\t\t\t\t\t<a href=\"https:\/\/g.co\/kgs\/LHuWwNM\" target=\"_blank\" rel=\"noopener \" class=\"e-link-in-bio__cta is-type-button has-corners-rounded\">\n\t\t\t\t\t\t\t\t\t\t<span class=\"e-link-in-bio__cta-text\">\n\t\t\t\t\t\tEn savoir plus\t\t\t\t\t<\/span>\n\t\t\t\t<\/a>\n\t\t\t\t\t<\/div>\n\t\t\n\t\t\t<\/div>\n\t\t\t<div class=\"e-link-in-bio__bg\">\n\t\t\t\t<div class=\"e-link-in-bio__bg-overlay\"><\/div>\n\t\t\t<\/div>\n\t\t<\/div>\n\t\t\t\t\t\t<\/div>\n\t\t\t\t<\/div>\n\t\t\t\t\t<\/div>\n\t\t\t\t<\/div>\n\t\t<div class=\"elementor-element elementor-element-a759857 e-flex e-con-boxed e-con e-parent\" data-id=\"a759857\" data-element_type=\"container\">\n\t\t\t\t\t<div class=\"e-con-inner\">\n\t\t\t\t<div class=\"elementor-element elementor-element-985e6d4 elementor-widget elementor-widget-n-accordion\" data-id=\"985e6d4\" data-element_type=\"widget\" data-settings=\"{&quot;default_state&quot;:&quot;all_collapsed&quot;,&quot;max_items_expended&quot;:&quot;one&quot;,&quot;n_accordion_animation_duration&quot;:{&quot;unit&quot;:&quot;ms&quot;,&quot;size&quot;:400,&quot;sizes&quot;:[]}}\" data-widget_type=\"nested-accordion.default\">\n\t\t\t\t<div class=\"elementor-widget-container\">\n\t\t\t\t\t\t\t<div class=\"e-n-accordion\" aria-label=\"Accordion. Open links with Enter or Space, close with Escape, and navigate with Arrow Keys\">\n\t\t\t\t\t\t<details id=\"e-n-accordion-item-1590\" class=\"e-n-accordion-item\" >\n\t\t\t\t<summary class=\"e-n-accordion-item-title\" data-accordion-index=\"1\" tabindex=\"0\" aria-expanded=\"false\" aria-controls=\"e-n-accordion-item-1590\" >\n\t\t\t\t\t<span class='e-n-accordion-item-title-header'><div class=\"e-n-accordion-item-title-text\"> Quel est le r\u00f4le d\u2019une infirmi\u00e8re lib\u00e9rale ? <\/div><\/span>\n\t\t\t\t\t\t\t<span class='e-n-accordion-item-title-icon'>\n\t\t\t<span class='e-opened' ><svg aria-hidden=\"true\" class=\"e-font-icon-svg e-fas-minus\" viewBox=\"0 0 448 512\" xmlns=\"http:\/\/www.w3.org\/2000\/svg\"><path d=\"M416 208H32c-17.67 0-32 14.33-32 32v32c0 17.67 14.33 32 32 32h384c17.67 0 32-14.33 32-32v-32c0-17.67-14.33-32-32-32z\"><\/path><\/svg><\/span>\n\t\t\t<span class='e-closed'><svg aria-hidden=\"true\" class=\"e-font-icon-svg e-fas-plus\" viewBox=\"0 0 448 512\" xmlns=\"http:\/\/www.w3.org\/2000\/svg\"><path d=\"M416 208H272V64c0-17.67-14.33-32-32-32h-32c-17.67 0-32 14.33-32 32v144H32c-17.67 0-32 14.33-32 32v32c0 17.67 14.33 32 32 32h144v144c0 17.67 14.33 32 32 32h32c17.67 0 32-14.33 32-32V304h144c17.67 0 32-14.33 32-32v-32c0-17.67-14.33-32-32-32z\"><\/path><\/svg><\/span>\n\t\t<\/span>\n\n\t\t\t\t\t\t<\/summary>\n\t\t\t\t<div role=\"region\" aria-labelledby=\"e-n-accordion-item-1590\" class=\"elementor-element elementor-element-1d02054 e-con-full e-flex e-con e-child\" data-id=\"1d02054\" data-element_type=\"container\">\n\t\t<div role=\"region\" aria-labelledby=\"e-n-accordion-item-1590\" class=\"elementor-element elementor-element-c80d21a e-flex e-con-boxed e-con e-child\" data-id=\"c80d21a\" data-element_type=\"container\">\n\t\t\t\t\t<div class=\"e-con-inner\">\n\t\t\t\t<div class=\"elementor-element elementor-element-a9ee673 elementor-widget elementor-widget-text-editor\" data-id=\"a9ee673\" data-element_type=\"widget\" data-widget_type=\"text-editor.default\">\n\t\t\t\t<div class=\"elementor-widget-container\">\n\t\t\t\t\t\t\t\t\t<p class=\"p1\" style=\"text-align: justify;\"><span class=\"s1\">L\u2019<\/span><strong><span class=\"s2\">infirmi\u00e8re lib\u00e9rale<\/span><\/strong><span class=\"s1\"> joue un r\u00f4le cl\u00e9 dans le suivi m\u00e9dical des patients en leur assurant des soins \u00e0 domicile ou en cabinet. Gr\u00e2ce \u00e0 son expertise et \u00e0 sa proximit\u00e9 avec les patients, elle garantit un accompagnement personnalis\u00e9 et une prise en charge adapt\u00e9e aux besoins de chacun. Son intervention est indispensable pour assurer la continuit\u00e9 des soins prescrits par un m\u00e9decin et favoriser le r\u00e9tablissement des patients dans les meilleures conditions.<\/span><\/p><p class=\"p1\" style=\"text-align: justify;\"><span class=\"s1\">Tout d\u2019abord, l\u2019infirmi\u00e8re lib\u00e9rale r\u00e9alise des <\/span><strong><span class=\"s2\">soins courants et techniques<\/span><\/strong><span class=\"s1\"> essentiels \u00e0 la sant\u00e9 des patients. Elle est habilit\u00e9e \u00e0 effectuer des <\/span><strong><span class=\"s2\">pansements<\/span><\/strong><span class=\"s1\">, des <\/span><strong><span class=\"s2\">injections<\/span><\/strong><span class=\"s1\">, des <\/span><span class=\"s2\">p<strong>rises de sang<\/strong><\/span><span class=\"s1\"> ainsi que l\u2019<strong>administration de traitements sous ordonnance<\/strong>. Ces soins n\u00e9cessitent une grande rigueur et une parfaite ma\u00eetrise des protocoles m\u00e9dicaux afin d\u2019assurer la s\u00e9curit\u00e9 et le bien-\u00eatre des patients.<\/span><\/p><p class=\"p1\" style=\"text-align: justify;\"><span class=\"s1\">Ensuite, elle joue un r\u00f4le primordial dans la <\/span><strong><span class=\"s2\">prise en charge des pathologies chroniques<\/span><\/strong><span class=\"s1\">. Les patients atteints de <\/span><span class=\"s2\"><strong>diab\u00e8te<\/strong>, d\u2019<strong>hypertension<\/strong> ou d\u2019<strong>insuffisance r\u00e9nale<\/strong><\/span><span class=\"s1\"> ont souvent besoin d\u2019un suivi r\u00e9gulier pour la gestion de leur traitement et la surveillance de leur \u00e9tat de sant\u00e9. Gr\u00e2ce \u00e0 ses visites fr\u00e9quentes, l\u2019infirmi\u00e8re lib\u00e9rale contribue \u00e0 am\u00e9liorer la qualit\u00e9 de vie des patients et \u00e0 \u00e9viter les complications m\u00e9dicales.<\/span><\/p><p class=\"p1\" style=\"text-align: justify;\"><span class=\"s1\">Par ailleurs, elle accompagne les <\/span><strong><span class=\"s2\">personnes en perte d\u2019autonomie<\/span><\/strong><span class=\"s1\">, notamment les <\/span><strong><span class=\"s2\">personnes \u00e2g\u00e9es ou en situation de handicap<\/span><\/strong><span class=\"s1\">. En plus des soins m\u00e9dicaux, elle aide les patients dans leur quotidien en favorisant leur maintien \u00e0 domicile. Ce r\u00f4le est essentiel pour pr\u00e9server leur confort tout en r\u00e9duisant les hospitalisations inutiles.<\/span><\/p><p class=\"p1\" style=\"text-align: justify;\"><span class=\"s1\">De plus, l\u2019infirmi\u00e8re lib\u00e9rale joue un r\u00f4le pr\u00e9ventif en <\/span><strong><span class=\"s2\">\u00e9duquant les patients<\/span><\/strong><span class=\"s1\"> et leur entourage sur les bonnes pratiques de sant\u00e9. Que ce soit pour apprendre \u00e0 bien g\u00e9rer un traitement, \u00e0 surveiller un pansement ou \u00e0 adopter une hygi\u00e8ne adapt\u00e9e, son accompagnement est pr\u00e9cieux pour garantir un suivi efficace et \u00e9viter les complications.<\/span><\/p><p class=\"p1\" style=\"text-align: justify;\"><span class=\"s1\">Enfin, la profession d\u2019infirmi\u00e8re lib\u00e9rale se distingue par sa <\/span><strong><span class=\"s2\">disponibilit\u00e9 et sa r\u00e9activit\u00e9<\/span><\/strong><span class=\"s1\">. Contrairement aux soins hospitaliers, les infirmi\u00e8res lib\u00e9rales s\u2019adaptent aux besoins des patients en proposant des rendez-vous flexibles et des interventions \u00e0 domicile, souvent essentielles pour les personnes \u00e0 mobilit\u00e9 r\u00e9duite.<\/span><\/p><p class=\"p1\" style=\"text-align: justify;\"><span class=\"s1\">En conclusion, l<strong>\u2019<\/strong><\/span><strong><span class=\"s2\">infirmi\u00e8re lib\u00e9rale<\/span><\/strong><span class=\"s1\"> est une professionnelle de sant\u00e9 indispensable pour assurer des soins de qualit\u00e9, un suivi personnalis\u00e9 et un accompagnement humain au plus proche des patients. Si vous recherchez une infirmi\u00e8re comp\u00e9tente et \u00e0 l\u2019\u00e9coute \u00e0 La, n\u2019h\u00e9sitez pas \u00e0 prendre rendez-vous pour des soins adapt\u00e9s \u00e0 vos besoins.<\/span><\/p>\t\t\t\t\t\t\t\t<\/div>\n\t\t\t\t<\/div>\n\t\t\t\t\t<\/div>\n\t\t\t\t<\/div>\n\t\t\t\t<\/div>\n\t\t\t\t\t<\/details>\n\t\t\t\t\t<\/div>\n\t\t\t\t\t\t<\/div>\n\t\t\t\t<\/div>\n\t\t\t\t\t<\/div>\n\t\t\t\t<\/div>\n\t\t\t\t<\/div>\n\t\t","protected":false},"excerpt":{"rendered":"<p>Sylvie ARNAUD Infirmi\u00e8re Infirmi\u00e8re \u00e0 Lagarrigue, soins \u00e0 domicile et en cabinet : pansements, injections, prise de sang. Rendez-vous rapide et prise en charge s\u00e9curis\u00e9e. En savoir plus Marie-Jos\u00e9 FARGUES Infirmi\u00e8re Infirmi\u00e8re \u00e0 Lagarrigue, soins \u00e0 domicile et en cabinet : pansements, injections, prise de sang. Rendez-vous rapide et prise en charge s\u00e9curis\u00e9e. En savoir [&hellip;]<\/p>\n","protected":false},"author":1,"featured_media":0,"parent":0,"menu_order":0,"comment_status":"closed","ping_status":"closed","template":"","meta":{"footnotes":""},"class_list":["post-88","page","type-page","status-publish","hentry"],"yoast_head":"<!-- This site is optimized with the Yoast SEO plugin v24.4 - https:\/\/yoast.com\/wordpress\/plugins\/seo\/ -->\n<title>Infirmi\u00e8res \u00e0 Lagarrigue - Centre de sant\u00e9 de Lagarrigue<\/title>\n<meta name=\"description\" content=\"Infirmi\u00e8re \u00e0 Lagarrigue, soins \u00e0 domicile et en cabinet : pansements, injections, prise de sang. Rendez-vous rapide et prise en charge s\u00e9curis\u00e9e.\" \/>\n<meta name=\"robots\" content=\"index, follow, max-snippet:-1, max-image-preview:large, max-video-preview:-1\" \/>\n<link rel=\"canonical\" href=\"https:\/\/centre-sante-lagarrigue.fr\/index.php\/infirmiere-a-lagarrigue\/\" \/>\n<meta property=\"og:locale\" content=\"fr_FR\" \/>\n<meta property=\"og:type\" content=\"article\" \/>\n<meta property=\"og:title\" content=\"Infirmi\u00e8res \u00e0 Lagarrigue - Centre de sant\u00e9 de Lagarrigue\" \/>\n<meta property=\"og:description\" content=\"Infirmi\u00e8re \u00e0 Lagarrigue, soins \u00e0 domicile et en cabinet : pansements, injections, prise de sang. Rendez-vous rapide et prise en charge s\u00e9curis\u00e9e.\" \/>\n<meta property=\"og:url\" content=\"https:\/\/centre-sante-lagarrigue.fr\/index.php\/infirmiere-a-lagarrigue\/\" \/>\n<meta property=\"og:site_name\" content=\"Centre de sant\u00e9 de Lagarrigue\" \/>\n<meta property=\"article:modified_time\" content=\"2025-03-18T10:17:30+00:00\" \/>\n<meta property=\"og:image\" content=\"http:\/\/centre-sante-lagarrigue.fr\/wp-content\/uploads\/2025\/02\/Capture-decran_3-2-2025_171644_media.doctolib.com_-1-300x225.jpeg\" \/>\n<meta name=\"twitter:card\" content=\"summary_large_image\" \/>\n<meta name=\"twitter:label1\" content=\"Dur\u00e9e de lecture estim\u00e9e\" \/>\n\t<meta name=\"twitter:data1\" content=\"5 minutes\" \/>\n<script type=\"application\/ld+json\" class=\"yoast-schema-graph\">{\"@context\":\"https:\/\/schema.org\",\"@graph\":[{\"@type\":\"WebPage\",\"@id\":\"https:\/\/centre-sante-lagarrigue.fr\/index.php\/infirmiere-a-lagarrigue\/\",\"url\":\"https:\/\/centre-sante-lagarrigue.fr\/index.php\/infirmiere-a-lagarrigue\/\",\"name\":\"Infirmi\u00e8res \u00e0 Lagarrigue - Centre de sant\u00e9 de Lagarrigue\",\"isPartOf\":{\"@id\":\"https:\/\/centre-sante-lagarrigue.fr\/#website\"},\"primaryImageOfPage\":{\"@id\":\"https:\/\/centre-sante-lagarrigue.fr\/index.php\/infirmiere-a-lagarrigue\/#primaryimage\"},\"image\":{\"@id\":\"https:\/\/centre-sante-lagarrigue.fr\/index.php\/infirmiere-a-lagarrigue\/#primaryimage\"},\"thumbnailUrl\":\"http:\/\/centre-sante-lagarrigue.fr\/wp-content\/uploads\/2025\/02\/Capture-decran_3-2-2025_171644_media.doctolib.com_-1-300x225.jpeg\",\"datePublished\":\"2025-02-04T15:58:17+00:00\",\"dateModified\":\"2025-03-18T10:17:30+00:00\",\"description\":\"Infirmi\u00e8re \u00e0 Lagarrigue, soins \u00e0 domicile et en cabinet : pansements, injections, prise de sang. Rendez-vous rapide et prise en charge s\u00e9curis\u00e9e.\",\"breadcrumb\":{\"@id\":\"https:\/\/centre-sante-lagarrigue.fr\/index.php\/infirmiere-a-lagarrigue\/#breadcrumb\"},\"inLanguage\":\"fr-FR\",\"potentialAction\":[{\"@type\":\"ReadAction\",\"target\":[\"https:\/\/centre-sante-lagarrigue.fr\/index.php\/infirmiere-a-lagarrigue\/\"]}]},{\"@type\":\"ImageObject\",\"inLanguage\":\"fr-FR\",\"@id\":\"https:\/\/centre-sante-lagarrigue.fr\/index.php\/infirmiere-a-lagarrigue\/#primaryimage\",\"url\":\"http:\/\/centre-sante-lagarrigue.fr\/wp-content\/uploads\/2025\/02\/Capture-decran_3-2-2025_171644_media.doctolib.com_-1-300x225.jpeg\",\"contentUrl\":\"http:\/\/centre-sante-lagarrigue.fr\/wp-content\/uploads\/2025\/02\/Capture-decran_3-2-2025_171644_media.doctolib.com_-1-300x225.jpeg\"},{\"@type\":\"BreadcrumbList\",\"@id\":\"https:\/\/centre-sante-lagarrigue.fr\/index.php\/infirmiere-a-lagarrigue\/#breadcrumb\",\"itemListElement\":[{\"@type\":\"ListItem\",\"position\":1,\"name\":\"Accueil\",\"item\":\"https:\/\/centre-sante-lagarrigue.fr\/\"},{\"@type\":\"ListItem\",\"position\":2,\"name\":\"Infirmi\u00e8res \u00e0 Lagarrigue\"}]},{\"@type\":\"WebSite\",\"@id\":\"https:\/\/centre-sante-lagarrigue.fr\/#website\",\"url\":\"https:\/\/centre-sante-lagarrigue.fr\/\",\"name\":\"Centre de sant\u00e9 de Lagarrigue\",\"description\":\"Tout savoir sur le centre de sant\u00e9 de Lagarrigue\",\"publisher\":{\"@id\":\"https:\/\/centre-sante-lagarrigue.fr\/#organization\"},\"potentialAction\":[{\"@type\":\"SearchAction\",\"target\":{\"@type\":\"EntryPoint\",\"urlTemplate\":\"https:\/\/centre-sante-lagarrigue.fr\/?s={search_term_string}\"},\"query-input\":{\"@type\":\"PropertyValueSpecification\",\"valueRequired\":true,\"valueName\":\"search_term_string\"}}],\"inLanguage\":\"fr-FR\"},{\"@type\":\"Organization\",\"@id\":\"https:\/\/centre-sante-lagarrigue.fr\/#organization\",\"name\":\"Centre de sant\u00e9 de Lagarrigue\",\"url\":\"https:\/\/centre-sante-lagarrigue.fr\/\",\"logo\":{\"@type\":\"ImageObject\",\"inLanguage\":\"fr-FR\",\"@id\":\"https:\/\/centre-sante-lagarrigue.fr\/#\/schema\/logo\/image\/\",\"url\":\"https:\/\/centre-sante-lagarrigue.fr\/wp-content\/uploads\/2025\/02\/LAGARRIGUE-1-3.png\",\"contentUrl\":\"https:\/\/centre-sante-lagarrigue.fr\/wp-content\/uploads\/2025\/02\/LAGARRIGUE-1-3.png\",\"width\":500,\"height\":500,\"caption\":\"Centre de sant\u00e9 de Lagarrigue\"},\"image\":{\"@id\":\"https:\/\/centre-sante-lagarrigue.fr\/#\/schema\/logo\/image\/\"}}]}<\/script>\n<!-- \/ Yoast SEO plugin. -->","yoast_head_json":{"title":"Infirmi\u00e8res \u00e0 Lagarrigue - Centre de sant\u00e9 de Lagarrigue","description":"Infirmi\u00e8re \u00e0 Lagarrigue, soins \u00e0 domicile et en cabinet : pansements, injections, prise de sang. Rendez-vous rapide et prise en charge s\u00e9curis\u00e9e.","robots":{"index":"index","follow":"follow","max-snippet":"max-snippet:-1","max-image-preview":"max-image-preview:large","max-video-preview":"max-video-preview:-1"},"canonical":"https:\/\/centre-sante-lagarrigue.fr\/index.php\/infirmiere-a-lagarrigue\/","og_locale":"fr_FR","og_type":"article","og_title":"Infirmi\u00e8res \u00e0 Lagarrigue - Centre de sant\u00e9 de Lagarrigue","og_description":"Infirmi\u00e8re \u00e0 Lagarrigue, soins \u00e0 domicile et en cabinet : pansements, injections, prise de sang. Rendez-vous rapide et prise en charge s\u00e9curis\u00e9e.","og_url":"https:\/\/centre-sante-lagarrigue.fr\/index.php\/infirmiere-a-lagarrigue\/","og_site_name":"Centre de sant\u00e9 de Lagarrigue","article_modified_time":"2025-03-18T10:17:30+00:00","og_image":[{"url":"http:\/\/centre-sante-lagarrigue.fr\/wp-content\/uploads\/2025\/02\/Capture-decran_3-2-2025_171644_media.doctolib.com_-1-300x225.jpeg","type":"","width":"","height":""}],"twitter_card":"summary_large_image","twitter_misc":{"Dur\u00e9e de lecture estim\u00e9e":"5 minutes"},"schema":{"@context":"https:\/\/schema.org","@graph":[{"@type":"WebPage","@id":"https:\/\/centre-sante-lagarrigue.fr\/index.php\/infirmiere-a-lagarrigue\/","url":"https:\/\/centre-sante-lagarrigue.fr\/index.php\/infirmiere-a-lagarrigue\/","name":"Infirmi\u00e8res \u00e0 Lagarrigue - Centre de sant\u00e9 de Lagarrigue","isPartOf":{"@id":"https:\/\/centre-sante-lagarrigue.fr\/#website"},"primaryImageOfPage":{"@id":"https:\/\/centre-sante-lagarrigue.fr\/index.php\/infirmiere-a-lagarrigue\/#primaryimage"},"image":{"@id":"https:\/\/centre-sante-lagarrigue.fr\/index.php\/infirmiere-a-lagarrigue\/#primaryimage"},"thumbnailUrl":"http:\/\/centre-sante-lagarrigue.fr\/wp-content\/uploads\/2025\/02\/Capture-decran_3-2-2025_171644_media.doctolib.com_-1-300x225.jpeg","datePublished":"2025-02-04T15:58:17+00:00","dateModified":"2025-03-18T10:17:30+00:00","description":"Infirmi\u00e8re \u00e0 Lagarrigue, soins \u00e0 domicile et en cabinet : pansements, injections, prise de sang. Rendez-vous rapide et prise en charge s\u00e9curis\u00e9e.","breadcrumb":{"@id":"https:\/\/centre-sante-lagarrigue.fr\/index.php\/infirmiere-a-lagarrigue\/#breadcrumb"},"inLanguage":"fr-FR","potentialAction":[{"@type":"ReadAction","target":["https:\/\/centre-sante-lagarrigue.fr\/index.php\/infirmiere-a-lagarrigue\/"]}]},{"@type":"ImageObject","inLanguage":"fr-FR","@id":"https:\/\/centre-sante-lagarrigue.fr\/index.php\/infirmiere-a-lagarrigue\/#primaryimage","url":"http:\/\/centre-sante-lagarrigue.fr\/wp-content\/uploads\/2025\/02\/Capture-decran_3-2-2025_171644_media.doctolib.com_-1-300x225.jpeg","contentUrl":"http:\/\/centre-sante-lagarrigue.fr\/wp-content\/uploads\/2025\/02\/Capture-decran_3-2-2025_171644_media.doctolib.com_-1-300x225.jpeg"},{"@type":"BreadcrumbList","@id":"https:\/\/centre-sante-lagarrigue.fr\/index.php\/infirmiere-a-lagarrigue\/#breadcrumb","itemListElement":[{"@type":"ListItem","position":1,"name":"Accueil","item":"https:\/\/centre-sante-lagarrigue.fr\/"},{"@type":"ListItem","position":2,"name":"Infirmi\u00e8res \u00e0 Lagarrigue"}]},{"@type":"WebSite","@id":"https:\/\/centre-sante-lagarrigue.fr\/#website","url":"https:\/\/centre-sante-lagarrigue.fr\/","name":"Centre de sant\u00e9 de Lagarrigue","description":"Tout savoir sur le centre de sant\u00e9 de Lagarrigue","publisher":{"@id":"https:\/\/centre-sante-lagarrigue.fr\/#organization"},"potentialAction":[{"@type":"SearchAction","target":{"@type":"EntryPoint","urlTemplate":"https:\/\/centre-sante-lagarrigue.fr\/?s={search_term_string}"},"query-input":{"@type":"PropertyValueSpecification","valueRequired":true,"valueName":"search_term_string"}}],"inLanguage":"fr-FR"},{"@type":"Organization","@id":"https:\/\/centre-sante-lagarrigue.fr\/#organization","name":"Centre de sant\u00e9 de Lagarrigue","url":"https:\/\/centre-sante-lagarrigue.fr\/","logo":{"@type":"ImageObject","inLanguage":"fr-FR","@id":"https:\/\/centre-sante-lagarrigue.fr\/#\/schema\/logo\/image\/","url":"https:\/\/centre-sante-lagarrigue.fr\/wp-content\/uploads\/2025\/02\/LAGARRIGUE-1-3.png","contentUrl":"https:\/\/centre-sante-lagarrigue.fr\/wp-content\/uploads\/2025\/02\/LAGARRIGUE-1-3.png","width":500,"height":500,"caption":"Centre de sant\u00e9 de Lagarrigue"},"image":{"@id":"https:\/\/centre-sante-lagarrigue.fr\/#\/schema\/logo\/image\/"}}]}},"_links":{"self":[{"href":"https:\/\/centre-sante-lagarrigue.fr\/index.php\/wp-json\/wp\/v2\/pages\/88","targetHints":{"allow":["GET"]}}],"collection":[{"href":"https:\/\/centre-sante-lagarrigue.fr\/index.php\/wp-json\/wp\/v2\/pages"}],"about":[{"href":"https:\/\/centre-sante-lagarrigue.fr\/index.php\/wp-json\/wp\/v2\/types\/page"}],"author":[{"embeddable":true,"href":"https:\/\/centre-sante-lagarrigue.fr\/index.php\/wp-json\/wp\/v2\/users\/1"}],"replies":[{"embeddable":true,"href":"https:\/\/centre-sante-lagarrigue.fr\/index.php\/wp-json\/wp\/v2\/comments?post=88"}],"version-history":[{"count":28,"href":"https:\/\/centre-sante-lagarrigue.fr\/index.php\/wp-json\/wp\/v2\/pages\/88\/revisions"}],"predecessor-version":[{"id":553,"href":"https:\/\/centre-sante-lagarrigue.fr\/index.php\/wp-json\/wp\/v2\/pages\/88\/revisions\/553"}],"wp:attachment":[{"href":"https:\/\/centre-sante-lagarrigue.fr\/index.php\/wp-json\/wp\/v2\/media?parent=88"}],"curies":[{"name":"wp","href":"https:\/\/api.w.org\/{rel}","templated":true}]}}